{"id":27236,"date":"2025-01-16T11:16:58","date_gmt":"2025-01-16T10:16:58","guid":{"rendered":"https:\/\/tienda.ismet.es\/?post_type=product&#038;p=27236"},"modified":"2026-03-05T09:25:34","modified_gmt":"2026-03-05T08:25:34","slug":"casos-clinicos-de-dolor-cronico-con-terapia-manual-e-integral-dr-jordi-sagrera","status":"publish","type":"product","link":"https:\/\/tienda.ismet.es\/index.php\/producto\/casos-clinicos-de-dolor-cronico-con-terapia-manual-e-integral-dr-jordi-sagrera\/","title":{"rendered":"&#8211; Taller pr\u00e1ctico de casos cl\u00ednicos de dolor cr\u00f3nico con terapia manual e integral, por el Dr. Jordi Sagrera"},"content":{"rendered":"[vc_row][vc_column][vc_video link=&#8221;&#8221;][vc_column_text]\n<div class=\"woocommerce-product-details__short-description\">\n<h4>Programa del Curso<\/h4>\n<ol>\n<li>Las dolencias que se trabajar\u00e1n en este taller son:\n<ul>\n<li>Trocanteritis femoral y bloqueo L4-L5<br \/>\nCaso pr\u00e1ctico con dolor de cadera en el que se explorar\u00e1n las estructuras m\u00fasculo tendinosas y articulares de la cadera, as\u00ed como tambi\u00e9n se mostrar\u00e1 una exploraci\u00f3n segmentaria vertebral para encontrar una disfunci\u00f3n a nivel del segmento L4-L5.<br \/>\nEl tratamiento se basa en la aplicaci\u00f3n en ambas zonas de t\u00e9cnicas para encontrar bandas tendinosas y tratarlas mediante las siguientes t\u00e9cnicas:<br \/>\nT\u00e9cnica de Arrastre<br \/>\nT\u00e9cnicas des fibrosantes<br \/>\nQuiromasaje<br \/>\nVentosas<br \/>\nEstiramientos post isom\u00e9tricos<br \/>\nT\u00e9cnicas de Energ\u00eda muscular<br \/>\nMasaje en estiramiento de los m\u00fasculos relacionados como Psoas, Isquios, gl\u00fateos, tensor de la fascia lata<br \/>\nT\u00e9cnicas de movilizaciones articulares como Mitchell, para corregir la disfunci\u00f3n segmentaria vertebral.<\/li>\n<li>Patolog\u00eda Tendinosa del supraespinoso<br \/>\nEsta patolog\u00eda es la causa m\u00e1s frecuente del dolor de hombro tanto agudo como cr\u00f3nico, en pacientes j\u00f3venes y de edad avanzada.<br \/>\nMediante una sistem\u00e1tica exploraci\u00f3n de la movilidad y el test contra resistencia y palpaci\u00f3n, localizaremos el m\u00fasculo supraespinoso y aplicaremos seg\u00fan sea un estado agudo como cr\u00f3nico, t\u00e9cnicas de masaje, arrastre, movilizaciones, t\u00e9cnica Jones, estiramientos espec\u00edficos, masaje en estiramiento y exploraremos la regi\u00f3n cervical por su relaci\u00f3n segmentaria.<\/li>\n<li>S\u00edndrome del Piramidal<br \/>\nLa llamada falsa ci\u00e1tica no es m\u00e1s que la contractura dolorosa del m\u00fasculo piriforme que nos dar\u00e1 un dolor muy parecido al de una ciatalgia.<br \/>\nUna exploraci\u00f3n correcta nos har\u00e1 conocer este problema y poder aplicar el tratamiento correcto sin descartar la exploraci\u00f3n segmentaria donde suele existir una disfunci\u00f3n L5-S1.<br \/>\nEl tratamiento en ambas zonas con las t\u00e9cnicas Mitchell en lumbares, presi\u00f3n directa piramidal y estiramientos postisom\u00e9tricos ser\u00e1 el enfoque que utilizaremos para trabajar esta patolog\u00eda.<\/li>\n<li>C\u00f3mo reducir la ansiedad en cabina<br \/>\nCualquier patolog\u00eda musculoesquel\u00e9tica puede deberse o ser un factor predominante el nivel de ansiedad, as\u00ed como los pacientes que, medic\u00e1ndose por ella, acuden para que les ayudemos.<br \/>\nEn la exploraci\u00f3n de la respiraci\u00f3n lumbodorsal sabremos el grado de contractura del diafragma y podremos aplicar su correspondiente estiramiento transversal.<br \/>\nTambi\u00e9n aplicaremos maniobras directas para reducir la ansiedad, sus s\u00edntomas de opresi\u00f3n y t\u00e9cnicas fasciales directas. Complementaremos con una orientaci\u00f3n herbodiet\u00e9tica en estos casos.<br \/>\nFinalizaremos con informaci\u00f3n complementaria sobre aceites esenciales recomendados para el trabajo en cabina.<\/li>\n<\/ul>\n<\/li>\n<\/ol>\n<hr \/>\n<p><!--\n\n\n<h4>Impartido por: Jordi Sagrera Ferr\u00e1ndiz.<\/h4>\n\n\nLic. Medicina y cirug\u00eda UB 1973. Acreditado como m\u00e9dico naturista en el colegio de m\u00e9dicos de Barcelona (2005). Magister en Medicina Manual y Osteopat\u00eda en la Univ. Complutense de Madrid. Especializado en Terapias Manuales: Masaje y Osteopat\u00eda. Profesor externo en la Univ. Barcelona, Complutense de Madrid y La Cat\u00f3lica de Montevideo. Miembro de Semooym (sociedad espa\u00f1ola de Medicina Ortop\u00e9dica y manual). Asesor m\u00e9dico de RBA editores y autor de diversos libros. Profesor en cursos de pre y postgrado en distintas Universidades. Asesor m\u00e9dico ISMET en la elaboraci\u00f3n e impartici\u00f3n en distintos cursos.--><\/p>\n[\/vc_column_text][\/vc_column][\/vc_row]\n<\/div>\n","protected":false},"excerpt":{"rendered":"<p>Modalidad presencial. <span style=\"color: #7f7dd1;\" data-darkreader-inline-color=\"\"><strong><br \/>\nProgramando Fechas<br \/>\n<\/strong><\/span><\/p>\n<hr \/>\n<p>Precio: 130\u20ac. Reserva: 60\u20ac (a abonar en el momento de formalizar tu inscripci\u00f3n) + 80\u20ac, a abonar el d\u00eda del curso, en efectivo o tarjeta. Plazas limitadas. Reservar con antelaci\u00f3n.<\/p>\n<hr \/>\n<p>&#8230;(<a href=\"#tab-description\">Ver m\u00e1s informaci\u00f3n<\/a>)<\/p>\n","protected":false},"featured_media":27246,"comment_status":"open","ping_status":"closed","template":"","meta":{"_joinchat":[]},"product_brand":[],"product_cat":[617,89,98,179],"product_tag":[917,606,436,236,918,518,919,607,469],"class_list":{"0":"post-27236","1":"product","2":"type-product","3":"status-publish","4":"has-post-thumbnail","6":"product_cat-imagenes-profesores","7":"product_cat-terapias-manuales","8":"product_cat-cursos","9":"product_cat-cursos-presenciales","10":"product_tag-casos-clinicos","11":"product_tag-cronica","12":"product_tag-dolor","13":"product_tag-dr-sagrera","14":"product_tag-integral","15":"product_tag-lumbalgia","16":"product_tag-manual","17":"product_tag-pseudociatica","18":"product_tag-tratamiento-manual","19":"pa_ediciones-edicion-diciembre","20":"pa_ediciones-edicion-enero","21":"pa_ediciones-edicion-febrero","22":"pa_ediciones-edicion-marzo","23":"pa_ediciones-edicion-abril","24":"pa_ediciones-edicion-mayo","25":"pa_ediciones-edicion-junio","26":"pa_ediciones-edicion-julio","27":"pa_ediciones-edicion-septiembre","28":"pa_ediciones-edicion-octubre","29":"pa_ediciones-edicion-noviembre","30":"pa_modalidad-online","32":"first","33":"outofstock","34":"purchasable","35":"product-type-simple"},"_links":{"self":[{"href":"https:\/\/tienda.ismet.es\/index.php\/wp-json\/wp\/v2\/product\/27236","targetHints":{"allow":["GET"]}}],"collection":[{"href":"https:\/\/tienda.ismet.es\/index.php\/wp-json\/wp\/v2\/product"}],"about":[{"href":"https:\/\/tienda.ismet.es\/index.php\/wp-json\/wp\/v2\/types\/product"}],"replies":[{"embeddable":true,"href":"https:\/\/tienda.ismet.es\/index.php\/wp-json\/wp\/v2\/comments?post=27236"}],"wp:featuredmedia":[{"embeddable":true,"href":"https:\/\/tienda.ismet.es\/index.php\/wp-json\/wp\/v2\/media\/27246"}],"wp:attachment":[{"href":"https:\/\/tienda.ismet.es\/index.php\/wp-json\/wp\/v2\/media?parent=27236"}],"wp:term":[{"taxonomy":"product_brand","embeddable":true,"href":"https:\/\/tienda.ismet.es\/index.php\/wp-json\/wp\/v2\/product_brand?post=27236"},{"taxonomy":"product_cat","embeddable":true,"href":"https:\/\/tienda.ismet.es\/index.php\/wp-json\/wp\/v2\/product_cat?post=27236"},{"taxonomy":"product_tag","embeddable":true,"href":"https:\/\/tienda.ismet.es\/index.php\/wp-json\/wp\/v2\/product_tag?post=27236"}],"curies":[{"name":"wp","href":"https:\/\/api.w.org\/{rel}","templated":true}]}}