{"id":26862,"date":"2024-12-13T10:35:51","date_gmt":"2024-12-13T09:35:51","guid":{"rendered":"https:\/\/tienda.ismet.es\/?post_type=product&#038;p=26862"},"modified":"2026-02-13T14:28:36","modified_gmt":"2026-02-13T13:28:36","slug":"estrenimiento-con-reflexologia-podal-y-facial","status":"publish","type":"product","link":"https:\/\/tienda.ismet.es\/index.php\/producto\/estrenimiento-con-reflexologia-podal-y-facial\/","title":{"rendered":"&#8211; Mejora el estre\u00f1imiento con reflexolog\u00eda podal y facial"},"content":{"rendered":"[vc_row][vc_column][vc_video link=&#8221;https:\/\/youtu.be\/fa5kmG598kY&#8221;][vc_column_text]\n<hr \/>\n<h4>Objetivos<\/h4>\n<hr \/>\n<ol>\n<li>Aprender de una forma sencilla como aliviar los s\u00edntomas, las sensaciones podal y facialf\u00edsicas que provoca el estre\u00f1imiento.<\/li>\n<li>Proporcionar a la persona una sensaci\u00f3n de bienestar al notar como se moviliza el intestino.<\/li>\n<li>Aprender a relajar la tensi\u00f3n abdominal.<\/li>\n<li>Conocer c\u00f3mo funciona la reflexolog\u00eda podal y la facial referente al estre\u00f1imiento.<\/li>\n<li>Aprender a usar el kinesiotape de manera adecuado para estos casos.<\/li>\n<\/ol>\n<hr \/>\n<p><!--\n\n\n<h4>Impartido por:<\/h4>\n\n\n<strong>Montse Garc\u00eda<\/strong>\nNatur\u00f3pata, Quiromasajista. Experta en reflexoterapia podal y masaje deportivo. Facioterapeuta, formadora certificada en Facioterapia-Dien Chan por el Profesor Dr. B\u00f9i Qu\u00f4c Ch\u00e2u en Espa\u00f1a (2004) y en Ho Chi Minh, en Vietnam (2006 y 2009). Coordinadora de masajistas deportivos en Competiciones de \u00e1mbito nacional e internacional. Premio \u201cSta. \u00c1gueda 2008\u201d, por su dedicaci\u00f3n y trayectoria en el mundo del deporte--><\/p>\n[\/vc_column_text][\/vc_column][\/vc_row]\n","protected":false},"excerpt":{"rendered":"<p>Modalidad presencial. <span style=\"color: #7f7dd1;\"><strong><br \/>\nProgramando fechas<\/strong><\/span><\/p>\n<hr \/>\n<p>Precio Total: 125\u20ac. Reserva de plaza de 60\u20ac. El importe restante (65\u20ac), se abonar\u00e1 en efectivo o tarjeta.<\/p>\n<hr \/>\n<p>(<a href=\"#tab-description\">Ver m\u00e1s informaci\u00f3n<\/a>)<\/p>\n","protected":false},"featured_media":26863,"comment_status":"open","ping_status":"closed","template":"","meta":{"_joinchat":[]},"product_brand":[],"product_cat":[617,89,98,179],"product_tag":[578,365,220,914,385,913,368],"class_list":{"0":"post-26862","1":"product","2":"type-product","3":"status-publish","4":"has-post-thumbnail","6":"product_cat-imagenes-profesores","7":"product_cat-terapias-manuales","8":"product_cat-cursos","9":"product_cat-cursos-presenciales","10":"product_tag-estrenimiento","11":"product_tag-facial","12":"product_tag-montse-garcia","13":"product_tag-podal","14":"product_tag-reflexo","15":"product_tag-reflexologia","16":"product_tag-terapias-manuales","17":"pa_ediciones-edicion-julio","18":"pa_ediciones-edicion-septiembre","20":"first","21":"outofstock","22":"purchasable","23":"product-type-simple"},"_links":{"self":[{"href":"https:\/\/tienda.ismet.es\/index.php\/wp-json\/wp\/v2\/product\/26862","targetHints":{"allow":["GET"]}}],"collection":[{"href":"https:\/\/tienda.ismet.es\/index.php\/wp-json\/wp\/v2\/product"}],"about":[{"href":"https:\/\/tienda.ismet.es\/index.php\/wp-json\/wp\/v2\/types\/product"}],"replies":[{"embeddable":true,"href":"https:\/\/tienda.ismet.es\/index.php\/wp-json\/wp\/v2\/comments?post=26862"}],"wp:featuredmedia":[{"embeddable":true,"href":"https:\/\/tienda.ismet.es\/index.php\/wp-json\/wp\/v2\/media\/26863"}],"wp:attachment":[{"href":"https:\/\/tienda.ismet.es\/index.php\/wp-json\/wp\/v2\/media?parent=26862"}],"wp:term":[{"taxonomy":"product_brand","embeddable":true,"href":"https:\/\/tienda.ismet.es\/index.php\/wp-json\/wp\/v2\/product_brand?post=26862"},{"taxonomy":"product_cat","embeddable":true,"href":"https:\/\/tienda.ismet.es\/index.php\/wp-json\/wp\/v2\/product_cat?post=26862"},{"taxonomy":"product_tag","embeddable":true,"href":"https:\/\/tienda.ismet.es\/index.php\/wp-json\/wp\/v2\/product_tag?post=26862"}],"curies":[{"name":"wp","href":"https:\/\/api.w.org\/{rel}","templated":true}]}}