{"id":23984,"date":"2024-07-03T14:27:36","date_gmt":"2024-07-03T13:27:36","guid":{"rendered":"https:\/\/tienda.ismet.es\/?post_type=product&#038;p=23984"},"modified":"2025-11-21T11:17:06","modified_gmt":"2025-11-21T10:17:06","slug":"suplementos-y-nutricion-integrativa-en-envejecimiento-anti-aging-geriatria","status":"publish","type":"product","link":"https:\/\/tienda.ismet.es\/index.php\/producto\/suplementos-y-nutricion-integrativa-en-envejecimiento-anti-aging-geriatria\/","title":{"rendered":"&#8211; Suplementos y nutrici\u00f3n integrativa en envejecimiento, anti-aging \/ geriatr\u00eda"},"content":{"rendered":"[vc_row][vc_column][vc_video link=&#8221;https:\/\/youtu.be\/FuiWSh45mxM&#8221;][vc_column_text]\n<div class=\"woocommerce-product-details__short-description\">\n<hr \/>\n<h4>Objetivos<\/h4>\n<p>\u00bfSab\u00edas que seg\u00fan un estudio realizado por un equipo multidisciplinar de cient\u00edficos en Singapur a trav\u00e9s de IA se ha determinado que el l\u00edmite actual de longevidad ser\u00eda de unos 150 a\u00f1os?.<br \/>\nPor eso hace unas d\u00e9cadas surgi\u00f3 el Anti-aging o Anti-envejecimiento una terap\u00e9utica eminentemente preventiva que pretende dotar de una calidad de vida \u00f3ptima a las personas que entran en lo que conocemos como la Tercera Edad.<br \/>\nHemos trasladado a nuestra propuesta formativa las Dietas y los Suplementos nutricionales m\u00e1s efectivos para nutrir y proteger los tres sistemas m\u00e1s amenazados en el anciano: el sistema cardiovascular, los problemas neurodegenerativos y la inmunodepresi\u00f3n.<br \/>\nEl alumnado ser\u00e1 capaz, al finalizar esta formaci\u00f3n, de distinguir los principales escenarios terap\u00e9uticos (cardiovascular, nervioso e inmunol\u00f3gico) y de preparar las recomendaciones nutricionales y de suplementos m\u00e1s exitosos para la prevenci\u00f3n y en su caso del acompa\u00f1amiento a las patolog\u00edas que se detallan en el Programa<\/p>\n<\/div>\n<hr \/>\n<p><!--\n\n\n<h4>Impartido por: Enric Ser<\/h4>\n\n\nDiplomado en Terapias Naturales (Universidad Aut\u00f3noma de Barcelona y por el Real centro Universitario Reina M\u00aa Cristina de Madrid). Dr. in Naturopathy por la American University of Natural Medic (Florida\/EUA). T\u00e9cnica Higienista por Nature et Vie (Lorient-France). Profesor titular del \u00e1rea de Terapia Ortomolecular en ISMET. Profesor colaborador en diversos cursos Posgrado de la Escuela Universitaria de Ciencias de la Salud de Vic (Barcelona) y de la Escuela de Enfermer\u00eda Gimbernat (Sant Cugat-Barcelona). Autor de diversos libros ya publicados de Terapia Biol\u00f3gica e Historia de la Medicina y ex-colaborador de distintas publicaciones del sector (Cuerpomente, Vital, Vivir con salud, Diet\u00e9tica y salud). Premio Nacional de Investigaci\u00f3n Educativa del Ministerio de Educaci\u00f3n y Ciencia.-->[\/vc_column_text][\/vc_column][\/vc_row]\n","protected":false},"excerpt":{"rendered":"<p>Modalidad online, en directo por Teams.<span style=\"color: #7f7dd1;\" data-darkreader-inline-color=\"\"><strong><br \/>\nlos viernes 3, 10 y 17 de octubre de 2025. De 9:30 a 13:30 h. <\/strong><\/span><\/p>\n<hr \/>\n<p>(Unos d\u00edas antes del inicio del curso, se enviar\u00e1n las instrucciones y enlace para acceder al curso y poder descargar material did\u00e1ctico, el cual es recomendable tener impreso durante la sesi\u00f3n. El curso se realizar\u00e1 en directo por plataforma TEAMS, en las fechas y horarios establecidos, y tambi\u00e9n se podr\u00e1 visualizar, en diferido, hasta el 31 de octubre de 2025).<\/p>\n<hr \/>\n<p>(<a href=\"#tab-description\">Ver m\u00e1s informaci\u00f3n<\/a>)<\/p>\n","protected":false},"featured_media":23990,"comment_status":"open","ping_status":"closed","template":"","meta":{"_joinchat":[]},"product_brand":[],"product_cat":[617,82,184,98,180,227],"product_tag":[315,884,219,883,885,328,796,705,575],"class_list":{"0":"post-23984","1":"product","2":"type-product","3":"status-publish","4":"has-post-thumbnail","6":"product_cat-imagenes-profesores","7":"product_cat-naturopatia","8":"product_cat-alimentacion-saludable","9":"product_cat-cursos","10":"product_cat-online","11":"product_cat-presencial-octubre","12":"product_tag-alimentacion-saludable","13":"product_tag-anti-aging","14":"product_tag-enric-ser","15":"product_tag-envejecimiento","16":"product_tag-geriatria","17":"product_tag-nutricion","18":"product_tag-nutricion-integrativa","19":"product_tag-ortomolecular","20":"product_tag-suplementos","21":"pa_ediciones-edicion-diciembre","22":"pa_ediciones-edicion-enero","23":"pa_ediciones-edicion-febrero","24":"pa_ediciones-edicion-marzo","25":"pa_ediciones-edicion-abril","26":"pa_ediciones-edicion-mayo","27":"pa_ediciones-edicion-junio","28":"pa_ediciones-edicion-julio","29":"pa_ediciones-edicion-septiembre","30":"pa_ediciones-edicion-octubre","31":"pa_ediciones-edicion-noviembre","33":"first","34":"instock","35":"purchasable","36":"product-type-simple"},"_links":{"self":[{"href":"https:\/\/tienda.ismet.es\/index.php\/wp-json\/wp\/v2\/product\/23984","targetHints":{"allow":["GET"]}}],"collection":[{"href":"https:\/\/tienda.ismet.es\/index.php\/wp-json\/wp\/v2\/product"}],"about":[{"href":"https:\/\/tienda.ismet.es\/index.php\/wp-json\/wp\/v2\/types\/product"}],"replies":[{"embeddable":true,"href":"https:\/\/tienda.ismet.es\/index.php\/wp-json\/wp\/v2\/comments?post=23984"}],"wp:featuredmedia":[{"embeddable":true,"href":"https:\/\/tienda.ismet.es\/index.php\/wp-json\/wp\/v2\/media\/23990"}],"wp:attachment":[{"href":"https:\/\/tienda.ismet.es\/index.php\/wp-json\/wp\/v2\/media?parent=23984"}],"wp:term":[{"taxonomy":"product_brand","embeddable":true,"href":"https:\/\/tienda.ismet.es\/index.php\/wp-json\/wp\/v2\/product_brand?post=23984"},{"taxonomy":"product_cat","embeddable":true,"href":"https:\/\/tienda.ismet.es\/index.php\/wp-json\/wp\/v2\/product_cat?post=23984"},{"taxonomy":"product_tag","embeddable":true,"href":"https:\/\/tienda.ismet.es\/index.php\/wp-json\/wp\/v2\/product_tag?post=23984"}],"curies":[{"name":"wp","href":"https:\/\/api.w.org\/{rel}","templated":true}]}}