{"id":23723,"date":"2024-06-21T11:43:27","date_gmt":"2024-06-21T10:43:27","guid":{"rendered":"https:\/\/tienda.ismet.es\/?post_type=product&#038;p=23723"},"modified":"2026-03-11T10:33:07","modified_gmt":"2026-03-11T09:33:07","slug":"tecnicas-de-energia-muscular-en-patologias-musculoesqueleticas-online-por-el-dr-sagrera","status":"publish","type":"product","link":"https:\/\/tienda.ismet.es\/index.php\/producto\/tecnicas-de-energia-muscular-en-patologias-musculoesqueleticas-online-por-el-dr-sagrera\/","title":{"rendered":"&#8211; T\u00e9cnicas de energ\u00eda muscular en patolog\u00edas musculoesquel\u00e9ticas, por el Dr. Sagrera  (online)"},"content":{"rendered":"[vc_row][vc_column][vc_video link=&#8221;https:\/\/youtu.be\/rywIRtMmxCg&#8221;][vc_column_text]\n<hr \/>\n<div class=\"woocommerce-product-details__short-description\">\n<h4>Programa<\/h4>\n<blockquote>\n<ol class=\"cursos\">\n<li style=\"list-style-type: none;\">\n<ol class=\"cursos\">\n<li>El objetivo del curso es obtener el aprendizaje de tres t\u00e9cnicas de energ\u00eda muscular, como parte del tratamiento en distintas regiones anat\u00f3micas, con patolog\u00edas concretas, sean agudas o cr\u00f3nicas. Concepto de t\u00e9cnicas de energ\u00eda muscular. Fisiolog\u00eda y efecto de cada una de ellas.<\/li>\n<li>RELAJACI\u00d3N POSTISOM\u00c9TRICA DE LEWIT<br \/>\nConcepto, t\u00e9cnica y efecto fisiol\u00f3gico<br \/>\nIndicaciones<br \/>\nAplicaci\u00f3n pr\u00e1ctica en patolog\u00edas agudas:<br \/>\nCervicales: contracturas, pinzamientos, artrosis, discopat\u00edas.<br \/>\nHombro: tendinopat\u00edas, bursitis<br \/>\nLumbares: Lumbalgias agudas de tipo muscular o articular, lumbalgia en embarazo<br \/>\nCadera : Coxartrosis,sacroilitis<br \/>\nRodilla: Condropat\u00eda rotuliana,tend. Pata de ganso<br \/>\nTobillo: esguince agudo<\/li>\n<li>ESTIRAMIENTO POSTISOM\u00c9TRICO<br \/>\nConcepto y efecto fisiol\u00f3gico<br \/>\nIndicaciones principales: acortamientos musculares y patolog\u00edas en fase cr\u00f3nica<br \/>\nAplicaci\u00f3n pr\u00e1ctica en cervicales,hombro,dorsales,cadera,y extremidades en los m\u00fasculos principales<\/li>\n<li>&gt;T\u00c9CNICA MITCHELL<br \/>\nConcepto, t\u00e9cnica y efecto fisiol\u00f3gico<br \/>\nIndicaciones principales: Patolog\u00edas con afectaci\u00f3n articular<br \/>\nAplicaci\u00f3n pr\u00e1ctica en patolog\u00edas:<br \/>\nCervicales: rotaci\u00f3n<br \/>\nBruxismo: maseteros y ATM<br \/>\nDorsalgias escapulares<br \/>\nDorsalgias T11- L2<br \/>\nLumbalgias L3-L5<br \/>\nSacroilitis<br \/>\nTendinopat\u00eda rotuliana<br \/>\nPeriostitis<br \/>\nAstr\u00e1galo impactado<\/li>\n<\/ol>\n<\/li>\n<\/ol>\n<\/blockquote>\n<p><!--\n\n\n<h4>Impartido por: Jordi Sagrera Ferr\u00e1ndiz<\/h4>\n\n\nLic. Medicina y cirug\u00eda UB 1973. Acreditado como m\u00e9dico naturista en el colegio de m\u00e9dicos de Barcelona (2005). Magisterio en Medicina Manual y Osteopat\u00eda en la Univ. Complutense de Madrid. Especializado en Terapias Manuales: Masaje y Osteopat\u00eda. Profesor externo en la Univ. Barcelona, Complutense de Madrid y La Cat\u00f3lica de Montevideo. Miembro de Semooym (sociedad espa\u00f1ola de Medicina Ortop\u00e9dica y manual). Asesor m\u00e9dico de RBA editores y autor de diversos libros. Profesor en cursos de pre y postgrado en distintas Universidades. Asesor m\u00e9dico ISMET en la elaboraci\u00f3n e impartici\u00f3n en distintos cursos. -->[\/vc_column_text][\/vc_column][\/vc_row]\n<\/div>\n","protected":false},"excerpt":{"rendered":"<p>Modalidad online.<span style=\"color: #7f7dd1;\" data-darkreader-inline-color=\"\"><b><br \/>\n\u2022 Del 2 al 31 de marzo 2026.<br \/>\n\u2022 Del 1 al 30 de abril 2026.<br \/>\n\u2022 Del 4 al 31 de mayo 2026.<br \/>\n\u2022 Del 1 al 30 de junio 2026.<br \/>\n\u2022 Del 1 al 30 de julio 2026.<\/b><\/span><\/p>\n<p>&nbsp;<\/p>\n<hr \/>\n<p>&#8230;(<a href=\"#tab-description\">Ver m\u00e1s informaci\u00f3n<\/a>)<\/p>\n","protected":false},"featured_media":24862,"comment_status":"open","ping_status":"closed","template":"","meta":{"_joinchat":[]},"product_brand":[],"product_cat":[223,617,89,98,180,201,205,202,203,204],"product_tag":[436,682,236,868,189,869,867,469],"class_list":{"0":"post-23723","1":"product","2":"type-product","3":"status-publish","4":"has-post-thumbnail","6":"product_cat-black-friday","7":"product_cat-imagenes-profesores","8":"product_cat-terapias-manuales","9":"product_cat-cursos","10":"product_cat-online","11":"product_cat-online-marzo","12":"product_cat-online-abril","13":"product_cat-online-mayo","14":"product_cat-online-junio","15":"product_cat-online-julio","16":"product_tag-dolor","17":"product_tag-dorsalgias","18":"product_tag-dr-sagrera","19":"product_tag-energia-muscular","20":"product_tag-online","21":"product_tag-patologias-musculoesqueleticas","22":"product_tag-tecnicas-de-energia","23":"product_tag-tratamiento-manual","24":"pa_ediciones-edicion-diciembre","25":"pa_ediciones-edicion-enero","26":"pa_ediciones-edicion-febrero","27":"pa_ediciones-edicion-marzo","28":"pa_ediciones-edicion-abril","29":"pa_ediciones-edicion-mayo","30":"pa_ediciones-edicion-junio","31":"pa_ediciones-edicion-julio","33":"first","34":"instock","35":"purchasable","36":"product-type-variable"},"_links":{"self":[{"href":"https:\/\/tienda.ismet.es\/index.php\/wp-json\/wp\/v2\/product\/23723","targetHints":{"allow":["GET"]}}],"collection":[{"href":"https:\/\/tienda.ismet.es\/index.php\/wp-json\/wp\/v2\/product"}],"about":[{"href":"https:\/\/tienda.ismet.es\/index.php\/wp-json\/wp\/v2\/types\/product"}],"replies":[{"embeddable":true,"href":"https:\/\/tienda.ismet.es\/index.php\/wp-json\/wp\/v2\/comments?post=23723"}],"wp:featuredmedia":[{"embeddable":true,"href":"https:\/\/tienda.ismet.es\/index.php\/wp-json\/wp\/v2\/media\/24862"}],"wp:attachment":[{"href":"https:\/\/tienda.ismet.es\/index.php\/wp-json\/wp\/v2\/media?parent=23723"}],"wp:term":[{"taxonomy":"product_brand","embeddable":true,"href":"https:\/\/tienda.ismet.es\/index.php\/wp-json\/wp\/v2\/product_brand?post=23723"},{"taxonomy":"product_cat","embeddable":true,"href":"https:\/\/tienda.ismet.es\/index.php\/wp-json\/wp\/v2\/product_cat?post=23723"},{"taxonomy":"product_tag","embeddable":true,"href":"https:\/\/tienda.ismet.es\/index.php\/wp-json\/wp\/v2\/product_tag?post=23723"}],"curies":[{"name":"wp","href":"https:\/\/api.w.org\/{rel}","templated":true}]}}