{"id":23611,"date":"2024-06-17T09:06:14","date_gmt":"2024-06-17T08:06:14","guid":{"rendered":"https:\/\/tienda.ismet.es\/?post_type=product&#038;p=23611"},"modified":"2025-04-23T09:19:55","modified_gmt":"2025-04-23T08:19:55","slug":"shiatsu-terapeutico","status":"publish","type":"product","link":"https:\/\/tienda.ismet.es\/index.php\/producto\/shiatsu-terapeutico\/","title":{"rendered":"&#8211; Shiatsu terap\u00e9utico"},"content":{"rendered":"[vc_row][vc_column][vc_video link=&#8221;https:\/\/youtu.be\/JE_TeRt6nTU?si=1A0lOA_iKZpqKEGD&#8221;][vc_column_text]\n<div class=\"woocommerce-product-details__short-description\">\n<hr \/>\n<p>\u00bfQU\u00c9 ES SHIATSU?<br \/>\nShiatsu es una terapia manual de origen japon\u00e9s que utiliza los pulgares y las palmas de las manos para aplicar presiones sobre determinadas l\u00edneas de puntos en el cuerpo. Promueve la salud de m\u00fasculos, \u00f3rganos y activa la capacidad de autocuraci\u00f3n del organismo.<br \/>\nNO tiene efectos secundarios.<\/p>\n<p>En este curso los pilares fundamentales son:<br \/>\n.La postura del terapeuta.<br \/>\n.La colocaci\u00f3n de los dedos y las manos.<br \/>\n.Las l\u00edneas anat\u00f3micas de shiatsu.<br \/>\n.El centro desde donde trabaja el terapeuta.<br \/>\nEstas son las bases maestras del curso y de la terapia shiatsu, siendo estos 4 puntos necesarios e imprescindibles para desarrollar una correcta terapia Shiatsu. En las terapias japonesas el m\u00e9todo es fundamental. Por otro lado, la ense\u00f1anza tradicional de shiatsu muestra las l\u00edneas de puntos como base del mapa anat\u00f3mico, pero si profundizamos nuestra mirada del cuerpo estas l\u00edneas de shiatsu se relacionan profundamente con las v\u00edas anat\u00f3micas miofasciales o dicho de otro modo con las cadenas musculares, si combinamos ambas visiones obtenemos mejores resultados en nuestros tratamientos.<\/p>\n<hr \/>\n<p><!--\n\n\n<h4>Impartido por: Miguel L\u00f3pez Alarc\u00f3n<\/h4>\n\n\nShiatsu terapeuta y t\u00e9cnicas japonesas-Diplomado en MTCH (Acupuntura) y terapias tradicionales chinas. D.A.P de COFENAT. Formaci\u00f3n complementaria en Quiropr\u00e1ctica, Kinesiolog\u00eda y Oligoterapia.--><\/p>\n[\/vc_column_text][\/vc_column][\/vc_row]\n<\/div>\n","protected":false},"excerpt":{"rendered":"<p>Modalidad presencial. <span style=\"color: #7f7dd1;\" data-darkreader-inline-color=\"\"><br \/>\n<strong>Planificando fechas.<\/strong><\/span><\/p>\n<hr \/>\n<p>Precio total: 1.380\u20ac. Se abonar\u00e1n 50\u20ac de reserva de plaza, y el resto, en 7 pagos de 190\u20ac, por domiciliaci\u00f3n bancaria.<br \/>\nShiatsu es una terapia manual de origen japon\u00e9s que utiliza los pulgares y las palmas de las manos para aplicar presiones&#8230; (<a href=\"#tab-description\">Ver m\u00e1s informaci\u00f3n<\/a>)<\/p>\n","protected":false},"featured_media":23614,"comment_status":"open","ping_status":"closed","template":"","meta":{"_joinchat":[]},"product_brand":[],"product_cat":[617,90,89,98,179],"product_tag":[357,239,440,534,535,446,519],"class_list":{"0":"post-23611","1":"product","2":"type-product","3":"status-publish","4":"has-post-thumbnail","6":"product_cat-imagenes-profesores","7":"product_cat-medicina-china-y-acupuntura","8":"product_cat-terapias-manuales","9":"product_cat-cursos","10":"product_cat-cursos-presenciales","11":"product_tag-masaje","12":"product_tag-miguel-lopez","13":"product_tag-shiatsu","14":"product_tag-shiatsu-en-silla","15":"product_tag-silla","16":"product_tag-tecnicas-japonesas","17":"product_tag-terapia-manual","18":"pa_ediciones-edicion-enero","19":"pa_ediciones-edicion-noviembre","21":"first","22":"instock","23":"purchasable","24":"product-type-variable"},"_links":{"self":[{"href":"https:\/\/tienda.ismet.es\/index.php\/wp-json\/wp\/v2\/product\/23611","targetHints":{"allow":["GET"]}}],"collection":[{"href":"https:\/\/tienda.ismet.es\/index.php\/wp-json\/wp\/v2\/product"}],"about":[{"href":"https:\/\/tienda.ismet.es\/index.php\/wp-json\/wp\/v2\/types\/product"}],"replies":[{"embeddable":true,"href":"https:\/\/tienda.ismet.es\/index.php\/wp-json\/wp\/v2\/comments?post=23611"}],"wp:featuredmedia":[{"embeddable":true,"href":"https:\/\/tienda.ismet.es\/index.php\/wp-json\/wp\/v2\/media\/23614"}],"wp:attachment":[{"href":"https:\/\/tienda.ismet.es\/index.php\/wp-json\/wp\/v2\/media?parent=23611"}],"wp:term":[{"taxonomy":"product_brand","embeddable":true,"href":"https:\/\/tienda.ismet.es\/index.php\/wp-json\/wp\/v2\/product_brand?post=23611"},{"taxonomy":"product_cat","embeddable":true,"href":"https:\/\/tienda.ismet.es\/index.php\/wp-json\/wp\/v2\/product_cat?post=23611"},{"taxonomy":"product_tag","embeddable":true,"href":"https:\/\/tienda.ismet.es\/index.php\/wp-json\/wp\/v2\/product_tag?post=23611"}],"curies":[{"name":"wp","href":"https:\/\/api.w.org\/{rel}","templated":true}]}}