{"id":23540,"date":"2024-06-12T10:01:44","date_gmt":"2024-06-12T09:01:44","guid":{"rendered":"https:\/\/tienda.ismet.es\/?post_type=product&#038;p=23540"},"modified":"2025-07-15T09:18:39","modified_gmt":"2025-07-15T08:18:39","slug":"diagnostico-y-abordaje-terapeutico-del-deportista","status":"publish","type":"product","link":"https:\/\/tienda.ismet.es\/index.php\/producto\/diagnostico-y-abordaje-terapeutico-del-deportista\/","title":{"rendered":"&#8211; Diagn\u00f3stico y abordaje terap\u00e9utico de la lesi\u00f3n deportiva, de la lesi\u00f3n al rendimiento deportivo m\u00e1ximo"},"content":{"rendered":"[vc_row][vc_column][vc_video link=&#8221;https:\/\/youtu.be\/arznNqIyBHU&#8221;][vc_column_text]\n<hr \/>\n<p>Este es un curso que permite al alumno asistente conocer las causas de las lesiones deportivas, por lo que sabr\u00e1 hacer un trabajo preventivo en sus clientes deportistas. As\u00ed mismo, el alumno conocer\u00e1 los diferentes tipos de lesiones deportivas m\u00e1s frecuentes y conocer\u00e1 las t\u00e9cnicas innovadoras, pr\u00e1cticas y eficientes que puede aplicar en consulta. El alumno distinguir\u00e1 los diferentes tipos de dolor y c\u00f3mo abordarlos, as\u00ed como implementar sus tratamientos con suplementaci\u00f3n ortomolecular y alimentaci\u00f3n antiinflamatoria.<br \/>\nEl curso tiene una parte de preparaci\u00f3n f\u00edsica, espec\u00edficamente de Readaptaci\u00f3n Deportiva una vez el deportista consigue el alta m\u00e9dica. Finalmente, la parte emocional ante un lesionado debe abordarse con cautela, por lo que se ense\u00f1ar\u00e1 a generar una Triada Educacional para que el deportista no somatice la lesi\u00f3n y pueda albergar un proceso evaluativo y de curaci\u00f3n lo m\u00e1s lineal posible.<\/p>\n<hr \/>\n[\/vc_column_text][\/vc_column][\/vc_row]\n","protected":false},"excerpt":{"rendered":"<p>Modalidad presencial. <span style=\"color: #7f7dd1;\" data-darkreader-inline-color=\"\"><strong><br \/>\nProgramando fechas<\/strong><\/span><\/p>\n<hr \/>\n<p>Precio total: 275\u20ac. Se abonar\u00e1 150\u20ac de reserva de plaza, y el resto (125\u20ac) el 1\u00ba d\u00eda de curso. Plazas limitadas; es necesario reservar plaza con antelaci\u00f3n. El importe de reserva de plaza no se devolver\u00e1 en caso de anulaci\u00f3n por parte del alumno.<\/p>\n<hr \/>\n<p>El alumno distinguir\u00e1 los diferentes tipos de dolor y c\u00f3mo abordarlos, as\u00ed como implementar sus tratamientos con suplementaci\u00f3n ortomolecular y alimentaci\u00f3n antiinflamatoria&#8230; (<a href=\"#tab-description\">Ver m\u00e1s informaci\u00f3n<\/a>)<\/p>\n","protected":false},"featured_media":23545,"comment_status":"open","ping_status":"closed","template":"","meta":{"_joinchat":[]},"product_brand":[],"product_cat":[617,89,182,98,179],"product_tag":[357,807,793,792,368,337],"class_list":{"0":"post-23540","1":"product","2":"type-product","3":"status-publish","4":"has-post-thumbnail","6":"product_cat-imagenes-profesores","7":"product_cat-terapias-manuales","8":"product_cat-wellness-y-estetica","9":"product_cat-cursos","10":"product_cat-cursos-presenciales","11":"product_tag-masaje","12":"product_tag-percutor","13":"product_tag-pistola-de-percusion","14":"product_tag-terapia-por-vibracion","15":"product_tag-terapias-manuales","16":"product_tag-wellness","17":"pa_ediciones-edicion-diciembre","18":"pa_ediciones-edicion-junio","19":"pa_ediciones-edicion-noviembre","21":"first","22":"outofstock","23":"purchasable","24":"product-type-simple"},"_links":{"self":[{"href":"https:\/\/tienda.ismet.es\/index.php\/wp-json\/wp\/v2\/product\/23540","targetHints":{"allow":["GET"]}}],"collection":[{"href":"https:\/\/tienda.ismet.es\/index.php\/wp-json\/wp\/v2\/product"}],"about":[{"href":"https:\/\/tienda.ismet.es\/index.php\/wp-json\/wp\/v2\/types\/product"}],"replies":[{"embeddable":true,"href":"https:\/\/tienda.ismet.es\/index.php\/wp-json\/wp\/v2\/comments?post=23540"}],"wp:featuredmedia":[{"embeddable":true,"href":"https:\/\/tienda.ismet.es\/index.php\/wp-json\/wp\/v2\/media\/23545"}],"wp:attachment":[{"href":"https:\/\/tienda.ismet.es\/index.php\/wp-json\/wp\/v2\/media?parent=23540"}],"wp:term":[{"taxonomy":"product_brand","embeddable":true,"href":"https:\/\/tienda.ismet.es\/index.php\/wp-json\/wp\/v2\/product_brand?post=23540"},{"taxonomy":"product_cat","embeddable":true,"href":"https:\/\/tienda.ismet.es\/index.php\/wp-json\/wp\/v2\/product_cat?post=23540"},{"taxonomy":"product_tag","embeddable":true,"href":"https:\/\/tienda.ismet.es\/index.php\/wp-json\/wp\/v2\/product_tag?post=23540"}],"curies":[{"name":"wp","href":"https:\/\/api.w.org\/{rel}","templated":true}]}}