{"id":22211,"date":"2024-03-27T09:35:48","date_gmt":"2024-03-27T08:35:48","guid":{"rendered":"https:\/\/tienda.ismet.es\/?post_type=product&#038;p=22211"},"modified":"2025-07-15T09:19:20","modified_gmt":"2025-07-15T08:19:20","slug":"evaluacion-y-abordaje-terapeutico-del-dolor-de-la-neurofisiologia-a-la-emocion","status":"publish","type":"product","link":"https:\/\/tienda.ismet.es\/index.php\/producto\/evaluacion-y-abordaje-terapeutico-del-dolor-de-la-neurofisiologia-a-la-emocion\/","title":{"rendered":"&#8211; Evaluaci\u00f3n y abordaje terap\u00e9utico del dolor, de la neurofisiolog\u00eda a la emoci\u00f3n"},"content":{"rendered":"[vc_row][vc_column][vc_video link=&#8221;https:\/\/youtu.be\/yu58LCBFxbQ&#8221;][vc_column_text]\n<div class=\"woocommerce-product-details__short-description\">\n<hr \/>\n<h4>Presentaci\u00f3n<\/h4>\n<p>Comprender las v\u00edas moduladoras del dolor en el cuerpo y como el cerebro las gestiona. Distinguir los diferentes tipos de dolor a la vez que poseer herramientas sencillas para tratar f\u00edsicamente y emocionalmente el dolor. Normalmente no sabemos evaluar el dolor porque no comprendemos la v\u00eda neurofisiol\u00f3gica por la que discurre y se expresa en el organismo. Pensamos que el dolor es igual en todos los casos y no es as\u00ed. Conocer las caracter\u00edsticas de cada tipo de dolor es la puerta de entrada para aplicar el abordaje terap\u00e9utico adecuado. Asimismo, m\u00e1s all\u00e1 de tipificar el dolor f\u00edsico, existe el dolor emocional que impide la mejora de nuestros clientes y se instaura como dolor cr\u00f3nico. Saber trabajar este tipo de dolor es la clave en la mayor\u00eda de los casos en consulta.<\/p>\n<\/div>\n<hr \/>\n<h4>Programa del curso<\/h4>\n<ol>\n<li>\u00b7 La Teor\u00eda Originaria del Dolor (The Gate Control System -CGS-).<br \/>\n\u00b7 El Eje Neurol\u00f3gico del Dolor (Neuromatrix of Pain). Areas y estructuras del Eje.<br \/>\n\u00b7 Los 4 grandes bloqueadores del dolor y su gesti\u00f3n.<br \/>\n\u00b7 Tipos de dolor: hip\u00f3xico, inflamatorio, neurop\u00e1tico y de sensibilizaci\u00f3n central.<br \/>\n\u00b7 La temporalidad del dolor: agudo, subagudo o cr\u00f3nico.<br \/>\n\u00b7 Los agentes clim\u00e1ticos externos ante el dolor: viento, calor, humedad y fr\u00edo.<br \/>\n\u00b7 La relaci\u00f3n v\u00edscera-\u00f3rgano-tejido.<br \/>\n\u00b7 La relaci\u00f3n emoci\u00f3n-dolor.<br \/>\n\u00b7 Los Modelos err\u00f3neos de conceptualizaci\u00f3n del dolor. Las 8 preguntas clave.<br \/>\n\u00b7 Las 11 competencias del terapeuta ante el dolor del paciente.<br \/>\n\u00b7 La Triada educacional: los 11 conceptos objetivo para el tratamiento del dolor.<br \/>\n\u00b7 El Poder de la comunicaci\u00f3n con el paciente para minimizar o maximizar el dolor.<br \/>\n\u00b7 Herramientas cl\u00ednicas para el abordaje del dolor: ejercicios pr\u00e1cticos terapeuta-paciente.<br \/>\n\u00b7 Suplementaci\u00f3n y alimentaci\u00f3n en el tratamiento del dolor.<\/li>\n<li>Protocolos para el tratamiento de los diferentes tipos de dolor<br \/>\n\u00b7 La L\u00ednea de la Vida: descodificar (vaciar) un dolor des del momento de su aparici\u00f3n.<br \/>\n\u00b7 Los Ciclos Biol\u00f3gicos Memorizados: ver la influencia de eventos pasados en nuestras situaciones actuales.<br \/>\n\u00b7 Vaciado del Bioshock: encontrar el instante preciso del conflicto biol\u00f3gico y descargarlo.<br \/>\n\u00b7 La \u201cSilla caliente\u201d: darse cuenta de c\u00f3mo expreso y siento mi dolor.<br \/>\n\u00b7 El uso de la Met\u00e1fora: la importancia de la comunicaci\u00f3n.<br \/>\n\u00b7 Las Creencias: encontrar el origen de la creencia limitante y vaciar lo que habita dentro de nosotros.<br \/>\n\u00b7 El Multianclaje sensorial: estimular y anclar los recursos positivos en la persona.<br \/>\n\u00b7 Las Visualizaciones: imaginar lo que deseas, hacer lo que imaginas y crear lo que deseas.<br \/>\n\u00b7 Integraci\u00f3n Som\u00e1tica Respiratoria: ejercicios de sofrolog\u00eda.<\/li>\n<\/ol>\n<hr \/>\n<p><!--\n\n\n<h4>Impartido por: Clara Gasperini.<\/h4>\n\n\nQuiromasajista, Linfoterapeuta, Auriculoterapeuta y Reflex\u00f3loga Podal. Terapeuta Manual y de Est\u00e9tica Natural. Especializada en Terapias Manuales de Bienestar y Ayurveda, masajes, terapias y coach de Nutrici\u00f3n Ayurv\u00e9dica. Experta universitaria en Filosof\u00edas Orientales (por Uni Roma II) y Filosof\u00eda del Yoga, considera las t\u00e9cnicas de respiraci\u00f3n, relajaci\u00f3n y reeducaci\u00f3n postural herramientas necesarias para el mantenimiento y restablecimiento de la salud. Profesora de Yoga, Masaje Tailand\u00e9s y de Estiramientos Terap\u00e9uticos. Desde el 2008 se dedica a las Terapias Naturales y al Crecimiento Personal. Trabaja como Terapeuta Manual, Coach de la Salud y Profesora de Yoga en su estudio de Barcelona.--><\/p>\n[\/vc_column_text][\/vc_column][\/vc_row]\n","protected":false},"excerpt":{"rendered":"<p>Modalidad presencial. <span style=\"color: #7f7dd1;\" data-darkreader-inline-color=\"\"><strong><br \/>\nProgramando fechas<br \/>\n<\/strong><\/span><\/p>\n<p>Precio total: 270\u20ac. Se abonar\u00e1 70\u20ac de reserva de plaza, y el resto (200\u20ac), el 1\u00ba d\u00eda de curso. Plazas limitadas,<br \/>\nes necesario reservar plaza con antelaci\u00f3n. Grupo m\u00ednimo 5 alumnos.<\/p>\n<hr \/>\n<p>Distinguir los diferentes tipos de dolor a la vez que poseer herramientas sencillas para tratar f\u00edsicamente y emocionalmente el dolor&#8230; (<a href=\"#tab-description\">Ver m\u00e1s informaci\u00f3n<\/a>)<\/p>\n","protected":false},"featured_media":24326,"comment_status":"open","ping_status":"closed","template":"","meta":{"_joinchat":[]},"product_brand":[],"product_cat":[617,90,92,183,89,98,179],"product_tag":[477,436,839,837,838,552,387,419],"class_list":{"0":"post-22211","1":"product","2":"type-product","3":"status-publish","4":"has-post-thumbnail","6":"product_cat-imagenes-profesores","7":"product_cat-medicina-china-y-acupuntura","8":"product_cat-crecimiento-personal","9":"product_cat-terapias-energeticas","10":"product_cat-terapias-manuales","11":"product_cat-cursos","12":"product_cat-cursos-presenciales","13":"product_tag-abordaje-terapeutico","14":"product_tag-dolor","15":"product_tag-emocion","16":"product_tag-evaluacion","17":"product_tag-neurofisiologia","18":"product_tag-tecnicas-energeticas","19":"product_tag-tecnicas-manuales","20":"product_tag-tecnicas-osteopaticas","21":"pa_ediciones-edicion-diciembre","22":"pa_ediciones-edicion-junio","24":"first","25":"outofstock","26":"virtual","27":"purchasable","28":"product-type-simple"},"_links":{"self":[{"href":"https:\/\/tienda.ismet.es\/index.php\/wp-json\/wp\/v2\/product\/22211","targetHints":{"allow":["GET"]}}],"collection":[{"href":"https:\/\/tienda.ismet.es\/index.php\/wp-json\/wp\/v2\/product"}],"about":[{"href":"https:\/\/tienda.ismet.es\/index.php\/wp-json\/wp\/v2\/types\/product"}],"replies":[{"embeddable":true,"href":"https:\/\/tienda.ismet.es\/index.php\/wp-json\/wp\/v2\/comments?post=22211"}],"wp:featuredmedia":[{"embeddable":true,"href":"https:\/\/tienda.ismet.es\/index.php\/wp-json\/wp\/v2\/media\/24326"}],"wp:attachment":[{"href":"https:\/\/tienda.ismet.es\/index.php\/wp-json\/wp\/v2\/media?parent=22211"}],"wp:term":[{"taxonomy":"product_brand","embeddable":true,"href":"https:\/\/tienda.ismet.es\/index.php\/wp-json\/wp\/v2\/product_brand?post=22211"},{"taxonomy":"product_cat","embeddable":true,"href":"https:\/\/tienda.ismet.es\/index.php\/wp-json\/wp\/v2\/product_cat?post=22211"},{"taxonomy":"product_tag","embeddable":true,"href":"https:\/\/tienda.ismet.es\/index.php\/wp-json\/wp\/v2\/product_tag?post=22211"}],"curies":[{"name":"wp","href":"https:\/\/api.w.org\/{rel}","templated":true}]}}