{"id":22125,"date":"2024-03-20T17:39:19","date_gmt":"2024-03-20T16:39:19","guid":{"rendered":"https:\/\/tienda.ismet.es\/?post_type=product&#038;p=22125"},"modified":"2026-01-19T12:25:37","modified_gmt":"2026-01-19T11:25:37","slug":"alimentacion-bioenergetica-y-su-aproximacion-al-diagnostico-por-lengua","status":"publish","type":"product","link":"https:\/\/tienda.ismet.es\/index.php\/producto\/alimentacion-bioenergetica-y-su-aproximacion-al-diagnostico-por-lengua\/","title":{"rendered":"&#8211; Alimentaci\u00f3n y salud: Aplicaci\u00f3n de la ciencia nutricional y la sabidur\u00eda oriental"},"content":{"rendered":"[vc_row][vc_column][vc_video link=&#8221;https:\/\/www.youtube.com\/watch?v=hMbWSO-14T8&#8243;][vc_column_text]\n<div class=\"woocommerce-product-details__short-description\">\n<hr \/>\n<h4>Objetivos<\/h4>\n<ul>\n<li><span style=\"font-size: 1rem;\">Brindar a los estudiantes una formaci\u00f3n integral en Dietoterapia, combinando conocimientos de la Nutrici\u00f3n Occidental con la Dietoterapia Energ\u00e9tica de la Medicina Tradicional China (MTC).<\/span><\/li>\n<li><span style=\"font-size: 1rem;\">Formar a los participantes en los principios y fundamentos de la diet\u00e9tica energ\u00e9tica seg\u00fan la MTC, para que puedan aplicar este conocimiento en la elaboraci\u00f3n de planes de alimentaci\u00f3n personalizados que contribuyan a la salud y el bienestar de las personas.<\/span><\/li>\n<li><span style=\"font-size: 1rem;\">Capacitar a los estudiantes para elaborar planes de alimentaci\u00f3n personalizados que consideren las necesidades nutricionales individuales y bioenerg\u00e9ticas seg\u00fan los principios de la MTC.<\/span><\/li>\n<li><span style=\"font-size: 1rem;\">Desarrollar en los estudiantes habilidades para la evaluaci\u00f3n del estado nutricional y la identificaci\u00f3n de desequilibrios energ\u00e9ticos.<\/span><\/li>\n<\/ul>\n<hr \/>\n<h4>Programa del Curso<\/h4>\n<ol>\n<li>M\u00f3dulo 1: Dietoterapia Occidental<br \/>\nIntroducci\u00f3n a la Dietoterapia:<br \/>\nConcepto, objetivos, \u00e1mbito de aplicaci\u00f3n y metodolog\u00eda.<br \/>\n\u2022 Nutrici\u00f3n en las Diferentes Etapas de la Vida: Embarazo, lactancia, infancia, adolescencia, adultez y vejez.<br \/>\n\u2022 Educaci\u00f3n Nutricional: Estrategias para la promoci\u00f3n de h\u00e1bitos alimentarios saludables.<\/li>\n<li>M\u00f3dulo 2: Dietoterapia Energ\u00e9tica seg\u00fan la MTC Historia y Evoluci\u00f3n de la MTC:<br \/>\n\u2022 Principios fundamentales y filos\u00f3ficos.<br \/>\n\u2022 Eficacia de las Terapias de la MTC: Evidencia cient\u00edfica y casos de \u00e9xito.<br \/>\n\u2022 Teor\u00eda Yin Yang: Concepto, aplicaciones e interrelaciones en la salud y la enfermedad.<br \/>\n\u2022 Los Cinco Elementos: Caracter\u00edsticas, ciclos y correspondencias con el cuerpo humano.<br \/>\n\u2022 Fisiolog\u00eda de la MTC: formaci\u00f3n del Qi y Xue,<br \/>\n\u2022 Jing: Concepto y mantenimiento<br \/>\n\u2022 Shen: Concepto y relaci\u00f3n con la salud y la alimentaci\u00f3n.<br \/>\n\u2022 Fisiolog\u00eda Digestiva en la MTC: \u00d3rganos digestivos, funciones y desequilibrios energ\u00e9ticos.<br \/>\n\u2022 Propiedades Energ\u00e9ticas de los Alimentos: Sabor, naturaleza, color, hidrataci\u00f3n y textura y JingModificaciones Energ\u00e9ticas por M\u00e9todos de Cocci\u00f3n: T\u00e9cnicas culinarias y su impacto energ\u00e9tico.<\/li>\n<li>Modulo 3: Aproximaci\u00f3n al diagn\u00f3stico por la lengua:<br \/>\n\u2022 Anatom\u00eda de la Lengua: Zonas, colores, saburra y caracter\u00edsticas relevantes.<br \/>\n\u2022 An\u00e1lisis de la Lengua: Forma, tama\u00f1o, movimiento, humedad y sensibilidad.<br \/>\n\u2022 Relaci\u00f3n entre la Lengua y los \u00d3rganos Internos: Correspondencias y patrones de desequilibrio.<br \/>\n\u2022 Diagn\u00f3stico Diferencial: Interpretaci\u00f3n de los signos de la lengua para diferentes patolog\u00edas.<\/li>\n<li>M\u00f3dulo 4: Pr\u00e1cticas<br \/>\n\u2022 Evaluaci\u00f3n del Estado Nutricional y energ\u00e9tico: Casos pr\u00e1cticos.<br \/>\n\u2022 Elaboraci\u00f3n de Planes de Dietoterapia: Individualizados para diferentes patolog\u00edas y objetivos.<br \/>\n\u2022 Dietoterapia en Patolog\u00edas: Obesidad, diabetes, enfermedades cardiovasculares, gastrointestinales, entre otras.<br \/>\n\u2022 An\u00e1lisis de Casos Cl\u00ednicos: Aplicaci\u00f3n de la Dietoterapia Occidental y la Dietoterapia Energ\u00e9tica.<br \/>\nMetodolog\u00eda:<br \/>\n\u2022 Clases te\u00f3ricas<br \/>\n\u2022 Talleres pr\u00e1cticos<br \/>\n\u2022 Estudio de casos<br \/>\n\u2022 DebatesEvaluaci\u00f3n:<br \/>\n\u2022 Trabajo fina<\/li>\n<\/ol>\n<hr \/>\n<p><!--\n\n\n<h4>Impartido por: Juli Salvat<\/h4>\n\n\nFisioterapeuta. Oste\u00f3pata. Acupuntor. T\u00e9cnico en Shiatsu. Profesor del postgrado de Digitopresi\u00f3n y MTC en la Escuela Universitaria Sant Joan de D\u00e9u de Barcelona y en la Universidad de Alcal\u00e1 de Henares. Terapeuta Gest\u00e1ltico.--><\/p>\n[\/vc_column_text][\/vc_column][\/vc_row]\n<\/div>\n","protected":false},"excerpt":{"rendered":"<p>Modalidad presencial. <span style=\"color: #7f7dd1;\"><strong><br \/>\nProgramando fechas.<\/strong><\/span><\/p>\n<hr \/>\n<p><strong>Precio: <\/strong>520\u20ac. A abonar en 4 mensualidades de 130\u20ac\/mes, por domiciliaci\u00f3n bancaria)<\/p>\n<hr \/>\n<p>Brindaremos a los estudiantes una formaci\u00f3n integral en Dietoterapia, combinando conocimientos de la Nutrici\u00f3n Occidental.(<a href=\"#tab-description\">Ver m\u00e1s informaci\u00f3n<\/a>)<\/p>\n","protected":false},"featured_media":23910,"comment_status":"open","ping_status":"closed","template":"","meta":{"_joinchat":[]},"product_brand":[],"product_cat":[617,82,184,90,98,179],"product_tag":[832,500,311,260,830,419,498],"class_list":{"0":"post-22125","1":"product","2":"type-product","3":"status-publish","4":"has-post-thumbnail","6":"product_cat-imagenes-profesores","7":"product_cat-naturopatia","8":"product_cat-alimentacion-saludable","9":"product_cat-medicina-china-y-acupuntura","10":"product_cat-cursos","11":"product_cat-cursos-presenciales","12":"product_tag-desanudamiento-fascial","13":"product_tag-juli-salvat","14":"product_tag-osteo","15":"product_tag-osteopatia","16":"product_tag-osteopatia-sacro","17":"product_tag-tecnicas-osteopaticas","18":"product_tag-terapia-sacro-craneal","20":"first","21":"outofstock","22":"virtual","23":"purchasable","24":"product-type-simple"},"_links":{"self":[{"href":"https:\/\/tienda.ismet.es\/index.php\/wp-json\/wp\/v2\/product\/22125","targetHints":{"allow":["GET"]}}],"collection":[{"href":"https:\/\/tienda.ismet.es\/index.php\/wp-json\/wp\/v2\/product"}],"about":[{"href":"https:\/\/tienda.ismet.es\/index.php\/wp-json\/wp\/v2\/types\/product"}],"replies":[{"embeddable":true,"href":"https:\/\/tienda.ismet.es\/index.php\/wp-json\/wp\/v2\/comments?post=22125"}],"wp:featuredmedia":[{"embeddable":true,"href":"https:\/\/tienda.ismet.es\/index.php\/wp-json\/wp\/v2\/media\/23910"}],"wp:attachment":[{"href":"https:\/\/tienda.ismet.es\/index.php\/wp-json\/wp\/v2\/media?parent=22125"}],"wp:term":[{"taxonomy":"product_brand","embeddable":true,"href":"https:\/\/tienda.ismet.es\/index.php\/wp-json\/wp\/v2\/product_brand?post=22125"},{"taxonomy":"product_cat","embeddable":true,"href":"https:\/\/tienda.ismet.es\/index.php\/wp-json\/wp\/v2\/product_cat?post=22125"},{"taxonomy":"product_tag","embeddable":true,"href":"https:\/\/tienda.ismet.es\/index.php\/wp-json\/wp\/v2\/product_tag?post=22125"}],"curies":[{"name":"wp","href":"https:\/\/api.w.org\/{rel}","templated":true}]}}