{"id":21731,"date":"2024-02-29T10:12:32","date_gmt":"2024-02-29T09:12:32","guid":{"rendered":"https:\/\/tienda.ismet.es\/?post_type=product&#038;p=21731"},"modified":"2025-04-23T09:20:36","modified_gmt":"2025-04-23T08:20:36","slug":"terapia-sacro-craneal-actualizacion-de-tecnicas-y-resolucion-de-dudas","status":"publish","type":"product","link":"https:\/\/tienda.ismet.es\/index.php\/producto\/terapia-sacro-craneal-actualizacion-de-tecnicas-y-resolucion-de-dudas\/","title":{"rendered":"&#8211; Terapia sacro craneal (actualizaci\u00f3n de t\u00e9cnicas y resoluci\u00f3n de dudas)"},"content":{"rendered":"[vc_row][vc_column][vc_video link=&#8221;https:\/\/youtu.be\/c51oCPpypTo&#8221;][vc_column_text]\n<div class=\"woocommerce-product-details__short-description\">\n<hr \/>\n<h4>Objetivos<\/h4>\n<ul>\n<li>Esta sesi\u00f3n pr\u00e1ctica tiene como objetivo disponer de un espacio de repaso e integraci\u00f3n, y as\u00ed poder solucionar dudas que han surgido durante la pr\u00e1ctica cl\u00ednica.<\/li>\n<li>Este curso se dedicar\u00e1 exclusivamente a poder responder consultas y a practicar aquellas t\u00e9cnicas que necesitan alg\u00fan repaso o refuerzo adicional; tanto en su ejecuci\u00f3n como tambi\u00e9n en su utilidad.<\/li>\n<li>Dejamos abierto el programa a cualquier pregunta y duda que necesit\u00e9is.<\/li>\n<\/ul>\n<hr \/>\n<h4>Programa del Curso<\/h4>\n<ol>\n<li>Exposici\u00f3n de preguntas por parte del alumnado.<\/li>\n<li>Resoluci\u00f3n te\u00f3rica de las dudas.<\/li>\n<li>Puesta en pr\u00e1ctica de todas ellas.<\/li>\n<li>Si es posible por tiempo, se profundizar\u00e1 en el tratamiento de suturas, teniendo en cuenta los biseles. T\u00e9cnica de tratamiento biselar para la liberaci\u00f3n profunda de las suturas.<\/li>\n<\/ol>\n<hr \/>\n<p><!--\n\n\n<h4>Impartido por: Juli Salvat<\/h4>\n\n\nFisioterapeuta. Oste\u00f3pata. Acupuntor. T\u00e9cnico en Shiatsu. Profesor del postgrado de Digitopresi\u00f3n y MTC en la Escuela Universitaria Sant Joan de D\u00e9u de Barcelona y en la Universidad de Alcal\u00e1 de Henares. Terapeuta Gest\u00e1ltico.--><\/p>\n[\/vc_column_text][\/vc_column][\/vc_row]\n<\/div>\n","protected":false},"excerpt":{"rendered":"<p>Modalidad presencial. <span style=\"color: #7f7dd1;\"><strong><br \/>\nPlanificando fechas<\/strong><\/span><\/p>\n<hr \/>\n<p><strong>Precio: <\/strong>100\u20ac.<\/p>\n<hr \/>\n<p>Esta sesi\u00f3n pr\u00e1ctica tiene como objetivo disponer de un espacio de repaso e integraci\u00f3n, y as\u00ed poder solucionar dudas que han surgido durante la pr\u00e1ctica cl\u00ednica.(<a href=\"#tab-description\">Ver m\u00e1s informaci\u00f3n<\/a>)<\/p>\n","protected":false},"featured_media":21732,"comment_status":"open","ping_status":"closed","template":"","meta":{"_joinchat":[]},"product_brand":[],"product_cat":[617,191,89,98,179],"product_tag":[500,311,260,830,831,419,498],"class_list":{"0":"post-21731","1":"product","2":"type-product","3":"status-publish","4":"has-post-thumbnail","6":"product_cat-imagenes-profesores","7":"product_cat-osteopatia","8":"product_cat-terapias-manuales","9":"product_cat-cursos","10":"product_cat-cursos-presenciales","11":"product_tag-juli-salvat","12":"product_tag-osteo","13":"product_tag-osteopatia","14":"product_tag-osteopatia-sacro","15":"product_tag-resolucion-de-dudas","16":"product_tag-tecnicas-osteopaticas","17":"product_tag-terapia-sacro-craneal","19":"first","20":"instock","21":"virtual","22":"purchasable","23":"product-type-simple"},"_links":{"self":[{"href":"https:\/\/tienda.ismet.es\/index.php\/wp-json\/wp\/v2\/product\/21731","targetHints":{"allow":["GET"]}}],"collection":[{"href":"https:\/\/tienda.ismet.es\/index.php\/wp-json\/wp\/v2\/product"}],"about":[{"href":"https:\/\/tienda.ismet.es\/index.php\/wp-json\/wp\/v2\/types\/product"}],"replies":[{"embeddable":true,"href":"https:\/\/tienda.ismet.es\/index.php\/wp-json\/wp\/v2\/comments?post=21731"}],"wp:featuredmedia":[{"embeddable":true,"href":"https:\/\/tienda.ismet.es\/index.php\/wp-json\/wp\/v2\/media\/21732"}],"wp:attachment":[{"href":"https:\/\/tienda.ismet.es\/index.php\/wp-json\/wp\/v2\/media?parent=21731"}],"wp:term":[{"taxonomy":"product_brand","embeddable":true,"href":"https:\/\/tienda.ismet.es\/index.php\/wp-json\/wp\/v2\/product_brand?post=21731"},{"taxonomy":"product_cat","embeddable":true,"href":"https:\/\/tienda.ismet.es\/index.php\/wp-json\/wp\/v2\/product_cat?post=21731"},{"taxonomy":"product_tag","embeddable":true,"href":"https:\/\/tienda.ismet.es\/index.php\/wp-json\/wp\/v2\/product_tag?post=21731"}],"curies":[{"name":"wp","href":"https:\/\/api.w.org\/{rel}","templated":true}]}}