{"id":21654,"date":"2024-02-23T12:14:24","date_gmt":"2024-02-23T11:14:24","guid":{"rendered":"https:\/\/tienda.ismet.es\/?post_type=product&#038;p=21654"},"modified":"2026-03-11T10:33:47","modified_gmt":"2026-03-11T09:33:47","slug":"suplementos-y-nutricion-integrativa-en-neumologia-y-alergias","status":"publish","type":"product","link":"https:\/\/tienda.ismet.es\/index.php\/producto\/suplementos-y-nutricion-integrativa-en-neumologia-y-alergias\/","title":{"rendered":"&#8211; Suplementos y nutrici\u00f3n integrativa en pneumolog\u00eda y alergias"},"content":{"rendered":"[vc_row][vc_column][vc_video link=&#8221;https:\/\/youtu.be\/-VnvRDPLAEk&#8221;][vc_column_text]\n<hr \/>\n<div class=\"woocommerce-product-details__short-description\">\n<p class=\"curso\">. Seg\u00fan un estudio recinte de la Uni\u00f3n Europea el 50 % de sus ciudadanos habr\u00e1n pasado por alg\u00fan proceso al\u00e9rgico-respiratorio a lo largo de sus vidas antes de 2025.<br \/>\n. La contaminaci\u00f3n, poluci\u00f3n atmosf\u00e9rica, los radicales libres, la alimentaci\u00f3n, desvitalizada, la proliferaci\u00f3n de t\u00f3xicos por doquier (tabaco y metales pesados en especial) son el origen de la patolog\u00eda al\u00e9rgica y en especial de las enfermedades respiratorias.<br \/>\n. De otra parte la inmunodeficiencia es la causa m\u00e1s habitual de enfermedades respiratorias agudas tales como: gripes, resfriados, covid-19, bronquitis, faringitis y amigdalitis. Pero tambi\u00e9n dicho factor afecta a las alteraciones cr\u00f3nicas tan limitantes como la EPOC (Enfermedad Pulmonar Obstructiva Cr\u00f3nica) o algunos tipos de asma y rinitis. As\u00ed que uno de los principales retos de la Terapia Integrativa es la de dar soporte al Sistema Inmunitario.<br \/>\n. Daremos a nuestro curso un marcado car\u00e1cter interactivo que invite a la participaci\u00f3n de sus componentes pudi\u00e9ndose plantear, dentro de lo razonable, otras terap\u00e9uticas a petici\u00f3n del alumnado.<br \/>\n. Se trata de un curso monogr\u00e1fico dirigido a estudiantes y profesionales del \u00e1mbito sanitario tanto de criterio m\u00e9dico convencional como de criterio integrativo, MTC o de terapias biol\u00f3gicas afines. Tambi\u00e9n se encuentra abierto a cualquier persona que como usuaria de terapias naturales desee obtener informaci\u00f3n sobre estos temas (se utilizar\u00e1 un lenguaje llano y accesible).<\/p>\n<hr \/>\n<h4>Objetivos<\/h4>\n<p>Al finalizar este curso de Nutrici\u00f3n y suplementaci\u00f3n, sus participantes ser\u00e1n capaces de:<br \/>\n. Abordar las principales patolog\u00edas de las v\u00edas respiratorias as\u00ed como los principales procesos al\u00e9rgicos que las afectan.<br \/>\n. Prescribir, en funci\u00f3n de estos hallazgos qu\u00e9 dieta, suplementos nutricionales, fitoterap\u00e9uticos, homeop\u00e1ticos, oligoterap\u00e9uticos, etc. son los m\u00e1s apropiados para sanar las mencionadas alteraciones.<\/p>\n<\/div>\n<hr \/>\n<p><!--\n\n\n<h4>Impartido por: Enric Ser<\/h4>\n\n\nDiplomado en Terapias Naturales (Universidad Aut\u00f3noma de Barcelona y por el Real centro Universitario Reina M\u00aa Cristina de Madrid). Dr. in Naturopathy por la American University of Natural Medic (Florida\/EUA). T\u00e9cnica Higienista por Nature et Vie (Lorient-France). Profesor titular del \u00e1rea de Terapia Ortomolecular en ISMET. Profesor colaborador en diversos cursos Posgrado de la Escuela Universitaria de Ciencias de la Salud de Vic (Barcelona) y de la Escuela de Enfermer\u00eda Gimbernat (Sant Cugat-Barcelona). Autor de diversos libros ya publicados de Terapia Biol\u00f3gica e Historia de la Medicina y ex-colaborador de distintas publicaciones del sector (Cuerpomente, Vital, Vivir con salud, Diet\u00e9tica y salud). Premio Nacional de Investigaci\u00f3n Educativa del Ministerio de Educaci\u00f3n y Ciencia.-->[\/vc_column_text][\/vc_column][\/vc_row]\n","protected":false},"excerpt":{"rendered":"<p>Modalidad online.<span style=\"color: #7f7dd1;\" data-darkreader-inline-color=\"\"><strong><br \/>\n\u2022 Del 2 al 31 de marzo 2026.<br \/>\n\u2022 Del 1 al 30 de abril 2026.<br \/>\n\u2022 Del 4 al 31 de mayo 2026.<br \/>\n\u2022 Del 1 al 30 de junio 2026.<br \/>\n\u2022 Del 1 al 30 de julio 2026.<br \/>\n<\/strong><\/span><\/p>\n<hr \/>\n<p>Se trata de un curso monogr\u00e1fico dirigido a estudiantes y profesionales del \u00e1mbito sanitario tanto de criterio m\u00e9dico convencional como de criterio integrativo, MTC o de terapias biol\u00f3gicas afines&#8230; (<a href=\"#tab-description\">Ver m\u00e1s informaci\u00f3n<\/a>)<\/p>\n","protected":false},"featured_media":21662,"comment_status":"open","ping_status":"closed","template":"","meta":{"_joinchat":[]},"product_brand":[],"product_cat":[223,617,82,184,98,180,201,205,202,203,204],"product_tag":[701,315,829,328,796,705,898],"class_list":{"0":"post-21654","1":"product","2":"type-product","3":"status-publish","4":"has-post-thumbnail","6":"product_cat-black-friday","7":"product_cat-imagenes-profesores","8":"product_cat-naturopatia","9":"product_cat-alimentacion-saludable","10":"product_cat-cursos","11":"product_cat-online","12":"product_cat-online-marzo","13":"product_cat-online-abril","14":"product_cat-online-mayo","15":"product_cat-online-junio","16":"product_cat-online-julio","17":"product_tag-alergias","18":"product_tag-alimentacion-saludable","19":"product_tag-neumologia","20":"product_tag-nutricion","21":"product_tag-nutricion-integrativa","22":"product_tag-ortomolecular","23":"product_tag-pneumologia","24":"pa_ediciones-edicion-diciembre","25":"pa_ediciones-edicion-enero","26":"pa_ediciones-edicion-febrero","27":"pa_ediciones-edicion-marzo","28":"pa_ediciones-edicion-abril","29":"pa_ediciones-edicion-mayo","30":"pa_ediciones-edicion-junio","31":"pa_ediciones-edicion-julio","33":"first","34":"instock","35":"purchasable","36":"product-type-variable"},"_links":{"self":[{"href":"https:\/\/tienda.ismet.es\/index.php\/wp-json\/wp\/v2\/product\/21654","targetHints":{"allow":["GET"]}}],"collection":[{"href":"https:\/\/tienda.ismet.es\/index.php\/wp-json\/wp\/v2\/product"}],"about":[{"href":"https:\/\/tienda.ismet.es\/index.php\/wp-json\/wp\/v2\/types\/product"}],"replies":[{"embeddable":true,"href":"https:\/\/tienda.ismet.es\/index.php\/wp-json\/wp\/v2\/comments?post=21654"}],"wp:featuredmedia":[{"embeddable":true,"href":"https:\/\/tienda.ismet.es\/index.php\/wp-json\/wp\/v2\/media\/21662"}],"wp:attachment":[{"href":"https:\/\/tienda.ismet.es\/index.php\/wp-json\/wp\/v2\/media?parent=21654"}],"wp:term":[{"taxonomy":"product_brand","embeddable":true,"href":"https:\/\/tienda.ismet.es\/index.php\/wp-json\/wp\/v2\/product_brand?post=21654"},{"taxonomy":"product_cat","embeddable":true,"href":"https:\/\/tienda.ismet.es\/index.php\/wp-json\/wp\/v2\/product_cat?post=21654"},{"taxonomy":"product_tag","embeddable":true,"href":"https:\/\/tienda.ismet.es\/index.php\/wp-json\/wp\/v2\/product_tag?post=21654"}],"curies":[{"name":"wp","href":"https:\/\/api.w.org\/{rel}","templated":true}]}}