{"id":21639,"date":"2024-02-21T17:26:11","date_gmt":"2024-02-21T16:26:11","guid":{"rendered":"https:\/\/tienda.ismet.es\/?post_type=product&#038;p=21639"},"modified":"2025-04-23T09:21:06","modified_gmt":"2025-04-23T08:21:06","slug":"descubre-y-equilibra-tu-esencia","status":"publish","type":"product","link":"https:\/\/tienda.ismet.es\/index.php\/producto\/descubre-y-equilibra-tu-esencia\/","title":{"rendered":"&#8211; Descubre y equilibra tu esencia, pasos hacia el crecimiento personal"},"content":{"rendered":"[vc_row][vc_column][vc_video link=&#8221;https:\/\/youtu.be\/RkXeP0IVj-k&#8221;][vc_column_text]\n<hr \/>\n<div class=\"woocommerce-product-details__short-description\">\u00bfQu\u00e9 ofrece esta formaci\u00f3n a los profesionales de la salud y las terapias alternativas?<br \/>\nEsta formaci\u00f3n ofrecer\u00e1 al terapeuta una herramienta potente de diagn\u00f3stico, los conocimientos adquiridos le permitir\u00e1n saber qui\u00e9n es su paciente desde una visi\u00f3n cercana a lo m\u00e1s ancestral, conocer su esencia natural y libre de distorsiones. La formaci\u00f3n est\u00e1 enfocada en saber detectar el grado de desequilibrio que sufre la persona con su yo interior y con el entorno que lo rodea. Una de las cosas donde las diferentes t\u00e9cnicas o terapias que se enfocan en esta tem\u00e1tica coinciden es en la importancia de mirar hacia dentro, de la importancia de tomar conciencia de quienes somos y c\u00f3mo interactuar con nuestro entorno. Lo potente de esta formaci\u00f3n es que nos permite tal conocimiento y enfoque desde la mirada sin distorsiones de las leyes energ\u00e9ticas del Universo y la Naturaleza.<\/p>\n<hr \/>\n<h4>Programa del curso<\/h4>\n<ol>\n<li>CAP\u00cdTULO 1. IDEA CONCEPTUAL Y FINALIDAD DE LA FORMACI\u00d3N.<\/li>\n<li>CAP\u00cdTULO 2. INTRODUCCI\u00d3N A LA FILOSOF\u00cdA DE LA MTC.<\/li>\n<li>CAP\u00cdTULO 3. DESCUBRIRNOS EN EL YIN Y EL YANG.<\/li>\n<li>CAP\u00cdTULO 4. DESCUBRIENDO LOS 3 TESOROS.<\/li>\n<li>CAP\u00cdTULO 5. LA GESTI\u00d3N EMOCIONAL.<\/li>\n<li>CAP\u00cdTULO 6. DESCUBRI\u00c9NDONOS EN LOS 5 ELEMENTOS.<\/li>\n<li>CAP\u00cdTULO 7. GESTI\u00d3N DE LAS RELACIONES DESDE LA VISI\u00d3N DE LA TEOR\u00cdA DE LOS 5 ELEMENTOS.<\/li>\n<li>CAP\u00cdTULO 8. PR\u00c1CTICAS DE MAPAS.<\/li>\n<\/ol>\n<hr \/>\n<p><!--\n\n\n<h4>Impartido por: Clara Gasperini.<\/h4>\n\n\nQuiromasajista, Linfoterapeuta, Auriculoterapeuta y Reflex\u00f3loga Podal. Terapeuta Manual y de Est\u00e9tica Natural. Especializada en Terapias Manuales de Bienestar y Ayurveda, masajes, terapias y coach de Nutrici\u00f3n Ayurv\u00e9dica. Experta universitaria en Filosof\u00edas Orientales (por Uni Roma II) y Filosof\u00eda del Yoga, considera las t\u00e9cnicas de respiraci\u00f3n, relajaci\u00f3n y reeducaci\u00f3n postural herramientas necesarias para el mantenimiento y restablecimiento de la salud. Profesora de Yoga, Masaje Tailand\u00e9s y de Estiramientos Terap\u00e9uticos. Desde el 2008 se dedica a las Terapias Naturales y al Crecimiento Personal. Trabaja como Terapeuta Manual, Coach de la Salud y Profesora de Yoga en su estudio de Barcelona.--><\/p>\n[\/vc_column_text][\/vc_column][\/vc_row]\n<\/div>\n","protected":false},"excerpt":{"rendered":"<p>Modalidad presencial. <span style=\"color: #7f7dd1;\" data-darkreader-inline-color=\"\"><strong><br \/>\nPr\u00f3ximamente.<br \/>\n<\/strong><\/span><\/p>\n<p>Precio total: 396\u20ac \/ Reserva de plaza 50\u20ac, a abonar en el momento de formalizar inscripci\u00f3n + 4 pagos de 86,5\u20ac. (por domiciliaci\u00f3n bancaria. Plazas limitadas. Es necesario reservar plaza con antelaci\u00f3n).<\/p>\n<hr \/>\n<p>Esta formaci\u00f3n ofrecer\u00e1 al terapeuta una herramienta potente de diagn\u00f3stico, los conocimientos adquiridos le permitir\u00e1n saber qui\u00e9n es su paciente\u2026 (<a href=\"#tab-description\">Ver m\u00e1s informaci\u00f3n<\/a>)<\/p>\n","protected":false},"featured_media":21640,"comment_status":"open","ping_status":"closed","template":"","meta":{"_joinchat":[]},"product_brand":[],"product_cat":[617,92,98,179],"product_tag":[352,827,828],"class_list":{"0":"post-21639","1":"product","2":"type-product","3":"status-publish","4":"has-post-thumbnail","6":"product_cat-imagenes-profesores","7":"product_cat-crecimiento-personal","8":"product_cat-cursos","9":"product_cat-cursos-presenciales","10":"product_tag-crecimiento-personal","11":"product_tag-descubre","12":"product_tag-equilibra-tu-esencia","13":"pa_ediciones-edicion-diciembre","14":"pa_ediciones-edicion-junio","16":"first","17":"instock","18":"virtual","19":"purchasable","20":"product-type-simple"},"_links":{"self":[{"href":"https:\/\/tienda.ismet.es\/index.php\/wp-json\/wp\/v2\/product\/21639","targetHints":{"allow":["GET"]}}],"collection":[{"href":"https:\/\/tienda.ismet.es\/index.php\/wp-json\/wp\/v2\/product"}],"about":[{"href":"https:\/\/tienda.ismet.es\/index.php\/wp-json\/wp\/v2\/types\/product"}],"replies":[{"embeddable":true,"href":"https:\/\/tienda.ismet.es\/index.php\/wp-json\/wp\/v2\/comments?post=21639"}],"wp:featuredmedia":[{"embeddable":true,"href":"https:\/\/tienda.ismet.es\/index.php\/wp-json\/wp\/v2\/media\/21640"}],"wp:attachment":[{"href":"https:\/\/tienda.ismet.es\/index.php\/wp-json\/wp\/v2\/media?parent=21639"}],"wp:term":[{"taxonomy":"product_brand","embeddable":true,"href":"https:\/\/tienda.ismet.es\/index.php\/wp-json\/wp\/v2\/product_brand?post=21639"},{"taxonomy":"product_cat","embeddable":true,"href":"https:\/\/tienda.ismet.es\/index.php\/wp-json\/wp\/v2\/product_cat?post=21639"},{"taxonomy":"product_tag","embeddable":true,"href":"https:\/\/tienda.ismet.es\/index.php\/wp-json\/wp\/v2\/product_tag?post=21639"}],"curies":[{"name":"wp","href":"https:\/\/api.w.org\/{rel}","templated":true}]}}