{"id":20922,"date":"2024-01-08T10:55:32","date_gmt":"2024-01-08T09:55:32","guid":{"rendered":"https:\/\/tienda.ismet.es\/?post_type=product&#038;p=20922"},"modified":"2025-05-07T13:32:45","modified_gmt":"2025-05-07T12:32:45","slug":"tecnicas-de-sound-healing-terapia-con-sonidos-banos-sonoros","status":"publish","type":"product","link":"https:\/\/tienda.ismet.es\/index.php\/producto\/tecnicas-de-sound-healing-terapia-con-sonidos-banos-sonoros\/","title":{"rendered":"&#8211; Sonoterapia, t\u00e9cnicas de sound healing, terapia con sonidos, ba\u00f1os sonoros."},"content":{"rendered":"[vc_row][vc_column][vc_video link=&#8221;https:\/\/youtu.be\/zP66S9tQECs&#8221;][vc_column_text]\n<div class=\"woocommerce-product-details__short-description\">\n<hr \/>\n<h4><\/h4>\n<p>Aprende a tocar los instrumentos m\u00e1s comunes en el \u00e1mbito de la musicoterapia. La m\u00fasica tiene efectos poderosos sobre la mente. La terapia con sonidos usa las conexiones que se mantienen con la m\u00fasica para producir cambios positivos en el estado de \u00e1nimo y en el bienestar en general, es una potente herramienta que logra trabajar de forma hol\u00edstica y profunda bloqueos emocionales, dolor muscular, desequilibrios psico-f\u00edsicos, restableciendo la natural uni\u00f3n entre el cuerpo, la mente y el esp\u00edritu.<\/p>\n<\/div>\n<hr \/>\n<h4>Programa del curso<\/h4>\n<ol>\n<li style=\"list-style-type: none;\">\n<ul>\n<li>Sonido, vibraci\u00f3n y terapia: conceptos de frecuencia y resonancia.<\/li>\n<li>Conceptos b\u00e1sicos de teoria musical: notas, escalas, tonalidad.<\/li>\n<li>Teor\u00eda y pr\u00e1ctica de: Gong, Cuencos tibetanos, Handpan, Monocordio, Shruti, Campanas Koshi, Tambor cham\u00e1nico, Flauta cham\u00e1nica, Diapasones. La voz como herramienta terap\u00e9utica. Peque\u00f1os Instrumentos para crear paisajes sonoros.<\/li>\n<li>Creaci\u00f3n de ambientes sonoros.<\/li>\n<li>Creaci\u00f3n y realizaci\u00f3n de Ba\u00f1os Sonoros.<\/li>\n<li>Facilitaci\u00f3n de experiencia musical.<\/li>\n<\/ul>\n<p>Los asistentes adquirir\u00e1n los conocimientos elementales para entender la naturaleza de los instrumentos, su \u00e1mbito de aplicaci\u00f3n y las relaciones entre escalas, tonalidades y notas de diferentes instrumentos, a fin de poder combinarlos y de crear el efecto terap\u00e9utico deseado. Se aprender\u00e1n y se practicar\u00e1n los recursos t\u00e9cnicos esenciales para poder ejecutar e interpretar sobre los instrumentos del curso, experimentando, primero como oyente y despu\u00e9s como int\u00e9rprete de cada uno de los instrumentos.<\/li>\n<\/ol>\n<hr \/>\n<p><!--\n\n\n<h4>Impartido por: Clara Gasperini.<\/h4>\n\n\nQuiromasajista, Linfoterapeuta, Auriculoterapeuta y Reflex\u00f3loga Podal. Terapeuta Manual y de Est\u00e9tica Natural. Especializada en Terapias Manuales de Bienestar y Ayurveda, masajes, terapias y coach de Nutrici\u00f3n Ayurv\u00e9dica. Experta universitaria en Filosof\u00edas Orientales (por Uni Roma II) y Filosof\u00eda del Yoga, considera las t\u00e9cnicas de respiraci\u00f3n, relajaci\u00f3n y reeducaci\u00f3n postural herramientas necesarias para el mantenimiento y restablecimiento de la salud. Profesora de Yoga, Masaje Tailand\u00e9s y de Estiramientos Terap\u00e9uticos. Desde el 2008 se dedica a las Terapias Naturales y al Crecimiento Personal. Trabaja como Terapeuta Manual, Coach de la Salud y Profesora de Yoga en su estudio de Barcelona.--><\/p>\n[\/vc_column_text][\/vc_column][\/vc_row]\n","protected":false},"excerpt":{"rendered":"<p>Modalidad presencial. <span style=\"color: #7f7dd1;\" data-darkreader-inline-color=\"\"><strong><br \/>\nPlanificando fechas.<br \/>\n<\/strong><\/span><\/p>\n<p>Precio total: 290\u20ac. Se abonar\u00e1 de la siguiente manera: Reserva plaza: 50\u20ac, y importe restante (240\u20ac), se abonar\u00e1 el 1er d\u00eda del curso, antes de empezar, en efectivo o tarjeta. Plazas limitadas. Es necesario reservar con antelaci\u00f3n<\/p>\n<hr \/>\n<p>La terapia con sonidos usa las conexiones que se mantienen con la m\u00fasica para producir cambios positivos en el estado de \u00e1nimo y en el bienestar en general&#8230; (<a href=\"#tab-description\">Ver m\u00e1s informaci\u00f3n<\/a>)<\/p>\n","protected":false},"featured_media":21350,"comment_status":"open","ping_status":"closed","template":"","meta":{"_joinchat":[]},"product_brand":[],"product_cat":[617,183,98,179],"product_tag":[823,352,821,822,552,820],"class_list":{"0":"post-20922","1":"product","2":"type-product","3":"status-publish","4":"has-post-thumbnail","6":"product_cat-imagenes-profesores","7":"product_cat-terapias-energeticas","8":"product_cat-cursos","9":"product_cat-cursos-presenciales","10":"product_tag-banos-sonoros","11":"product_tag-crecimiento-personal","12":"product_tag-sound-healing","13":"product_tag-tecnicas-de-sound","14":"product_tag-tecnicas-energeticas","15":"product_tag-terapia-con-sonidos","16":"pa_ediciones-edicion-diciembre","17":"pa_ediciones-edicion-junio","19":"first","20":"instock","21":"virtual","22":"purchasable","23":"product-type-simple"},"_links":{"self":[{"href":"https:\/\/tienda.ismet.es\/index.php\/wp-json\/wp\/v2\/product\/20922","targetHints":{"allow":["GET"]}}],"collection":[{"href":"https:\/\/tienda.ismet.es\/index.php\/wp-json\/wp\/v2\/product"}],"about":[{"href":"https:\/\/tienda.ismet.es\/index.php\/wp-json\/wp\/v2\/types\/product"}],"replies":[{"embeddable":true,"href":"https:\/\/tienda.ismet.es\/index.php\/wp-json\/wp\/v2\/comments?post=20922"}],"wp:featuredmedia":[{"embeddable":true,"href":"https:\/\/tienda.ismet.es\/index.php\/wp-json\/wp\/v2\/media\/21350"}],"wp:attachment":[{"href":"https:\/\/tienda.ismet.es\/index.php\/wp-json\/wp\/v2\/media?parent=20922"}],"wp:term":[{"taxonomy":"product_brand","embeddable":true,"href":"https:\/\/tienda.ismet.es\/index.php\/wp-json\/wp\/v2\/product_brand?post=20922"},{"taxonomy":"product_cat","embeddable":true,"href":"https:\/\/tienda.ismet.es\/index.php\/wp-json\/wp\/v2\/product_cat?post=20922"},{"taxonomy":"product_tag","embeddable":true,"href":"https:\/\/tienda.ismet.es\/index.php\/wp-json\/wp\/v2\/product_tag?post=20922"}],"curies":[{"name":"wp","href":"https:\/\/api.w.org\/{rel}","templated":true}]}}