{"id":19328,"date":"2023-08-28T10:47:21","date_gmt":"2023-08-28T09:47:21","guid":{"rendered":"https:\/\/tienda.ismet.es\/?post_type=product&#038;p=19328"},"modified":"2025-05-07T13:41:12","modified_gmt":"2025-05-07T12:41:12","slug":"terapia-por-vibracion-pistola-de-percusion","status":"publish","type":"product","link":"https:\/\/tienda.ismet.es\/index.php\/producto\/terapia-por-vibracion-pistola-de-percusion\/","title":{"rendered":"&#8211; Terapia por vibraci\u00f3n \u201cpistola de percusi\u00f3n\u201d, elimina el dolor sin esfuerzo en 30\u2019\u2019, terapia no invasiva"},"content":{"rendered":"[vc_row][vc_column][vc_video link=&#8221;https:\/\/youtu.be\/vm8pez7j1eU&#8221;][vc_column_text]\n<hr \/>\n<p>\u00bfQU\u00c9 ES EL PERCUTOR?<br \/>\nEs un aparato que emite el impulso de un cabezal a una frecuencia r\u00e1pida de ida y vuelta para generar una vibraci\u00f3n en contacto con la zona a tratar, normalmente partes blandas o tejidos (m\u00fasculos, fascias, tendones y ligamentos).<\/p>\n<p>PARA QU\u00c9 SIRVE<br \/>\nLa vibraci\u00f3n que provoca en contacto con los tejidos genera la activaci\u00f3n de las sustancias (citoquinas, mioquinas, \u00e1cido l\u00e1ctico, sangre, linfa y diferentes sustratos energ\u00e9ticos) contenidas a nivel d\u00e9rmico, subd\u00e9rmico, tejido adiposo y muscular. La vibraci\u00f3n activa la circulaci\u00f3n de los mencionados sustratos, eliminando el estancamiento de estos, eliminando las adherencias de los tejidos y mejorando la oxigenaci\u00f3n y vascularizaci\u00f3n. En definitiva, mejoramos la circulaci\u00f3n y por tanto, el rendimiento y la fisiolog\u00eda de los tejidos. A efectos pr\u00e1cticos, aceleramos la recuperaci\u00f3n despu\u00e9s de un esfuerzo, eliminamos el dolor o incluso podemos activar la musculatura para prepararla para un pr\u00f3ximo esfuerzo.<\/p>\n<p>C\u00d3MO PUEDE COMPLEMENTAR Y AYUDAR ESTA T\u00c9CNICA A LOS PROFESIONALES DE ESTA TERAPIA MANUAL<br \/>\nSin duda, la ventaja m\u00e1s evidente es que nos ahorra esfuerzo a los profesionales de las terapias manuales, sobre todo en lo que se refiere a la intensidad de las maniobras que deben hacerse con las manos y los dedos.<br \/>\nAs\u00ed mismo, el percutor accede a estructuras y lugares que no pueden acceder las manos ni los dedos, y una vez all\u00ed, ejerce con sus impulsos lo que deber\u00edamos de hacer manualmente. Por tanto, es una herramienta ergon\u00f3mica que ahorra esfuerzo y permite una mayor accesibilidad y precisi\u00f3n a la hora de trabajar.<br \/>\nUn ejemplo es cuando queremos eliminar tensi\u00f3n de la musculatura profunda de los paravertebrales o acceder a un tend\u00f3n que se encuentra solapado por un m\u00fasculo. El percutor nos permite llegar a estas estructuras profundas y una vez all\u00ed hacer un trabajo de vibraci\u00f3n (eliminando dolor o restricciones de movimiento) con el m\u00ednimo esfuerzo.<br \/>\nEn el curso se muestran y se explican los diferentes modelos de cabezales, los cuales se adaptan a las diferentes estructuras del cuerpo que queremos trabajar.<\/p>\n<p>\u00bfESTA T\u00c9CNICA TIENE CONTRAINDICACIONES?<br \/>\nSin duda esta t\u00e9cnica tambi\u00e9n tiene sus contraindicaciones, y es importante tenerlas en cuenta para hacer un uso responsable en consulta. Las m\u00e1s evidentes son su restricci\u00f3n absoluta en ser aplicada en estructuras s\u00f3lidas (huesos, cr\u00e1neo, pelvis_\u2026), la zona orbital (ojos) y peri orbital, cara, zona cervical (por encima de la 7\u00aa v\u00e9rtebra cervical), zona genital, perianal (suelo p\u00e9lvico) y anal, etc.. En el curso desarrollaremos y completaremos esta informaci\u00f3n.<\/p>\n<hr \/>\n<h4>Programa del curso<\/h4>\n<ol>\n<li>\u00bfQu\u00e9 es un percutor de vibraciones pulsantes?<\/li>\n<li>Caracter\u00edsticas, funcionamiento y mantenimiento.<\/li>\n<li>Indicaciones terap\u00e9uticas.<\/li>\n<li>Ventajas: efectos inmediatos en planos anat\u00f3micos superficiales y profundos.<\/li>\n<li>Diferentes cabezales para la adaptaci\u00f3n a la topograf\u00eda anat\u00f3mica.<\/li>\n<li>Circuitos de aplicaci\u00f3n del percutor en el cuerpo.<\/li>\n<li>Precauciones y contraindicaciones.<\/li>\n<li>Casos cl\u00ednicos: Fascitis plantar, tendinitis aquilea, acortamiento\/contractura cadena posterior isquiotibial, tendinitis rotuliana, s\u00edndrome del Piramidal, lumbalgia\/ci\u00e1tica, dorsalgia, problemas de hombro (tendinitis, acortamiento de la amplitud de movimiento, dolor trapecios por sobrecarga\/contractura), epicondilitis\/epitrocleitis, s\u00edndrome del t\u00fanel carpiano. Tratamiento espec\u00edfico, r\u00e1pido y efectivo para contracturas.<\/li>\n<li>Pr\u00e1ctica de los alumnos con el percutor.<\/li>\n<\/ol>\n<hr \/>\n<p><!--\n\n\n<h4>Impartido por: Clara Gasperini.<\/h4>\n\n\nQuiromasajista, Linfoterapeuta, Auriculoterapeuta y Reflex\u00f3loga Podal. Terapeuta Manual y de Est\u00e9tica Natural. Especializada en Terapias Manuales de Bienestar y Ayurveda, masajes, terapias y coach de Nutrici\u00f3n Ayurv\u00e9dica. Experta universitaria en Filosof\u00edas Orientales (por Uni Roma II) y Filosof\u00eda del Yoga, considera las t\u00e9cnicas de respiraci\u00f3n, relajaci\u00f3n y reeducaci\u00f3n postural herramientas necesarias para el mantenimiento y restablecimiento de la salud. Profesora de Yoga, Masaje Tailand\u00e9s y de Estiramientos Terap\u00e9uticos. Desde el 2008 se dedica a las Terapias Naturales y al Crecimiento Personal. Trabaja como Terapeuta Manual, Coach de la Salud y Profesora de Yoga en su estudio de Barcelona.--><\/p>\n[\/vc_column_text][\/vc_column][\/vc_row]\n","protected":false},"excerpt":{"rendered":"<p>Modalidad presencial. <span style=\"color: #7f7dd1;\" data-darkreader-inline-color=\"\"><strong><br \/>\nPlanificando fechas<\/strong><\/span><\/p>\n<hr \/>\n<p>Precio total: 110\u20ac. Se abonar\u00e1 de la siguiente manera: Reserva plaza: 50\u20ac, y 60\u20ac restantes se abonar\u00e1n el 1er d\u00eda del curso, antes de empezar, en efectivo o tarjeta. Plazas limitadas.<\/p>\n<hr \/>\n<p>La vibraci\u00f3n activa la circulaci\u00f3n de los mencionados sustratos, eliminando el estancamiento de estos, eliminando las adherencias de los tejidos y mejorando la oxigenaci\u00f3n y vascularizaci\u00f3n&#8230; (<a href=\"#tab-description\">Ver m\u00e1s informaci\u00f3n<\/a>)<\/p>\n","protected":false},"featured_media":19329,"comment_status":"open","ping_status":"closed","template":"","meta":{"_joinchat":[]},"product_brand":[],"product_cat":[617,89,182,98,179],"product_tag":[357,807,793,792,368,337],"class_list":{"0":"post-19328","1":"product","2":"type-product","3":"status-publish","4":"has-post-thumbnail","6":"product_cat-imagenes-profesores","7":"product_cat-terapias-manuales","8":"product_cat-wellness-y-estetica","9":"product_cat-cursos","10":"product_cat-cursos-presenciales","11":"product_tag-masaje","12":"product_tag-percutor","13":"product_tag-pistola-de-percusion","14":"product_tag-terapia-por-vibracion","15":"product_tag-terapias-manuales","16":"product_tag-wellness","17":"pa_ediciones-edicion-diciembre","18":"pa_ediciones-edicion-junio","20":"first","21":"instock","22":"virtual","23":"purchasable","24":"product-type-simple"},"_links":{"self":[{"href":"https:\/\/tienda.ismet.es\/index.php\/wp-json\/wp\/v2\/product\/19328","targetHints":{"allow":["GET"]}}],"collection":[{"href":"https:\/\/tienda.ismet.es\/index.php\/wp-json\/wp\/v2\/product"}],"about":[{"href":"https:\/\/tienda.ismet.es\/index.php\/wp-json\/wp\/v2\/types\/product"}],"replies":[{"embeddable":true,"href":"https:\/\/tienda.ismet.es\/index.php\/wp-json\/wp\/v2\/comments?post=19328"}],"wp:featuredmedia":[{"embeddable":true,"href":"https:\/\/tienda.ismet.es\/index.php\/wp-json\/wp\/v2\/media\/19329"}],"wp:attachment":[{"href":"https:\/\/tienda.ismet.es\/index.php\/wp-json\/wp\/v2\/media?parent=19328"}],"wp:term":[{"taxonomy":"product_brand","embeddable":true,"href":"https:\/\/tienda.ismet.es\/index.php\/wp-json\/wp\/v2\/product_brand?post=19328"},{"taxonomy":"product_cat","embeddable":true,"href":"https:\/\/tienda.ismet.es\/index.php\/wp-json\/wp\/v2\/product_cat?post=19328"},{"taxonomy":"product_tag","embeddable":true,"href":"https:\/\/tienda.ismet.es\/index.php\/wp-json\/wp\/v2\/product_tag?post=19328"}],"curies":[{"name":"wp","href":"https:\/\/api.w.org\/{rel}","templated":true}]}}