{"id":18388,"date":"2023-06-01T13:28:52","date_gmt":"2023-06-01T12:28:52","guid":{"rendered":"https:\/\/tienda.ismet.es\/?post_type=product&#038;p=18388"},"modified":"2026-04-10T09:23:05","modified_gmt":"2026-04-10T08:23:05","slug":"maniobras-de-masaje-tailandes-para-lumbociatalgias-adaptadas-a-camilla","status":"publish","type":"product","link":"https:\/\/tienda.ismet.es\/index.php\/producto\/maniobras-de-masaje-tailandes-para-lumbociatalgias-adaptadas-a-camilla\/","title":{"rendered":"&#8211; Maniobras de masaje tailand\u00e9s, lumbociatalgias adaptadas a camilla"},"content":{"rendered":"[vc_row][vc_column][vc_video link=&#8221;https:\/\/youtu.be\/xTAxF7EqpJA&#8221;][vc_column_text]\n<div class=\"woocommerce-product-details__short-description\">\n<h4>Presentaci\u00f3n<\/h4>\n<p>QU\u00c9 ES MASAJE TAI<br \/>\nEl Masaje Tradicional Tailand\u00e9s tal y como indica su nombre se desarroll\u00f3 en Tailandia, pero sus ra\u00edces est\u00e1n en la India. Comprende una combinaci\u00f3n de t\u00e9cnicas de acupresi\u00f3n (presi\u00f3n en determinados puntos del cuerpo), trabajo de energ\u00eda de meridianos y t\u00e9cnicas de estiramiento pasivo. En Tailandia se le conoce como \u201cNuad Phaen Boran\u201d que es la manera como en la lengua tailandesa se refiera a esta t\u00e9cnica. Tambi\u00e9n se le conoce como Masaje Yoga-Thai debido a su fuerte influencia de los ejercicios de flexibilidades provenientes del yoga originario de la India. Por eso se le describe como yoga pasivo (alguien que hace yoga por ti).<\/p>\n<p>Esta t\u00e9cnica de masaje es diferente de muchas otras de masajes occidentales:<br \/>\n\u2022 No se usa aceite.<br \/>\n\u2022 Se realiza sobre una colchoneta en el suelo, aunque en este curso hemos preparado una combinaci\u00f3n de t\u00e9cnicas de masaje Tai que pueden trabajarse en camilla.<br \/>\n\u2022 No es necesario quitarse la ropa.<br \/>\n\u2022 Por lo general, es una t\u00e9cnica intensa y de nivel fuerte (seg\u00fan el nivel de tolerancia del usuario).<br \/>\n\u2022 Se ejerce un mayor estiramiento muscular (yoga pasivo).<\/p>\n<p>El Masaje Tradicional Tailand\u00e9s es un complemento perfecto para cualquier rutina de actividad y se adecua a todo tipo de personas. Es muy efectiva en la apertura gradual del cuerpo, incrementa la movilidad, fuerza muscular y flexibilidad, disminuye tensi\u00f3n corporal y de esta forma favorece la buena circulaci\u00f3n y energ\u00eda de los tejidos.<\/p>\n<hr \/>\n<h4>Objetivos<\/h4>\n<ul>\n<li>Aprender de forma sencilla, diferentes maniobras del masaje tailand\u00e9s, adaptadas a camilla, para trabajar sobre esta patolog\u00eda.<\/li>\n<li>Proporcionar a la persona una sensaci\u00f3n de mejor\u00eda tanto en el dolor como en la movilidad.<\/li>\n<li>Relajaci\u00f3n de la tensi\u00f3n muscular de la zona lumbar.<\/li>\n<\/ul>\n<hr \/>\n<h4>Programa del Curso<\/h4>\n<ol>\n<li>Origen e historia del masaje tailand\u00e9s.<\/li>\n<li>El estado Metta.<\/li>\n<li>T\u00e9cnicas de acupresi\u00f3n.<\/li>\n<li>Ritmo y din\u00e1mica.<\/li>\n<li>Anatom\u00eda lumbar y p\u00e9lvica.<\/li>\n<li>Maniobras en posici\u00f3n prono.<\/li>\n<li>Maniobras en posici\u00f3n lateral.<\/li>\n<li>Maniobras en posici\u00f3n supina.<\/li>\n<li>Maniobras en posici\u00f3n lateral<\/li>\n<\/ol>\n<hr \/>\n<p><!--\n\n\n<h4>Impartido por: Juli Salvat<\/h4>\n\n\n--><\/p>\n[\/vc_column_text][\/vc_column][\/vc_row]\n<\/div>\n","protected":false},"excerpt":{"rendered":"<p>Modalidad presencial. <span style=\"color: #7f7dd1;\"><strong>S\u00e1bado 6 de junio de 2026.<br \/>\nDe 9 a 15 horas.<\/strong><\/span><\/p>\n<hr \/>\n<p><b>Precio total:<\/b>90\u20ac.<\/p>\n<p>(<a href=\"#tab-description\">Ver m\u00e1s informaci\u00f3n<\/a>)<\/p>\n","protected":false},"featured_media":32217,"comment_status":"open","ping_status":"closed","template":"","meta":{"_joinchat":[]},"product_brand":[],"product_cat":[617,98,179,199],"product_tag":[623,451,771,595],"class_list":{"0":"post-18388","1":"product","2":"type-product","3":"status-publish","4":"has-post-thumbnail","6":"product_cat-imagenes-profesores","7":"product_cat-cursos","8":"product_cat-cursos-presenciales","9":"product_cat-presencial-junio","10":"product_tag-camilla","11":"product_tag-lumbociatalgias","12":"product_tag-masaje-tai","13":"product_tag-masaje-tailandes","15":"first","16":"instock","17":"virtual","18":"purchasable","19":"product-type-simple"},"_links":{"self":[{"href":"https:\/\/tienda.ismet.es\/index.php\/wp-json\/wp\/v2\/product\/18388","targetHints":{"allow":["GET"]}}],"collection":[{"href":"https:\/\/tienda.ismet.es\/index.php\/wp-json\/wp\/v2\/product"}],"about":[{"href":"https:\/\/tienda.ismet.es\/index.php\/wp-json\/wp\/v2\/types\/product"}],"replies":[{"embeddable":true,"href":"https:\/\/tienda.ismet.es\/index.php\/wp-json\/wp\/v2\/comments?post=18388"}],"wp:featuredmedia":[{"embeddable":true,"href":"https:\/\/tienda.ismet.es\/index.php\/wp-json\/wp\/v2\/media\/32217"}],"wp:attachment":[{"href":"https:\/\/tienda.ismet.es\/index.php\/wp-json\/wp\/v2\/media?parent=18388"}],"wp:term":[{"taxonomy":"product_brand","embeddable":true,"href":"https:\/\/tienda.ismet.es\/index.php\/wp-json\/wp\/v2\/product_brand?post=18388"},{"taxonomy":"product_cat","embeddable":true,"href":"https:\/\/tienda.ismet.es\/index.php\/wp-json\/wp\/v2\/product_cat?post=18388"},{"taxonomy":"product_tag","embeddable":true,"href":"https:\/\/tienda.ismet.es\/index.php\/wp-json\/wp\/v2\/product_tag?post=18388"}],"curies":[{"name":"wp","href":"https:\/\/api.w.org\/{rel}","templated":true}]}}