{"id":18298,"date":"2023-05-22T13:05:50","date_gmt":"2023-05-22T12:05:50","guid":{"rendered":"https:\/\/tienda.ismet.es\/?post_type=product&#038;p=18298"},"modified":"2025-05-07T12:32:32","modified_gmt":"2025-05-07T11:32:32","slug":"el-mapa-numerico-evolutivo","status":"publish","type":"product","link":"https:\/\/tienda.ismet.es\/index.php\/producto\/el-mapa-numerico-evolutivo\/","title":{"rendered":"&#8211; El mapa num\u00e9rico evolutivo (herramienta para el acompa\u00f1amiento terap\u00e9utico y el autoconocimiento)"},"content":{"rendered":"[vc_row][vc_column][vc_video link=&#8221;https:\/\/www.youtube.com\/watch?v=KVPWvVxhTiI&#8221;][vc_column_text]\n<div class=\"woocommerce-product-details__short-description\">\n<hr \/>\n<h4>Presentaci\u00f3n<\/h4>\n<p>El mapa num\u00e9rico evolutivo es un recurso pr\u00e1ctico para el acompa\u00f1amiento terap\u00e9utico\/educativo o para el autoconocimiento. Consiste en una matriz de datos num\u00e9ricos que contienen una informaci\u00f3n detallada y completa sobre la identidad, la personalidad y la trayectoria de vida del consultante (talentos, potenciales, bloqueos, desaf\u00edos, ciclos de vida, herencias familiares&#8230;)<\/p>\n<hr \/>\n<h4>Objetivos<\/h4>\n<ul>\n<li>Conocer el mapa num\u00e9rico evolutivo y su potencial<br \/>\ncomo recurso para el acompa\u00f1amiento<br \/>\nterap\u00e9utico\/educativo.<\/li>\n<li>Aprender a construir e interpretar el mapa num\u00e9rico<br \/>\nde cualquier consultante, as\u00ed como compararlo con el<br \/>\nde otras personas.<\/li>\n<li>Aprender a leer el mapa para convertirlo en una<br \/>\nherramienta de crecimiento personal y de<br \/>\nacompa\u00f1amiento positivo.<\/li>\n<li>Aprender a discernir la informaci\u00f3n prioritaria y<br \/>\ntrascendente para realizar una interpretaci\u00f3n lo m\u00e1s<br \/>\nobjetiva posible y sin transferencias.<\/li>\n<li>Utilizar el mapa como recurso para el<br \/>\nautoconocimiento.<\/li>\n<\/ul>\n<hr \/>\n<hr \/>\n<p><!--\n\n\n<h4>Impartido por: Juli Salvat<\/h4>\n\n\nFisioterapeuta. Terapeuta Sacro Craneal. Oste\u00f3pata. Psicoterapeuta. Profesor de la EUI Sant Joan de D\u00e9u de Barcelona. Acupuntor de la Unidad de Acupuntura del Hospital Sant Joan de D\u00e9u.--><\/p>\n[\/vc_column_text][\/vc_column][\/vc_row]\n<\/div>\n","protected":false},"excerpt":{"rendered":"<p>Modalidad presencial. <span style=\"color: #7f7dd1;\"><b><br \/>\nPlanificando fechas<\/b><\/span><\/p>\n<hr \/>\n<p><b>Precio total:<\/b>180\u20ac.<br \/>\nLas plazas son limitadas. Es necesario reservar con antelaci\u00f3n y abonar 80\u20ac del importe. (El importe no se devolver\u00e1 en caso de anulaci\u00f3n por parte del alumno). El importe restante (100\u20ac) se abonar\u00e1 el 1er d\u00eda del curso, en efectivo o tarjeta.<\/p>\n<p>(<a href=\"#tab-description\">Ver m\u00e1s informaci\u00f3n<\/a>)<\/p>\n","protected":false},"featured_media":18299,"comment_status":"open","ping_status":"closed","template":"","meta":{"_joinchat":[]},"product_brand":[],"product_cat":[617,98,179],"product_tag":[763,762],"class_list":{"0":"post-18298","1":"product","2":"type-product","3":"status-publish","4":"has-post-thumbnail","6":"product_cat-imagenes-profesores","7":"product_cat-cursos","8":"product_cat-cursos-presenciales","9":"product_tag-antoni-paris","10":"product_tag-mapa-numerico","12":"first","13":"instock","14":"virtual","15":"purchasable","16":"product-type-simple"},"_links":{"self":[{"href":"https:\/\/tienda.ismet.es\/index.php\/wp-json\/wp\/v2\/product\/18298","targetHints":{"allow":["GET"]}}],"collection":[{"href":"https:\/\/tienda.ismet.es\/index.php\/wp-json\/wp\/v2\/product"}],"about":[{"href":"https:\/\/tienda.ismet.es\/index.php\/wp-json\/wp\/v2\/types\/product"}],"replies":[{"embeddable":true,"href":"https:\/\/tienda.ismet.es\/index.php\/wp-json\/wp\/v2\/comments?post=18298"}],"wp:featuredmedia":[{"embeddable":true,"href":"https:\/\/tienda.ismet.es\/index.php\/wp-json\/wp\/v2\/media\/18299"}],"wp:attachment":[{"href":"https:\/\/tienda.ismet.es\/index.php\/wp-json\/wp\/v2\/media?parent=18298"}],"wp:term":[{"taxonomy":"product_brand","embeddable":true,"href":"https:\/\/tienda.ismet.es\/index.php\/wp-json\/wp\/v2\/product_brand?post=18298"},{"taxonomy":"product_cat","embeddable":true,"href":"https:\/\/tienda.ismet.es\/index.php\/wp-json\/wp\/v2\/product_cat?post=18298"},{"taxonomy":"product_tag","embeddable":true,"href":"https:\/\/tienda.ismet.es\/index.php\/wp-json\/wp\/v2\/product_tag?post=18298"}],"curies":[{"name":"wp","href":"https:\/\/api.w.org\/{rel}","templated":true}]}}