{"id":18263,"date":"2023-05-18T15:35:45","date_gmt":"2023-05-18T14:35:45","guid":{"rendered":"https:\/\/tienda.ismet.es\/?post_type=product&#038;p=18263"},"modified":"2025-04-23T09:22:12","modified_gmt":"2025-04-23T08:22:12","slug":"semiologia-osteopatica-ginecologica-urologica","status":"publish","type":"product","link":"https:\/\/tienda.ismet.es\/index.php\/producto\/semiologia-osteopatica-ginecologica-urologica\/","title":{"rendered":"&#8211; Semiolog\u00eda osteop\u00e1tica ginecol\u00f3gica, urol\u00f3gica"},"content":{"rendered":"[vc_row][vc_column][vc_video link=&#8221;https:\/\/youtu.be\/TOQYMhP9PDs&#8221;][vc_column_text]\n<div class=\"woocommerce-product-details__short-description\">\n<h4>Presentaci\u00f3n<\/h4>\n<p>Tras la demanda de que los oste\u00f3patas sean aceptados como terapeutas de primera intenci\u00f3n, genera la necesidad de conocer los l\u00edmites de nuestra terapia, y para ello debemos: \u2018Evitar jugar a los m\u00e9dicos o Dioses\u2019. Efectivamente, nosotros no somos traumat\u00f3logos ni pediatras, ni ginec\u00f3logos, ni neur\u00f3logos, etc. y nuestra evaluaci\u00f3n debe ser exclusivamente osteop\u00e1tica (a menos que se tenga, naturalmente, formaci\u00f3n espec\u00edfica). El diagn\u00f3stico m\u00e9dico, corresponde al m\u00e9dico, pero eso no excluye que el oste\u00f3pata debe disponer de un amplio conocimiento de las ciencias de la salud y un dominio del abordaje de la patolog\u00eda que presenta el usuario con t\u00e9cnicas osteop\u00e1ticas. Nuestro pilar es nuestro razonamiento osteop\u00e1tico, y es en esta l\u00ednea donde debemos trabajar, form\u00e1ndonos y reciclando constantemente, para ofrecer los tratamientos lo m\u00e1s seguros posibles y, por otro, saber derivar en caso de necesidad al profesional correspondiente, que tambi\u00e9n forma parte de nuestra formaci\u00f3n. Desde esta perspectiva, te propongo profundizar osteop\u00e1ticamente en una variedad de patolog\u00edas m\u00e1s comunes que nos llegan a consulta para poder discernir signos y s\u00edntomas para poder llevar a cabo una evaluaci\u00f3n lo m\u00e1s acertada posible.<\/p>\n<hr \/>\n<h4>Objetivos<\/h4>\n<p>\u2022 Realizar un abordaje seguro, aunque el usuario no presente s\u00edntomas muy claros de las patolog\u00edas o disfunciones.<br \/>\n\u2022 Ampliar la visi\u00f3n de la anamnesis, para que no pierda ning\u00fan detalle, que en muchas ocasiones se nos escapan.<br \/>\n\u2022 Conocer las repercusiones que tendremos a nivel hormonal.<\/p>\n<hr \/>\n<p><!--\n\n\n<h4>Impartido por:<\/h4>\n\n\n--><\/p>\n[\/vc_column_text][\/vc_column][\/vc_row]\n<\/div>\n","protected":false},"excerpt":{"rendered":"<p>Modalidad presencial. <span style=\"color: #7f7dd1;\"><br \/>\n<b>Planificando fechas<\/b><\/span><\/p>\n<hr \/>\n<p><b>Precio total: <\/b>350\u20ac. Se abonar\u00e1 50\u20ac de reserva de plaza, y el resto, en dos pagos de 150\u20ac, a abonar los d\u00edas 15 de junio y 6 de julio, en efectivo o tarjeta. Plazas limitadas; es necesario reservar plaza con antelaci\u00f3n. Grupo m\u00ednimo 5 alumnos.<\/p>\n<p><strong>ATENCI\u00d3N:<\/strong> 10% dto si te inscribes a los dos m\u00f3dulos de semiolog\u00eda osteop\u00e1tica m\u00fasculo esquel\u00e9tico y ginecolog\u00eda-urolog\u00eda (inicio junio 2023).<\/p>\n<p>(<a href=\"#tab-description\">Ver m\u00e1s informaci\u00f3n<\/a>)<\/p>\n","protected":false},"featured_media":18264,"comment_status":"open","ping_status":"closed","template":"","meta":{"_joinchat":[]},"product_brand":[],"product_cat":[617,191,98,179],"product_tag":[765,755,311,260,756,764],"class_list":{"0":"post-18263","1":"product","2":"type-product","3":"status-publish","4":"has-post-thumbnail","6":"product_cat-imagenes-profesores","7":"product_cat-osteopatia","8":"product_cat-cursos","9":"product_cat-cursos-presenciales","10":"product_tag-ginecologica","11":"product_tag-musculoesqueletica","12":"product_tag-osteo","13":"product_tag-osteopatia","14":"product_tag-semiologia-osteopatica","15":"product_tag-urologica","16":"pa_opcion-pack-semiologia-ginecologica-y-semiologia-muscoloesqueletica","17":"pa_opcion-semiologia-ginecologica","18":"pa_opcion-semiologia-muscoloesqueletica","20":"first","21":"instock","22":"purchasable","23":"product-type-variable"},"_links":{"self":[{"href":"https:\/\/tienda.ismet.es\/index.php\/wp-json\/wp\/v2\/product\/18263","targetHints":{"allow":["GET"]}}],"collection":[{"href":"https:\/\/tienda.ismet.es\/index.php\/wp-json\/wp\/v2\/product"}],"about":[{"href":"https:\/\/tienda.ismet.es\/index.php\/wp-json\/wp\/v2\/types\/product"}],"replies":[{"embeddable":true,"href":"https:\/\/tienda.ismet.es\/index.php\/wp-json\/wp\/v2\/comments?post=18263"}],"wp:featuredmedia":[{"embeddable":true,"href":"https:\/\/tienda.ismet.es\/index.php\/wp-json\/wp\/v2\/media\/18264"}],"wp:attachment":[{"href":"https:\/\/tienda.ismet.es\/index.php\/wp-json\/wp\/v2\/media?parent=18263"}],"wp:term":[{"taxonomy":"product_brand","embeddable":true,"href":"https:\/\/tienda.ismet.es\/index.php\/wp-json\/wp\/v2\/product_brand?post=18263"},{"taxonomy":"product_cat","embeddable":true,"href":"https:\/\/tienda.ismet.es\/index.php\/wp-json\/wp\/v2\/product_cat?post=18263"},{"taxonomy":"product_tag","embeddable":true,"href":"https:\/\/tienda.ismet.es\/index.php\/wp-json\/wp\/v2\/product_tag?post=18263"}],"curies":[{"name":"wp","href":"https:\/\/api.w.org\/{rel}","templated":true}]}}