{"id":1826,"date":"2018-09-04T13:41:06","date_gmt":"2018-09-04T12:41:06","guid":{"rendered":"https:\/\/tienda.ismet.es\/index.php\/producto\/tcnica-de-microscopia-hlb\/"},"modified":"2026-03-11T12:54:50","modified_gmt":"2026-03-11T11:54:50","slug":"tcnica-de-microscopia-hlb","status":"publish","type":"product","link":"https:\/\/tienda.ismet.es\/index.php\/producto\/tcnica-de-microscopia-hlb\/","title":{"rendered":"&#8211; T\u00e9cnica de microscopia HLB"},"content":{"rendered":"[vc_row][vc_column][vc_video link=&#8221;https:\/\/youtu.be\/mVpMS8PyxIo&#8221;][vc_column_text]\n<hr \/>\n<div class=\"woocommerce-product-details__short-description\">\n<p>El test del HLB est\u00e1 basado en la coagulaci\u00f3n de la sangre y nos aporta informaci\u00f3n sobre el estado de salud. Cada persona coagula la sangre de una forma diferente seg\u00fan los componentes que contenga. El estado emocional y el estr\u00e9s influyen en la coagulaci\u00f3n. Con esta t\u00e9cnica podemos visualizar el estado de salud de un paciente, el da\u00f1o de los radicales libres en el tejido sangu\u00edneo y la toxicidad que pueda tener una persona en la sangre. Es un curso pr\u00e1ctico.<\/p>\n<hr \/>\n<h4>Objetivos<\/h4>\n<ul>\n<li>Conocimiento y manejo del microscopio \u00f3ptico<\/li>\n<li>Conocimiento de los principales componentes de la sangre<\/li>\n<li>C\u00f3mo hacer una toma correcta en el test del HLB<\/li>\n<li>Estudio de las diferentes im\u00e1genes de la sangre<\/li>\n<li>Realizaci\u00f3n de pr\u00e1cticas Posible tratamiento con complementos naturales de los factores de riesgo encontrados<\/li>\n<\/ul>\n<hr \/>\n<h4>Programa del Curso<\/h4>\n<ol>\n<li>Manejo del microscopio<\/li>\n<li>Componentes de la sangre<\/li>\n<li>Funciones de la sangre<\/li>\n<li>Diferentes tipos de c\u00e9lulas sangu\u00edneas<\/li>\n<li>Historia de la t\u00e9cnica del HLB<\/li>\n<li>Material necesario para una toma de muestra sangu\u00ednea para el HLB<\/li>\n<li>C\u00f3mo realizar una toma correcta<\/li>\n<li>Sistema inmunitario\n<ul>\n<li>Estrategia del sistema inmunitario<\/li>\n<li>Importancia de la flora intestinal<\/li>\n<li>Permeabilidad intestinal<\/li>\n<\/ul>\n<\/li>\n<li>Alteraciones de la malla de fibrina\n<ul>\n<li>Fibrina soluble e insoluble<\/li>\n<li>Exceso de fibrina \u2013 Homociste\u00edna<\/li>\n<li>D\u00e9ficit de fibrina<\/li>\n<li>Fibrina \/ fibrin\u00f3geno<\/li>\n<\/ul>\n<\/li>\n<li>Mala circulaci\u00f3n arterial cerebral<\/li>\n<li>Sobrecarga linf\u00e1tica<\/li>\n<li>Estr\u00e9s \u2013 Im\u00e1genes indicativas de estr\u00e9s<\/li>\n<li>Membranas celulares: Composici\u00f3n \/ funci\u00f3n<\/li>\n<li>Estr\u00e9s oxidativo o Vacuolas: Clasificaci\u00f3n de las vacuolas<\/li>\n<li>Toxicidad\n<ul>\n<li>Toxinas solubles e insolubles<\/li>\n<li>Metales pesados<\/li>\n<\/ul>\n<\/li>\n<li>Inflamaci\u00f3n\n<ul>\n<li>Im\u00e1genes indicativas de inflamaci\u00f3n<\/li>\n<li>VSG \/ PCR<\/li>\n<\/ul>\n<\/li>\n<li>Pr\u00e1cticas<\/li>\n<\/ol>\n<hr \/>\n<p><!--\n\n\n<h4>Impartido por: Dr. Jaume Garrit<\/h4>\n\n\nFisioterapeuta, Natur\u00f3pata, Ex profesor Universitat UAB, \u201cVenia Docenti\u201d por la Universidad de Bellaterra. Es experto en Fitoterapia y est\u00e1 especializado en Hidroterapia de colon.--><\/p>\n[\/vc_column_text][\/vc_column][\/vc_row]\n<\/div>\n","protected":false},"excerpt":{"rendered":"<p>Modalidad online. <span style=\"color: #7f7dd1;\" data-darkreader-inline-color=\"\"><strong><br \/>\n\u2022 Del 2 al 31 de marzo 2026.<br \/>\n\u2022 Del 1 al 30 de abril 2026.<br \/>\n\u2022 Del 4 al 31 de mayo 2026.<br \/>\n\u2022 Del 1 al 30 de junio 2026.<br \/>\n\u2022 Del 1 al 30 de julio 2026.<br \/>\n<\/strong><\/span><\/p>\n<hr \/>\n<p>El test del HLB est\u00e1 basado en la coagulaci\u00f3n de la sangre y nos aporta informaci\u00f3n sobre el estado de salud (<a href=\"#tab-description\">Ver m\u00e1s informaci\u00f3n<\/a>)<\/p>\n","protected":false},"featured_media":24332,"comment_status":"open","ping_status":"closed","template":"","meta":{"_joinchat":[]},"product_brand":[],"product_cat":[617,82,98,180,201,205,202,203,204,179],"product_tag":[721,360,720,722,871],"class_list":{"0":"post-1826","1":"product","2":"type-product","3":"status-publish","4":"has-post-thumbnail","6":"product_cat-imagenes-profesores","7":"product_cat-naturopatia","8":"product_cat-cursos","9":"product_cat-online","10":"product_cat-online-marzo","11":"product_cat-online-abril","12":"product_cat-online-mayo","13":"product_cat-online-junio","14":"product_cat-online-julio","15":"product_cat-cursos-presenciales","16":"product_tag-hlb","17":"product_tag-jaume-garrit","18":"product_tag-microscopia-hlb","19":"product_tag-microscopio","20":"product_tag-tecnica-microscopia","21":"pa_ediciones-edicion-diciembre","22":"pa_ediciones-edicion-enero","23":"pa_ediciones-edicion-febrero","24":"pa_ediciones-edicion-marzo","25":"pa_ediciones-edicion-abril","26":"pa_ediciones-edicion-mayo","27":"pa_ediciones-edicion-junio","28":"pa_ediciones-edicion-julio","29":"pa_ediciones-edicion-agosto","30":"pa_ediciones-edicion-septiembre","31":"pa_ediciones-edicion-octubre","32":"pa_ediciones-edicion-noviembre","33":"pa_modalidad-online","35":"first","36":"instock","37":"purchasable","38":"product-type-variable"},"_links":{"self":[{"href":"https:\/\/tienda.ismet.es\/index.php\/wp-json\/wp\/v2\/product\/1826","targetHints":{"allow":["GET"]}}],"collection":[{"href":"https:\/\/tienda.ismet.es\/index.php\/wp-json\/wp\/v2\/product"}],"about":[{"href":"https:\/\/tienda.ismet.es\/index.php\/wp-json\/wp\/v2\/types\/product"}],"replies":[{"embeddable":true,"href":"https:\/\/tienda.ismet.es\/index.php\/wp-json\/wp\/v2\/comments?post=1826"}],"wp:featuredmedia":[{"embeddable":true,"href":"https:\/\/tienda.ismet.es\/index.php\/wp-json\/wp\/v2\/media\/24332"}],"wp:attachment":[{"href":"https:\/\/tienda.ismet.es\/index.php\/wp-json\/wp\/v2\/media?parent=1826"}],"wp:term":[{"taxonomy":"product_brand","embeddable":true,"href":"https:\/\/tienda.ismet.es\/index.php\/wp-json\/wp\/v2\/product_brand?post=1826"},{"taxonomy":"product_cat","embeddable":true,"href":"https:\/\/tienda.ismet.es\/index.php\/wp-json\/wp\/v2\/product_cat?post=1826"},{"taxonomy":"product_tag","embeddable":true,"href":"https:\/\/tienda.ismet.es\/index.php\/wp-json\/wp\/v2\/product_tag?post=1826"}],"curies":[{"name":"wp","href":"https:\/\/api.w.org\/{rel}","templated":true}]}}