{"id":18259,"date":"2023-05-18T10:31:03","date_gmt":"2023-05-18T09:31:03","guid":{"rendered":"https:\/\/tienda.ismet.es\/?post_type=product&#038;p=18259"},"modified":"2025-08-27T12:47:13","modified_gmt":"2025-08-27T11:47:13","slug":"abordaje-terapeutico-de-suturas-craneales-con-osteopatia","status":"publish","type":"product","link":"https:\/\/tienda.ismet.es\/index.php\/producto\/abordaje-terapeutico-de-suturas-craneales-con-osteopatia\/","title":{"rendered":"&#8211; Abordaje terap\u00e9utico de suturas craneales con osteopat\u00eda"},"content":{"rendered":"[vc_row][vc_column][vc_video link=&#8221;https:\/\/youtu.be\/Hi8gVKc6M3k&#8221;][vc_column_text]\n<hr \/>\n<div class=\"woocommerce-product-details__short-description\">\n<h4>Presentaci\u00f3n<\/h4>\n<p>La falta de movilidad en el cr\u00e1neo ya sea por una adaptaci\u00f3n o un traumatismo, puede afectar diferentes zonas del cuerpo. C\u00f3mo resultado, el sistema nervioso puede formar un punto reactivo creando informaciones err\u00f3neas hacia diferentes partes de las estructuras, o tambi\u00e9n puede crear dolor a distancia que trae como consecuencia de que en ocasiones no se pueda ni movilizar ni realizar un desbloqueo, ya sea por no ser conveniente o adecuado para el usuario.<\/p>\n<p>En esta formaci\u00f3n, aprender\u00e1s c\u00f3mo mediante el abordaje terap\u00e9utico de las suturas se puede reestablecer el equilibrio de la estructura, cuando esta se encuentra descompensada por adaptaciones craneales. Adem\u00e1s, descubrir\u00e1s c\u00f3mo tambi\u00e9n, a trav\u00e9s de las suturas podremos comprobar si el origen de la afecci\u00f3n identificada puede ser visceral, m\u00e1s relacionado al sistema musculo esquel\u00e9tico, o ambos.<\/p>\n<p>De esta manera, obtendr\u00e1s una herramienta de evaluaci\u00f3n no invasiva que te ayudar\u00e1 a ser m\u00e1s certero en tu abordaje terap\u00e9utico.<br \/>\nOtros aspectos para los que tambi\u00e9n te ser\u00e1 de mucha utilidad esta formaci\u00f3n:<br \/>\n. Cuando te encuentres frente a un caso en el que no se puede realizar un desbloqueo articular.<br \/>\n. Cuando la estructura ha realizado muchas compensaciones y a trav\u00e9s de los diferentes test osteop\u00e1ticos no identificamos ninguna evidencia clara por d\u00f3nde empezar.<br \/>\nEste tipo de t\u00e9cnica se pueden realizar en todo tipo de personas, ya que no son invasivas. Cabe resaltar, adem\u00e1s, que el curso es pr\u00e1ctico, ya que es fundamental que desarrolles las habilidades manuales aprendidas con la supervisi\u00f3n de tu profesor.<\/p>\n<hr \/>\n<h4>Programa del Curso<\/h4>\n<ol>\n<li>Descripci\u00f3n de suturas<\/li>\n<li>Formas de aplicaci\u00f3n<\/li>\n<li>Aplicaci\u00f3n de la sutura por estructuras<\/li>\n<li>Suturas y compensaci\u00f3n de cadenas<\/li>\n<li>Aplicaci\u00f3n a distintas disfunciones<\/li>\n<\/ol>\n[\/vc_column_text][\/vc_column][\/vc_row]\n<\/div>\n","protected":false},"excerpt":{"rendered":"<p>Modalidad presencial. <span style=\"color: #7f7dd1;\"><br \/>\nProgramando fechas<\/span><\/p>\n<hr \/>\n<p><b>Precio total:<\/b>160\u20ac. Se abonar\u00e1 de la siguiente manera: Reserva plaza: 60\u20ac, y 100\u20ac restantes se abonar\u00e1n el 1er d\u00eda del curso, antes de empezar, en efectivo o tarjeta.<\/p>\n<p>(<a href=\"#tab-description\">Ver m\u00e1s informaci\u00f3n<\/a>)<\/p>\n","protected":false},"featured_media":24009,"comment_status":"open","ping_status":"closed","template":"","meta":{"_joinchat":[]},"product_brand":[],"product_cat":[617,191,98,179],"product_tag":[477,310,311,260,248,754,498],"class_list":{"0":"post-18259","1":"product","2":"type-product","3":"status-publish","4":"has-post-thumbnail","6":"product_cat-imagenes-profesores","7":"product_cat-osteopatia","8":"product_cat-cursos","9":"product_cat-cursos-presenciales","10":"product_tag-abordaje-terapeutico","11":"product_tag-craneal","12":"product_tag-osteo","13":"product_tag-osteopatia","14":"product_tag-osteopatia-craneal","15":"product_tag-suturas-craneales","16":"product_tag-terapia-sacro-craneal","18":"first","19":"outofstock","20":"virtual","21":"purchasable","22":"product-type-simple"},"_links":{"self":[{"href":"https:\/\/tienda.ismet.es\/index.php\/wp-json\/wp\/v2\/product\/18259","targetHints":{"allow":["GET"]}}],"collection":[{"href":"https:\/\/tienda.ismet.es\/index.php\/wp-json\/wp\/v2\/product"}],"about":[{"href":"https:\/\/tienda.ismet.es\/index.php\/wp-json\/wp\/v2\/types\/product"}],"replies":[{"embeddable":true,"href":"https:\/\/tienda.ismet.es\/index.php\/wp-json\/wp\/v2\/comments?post=18259"}],"wp:featuredmedia":[{"embeddable":true,"href":"https:\/\/tienda.ismet.es\/index.php\/wp-json\/wp\/v2\/media\/24009"}],"wp:attachment":[{"href":"https:\/\/tienda.ismet.es\/index.php\/wp-json\/wp\/v2\/media?parent=18259"}],"wp:term":[{"taxonomy":"product_brand","embeddable":true,"href":"https:\/\/tienda.ismet.es\/index.php\/wp-json\/wp\/v2\/product_brand?post=18259"},{"taxonomy":"product_cat","embeddable":true,"href":"https:\/\/tienda.ismet.es\/index.php\/wp-json\/wp\/v2\/product_cat?post=18259"},{"taxonomy":"product_tag","embeddable":true,"href":"https:\/\/tienda.ismet.es\/index.php\/wp-json\/wp\/v2\/product_tag?post=18259"}],"curies":[{"name":"wp","href":"https:\/\/api.w.org\/{rel}","templated":true}]}}