{"id":1819,"date":"2018-09-04T13:41:05","date_gmt":"2018-09-04T12:41:05","guid":{"rendered":"https:\/\/tienda.ismet.es\/index.php\/producto\/equilibrio-intestinal-y-su-conexin-con-el-cerebro\/"},"modified":"2026-03-11T12:55:19","modified_gmt":"2026-03-11T11:55:19","slug":"equilibrio-intestinal-y-su-conexin-con-el-cerebro","status":"publish","type":"product","link":"https:\/\/tienda.ismet.es\/index.php\/producto\/equilibrio-intestinal-y-su-conexin-con-el-cerebro\/","title":{"rendered":"&#8211; Equilibrio intestinal y su conexi\u00f3n con el cerebro"},"content":{"rendered":"[vc_row][vc_column][vc_video link=&#8221;https:\/\/youtu.be\/n8jSeAavOXI&#8221;][vc_column_text]\n<div class=\"woocommerce-product-details__short-description\">\n<hr \/>\n<p>El intestino es un \u00f3rgano esencial al que prestamos muy poca atenci\u00f3n. Es un \u00f3rgano b\u00e1sico no solo por sus funciones biol\u00f3gicas, sino tambi\u00e9n porque es un reflejo de nuestras emociones. Intestino y cerebro est\u00e1n estrechamente emparentados, existe un eje f\u00edsico entre ellos. La emociones est\u00e1n directamente relacionadas con los procesos digestivos y viceversa. En este monogr\u00e1fico nos adentramos en el conocimiento del intestino, su papel como soporte nutricional, defensa de nuestro organismo y equilibrio emocional<\/p>\n<hr \/>\n<h4>Objetivos<\/h4>\n<p>Entender el papel del intestino delgado como un elemento clave en el cuidado de la salud. Conocer las enfermedades asociadas a un aumento de la permeabilidad intestinal en la poblaci\u00f3n actual y analizar la terapia nutricional y de suplementaci\u00f3n Estudio de la relaci\u00f3n intestino-cerebro.<\/p>\n<hr \/>\n<h4>Programa del Curso<\/h4>\n<ol>\n<li>Intestino delgado<\/li>\n<li>Probi\u00f3ticos y prebi\u00f3ticos<\/li>\n<li>Hiperpermeabilidad intestinal<\/li>\n<li>Enfermedad cel\u00edaca<\/li>\n<li>La comunicaci\u00f3n intestino cerebro<\/li>\n<\/ol>\n<hr \/>\n<p><!--\n\n\n<h4>Impartido por: Victoria Garc\u00eda Framis<\/h4>\n\n\nLic. y Doctorado en Ciencias Biol\u00f3gicas (UAB). Postgrado en diet\u00e9tica y nutrici\u00f3n. T\u00e9cnico Superior en Diet\u00e9tica y Naturopat\u00eda.--><\/p>\n[\/vc_column_text][\/vc_column][\/vc_row]\n<\/div>\n","protected":false},"excerpt":{"rendered":"<p>Modalidad online.<span style=\"color: #7f7dd1;\" data-darkreader-inline-color=\"\"><strong><br \/>\n\u2022 Del 2 al 31 de marzo 2026.<br \/>\n\u2022 Del 1 al 30 de abril 2026.<br \/>\n\u2022 Del 4 al 31 de mayo 2026.<br \/>\n\u2022 Del 1 al 30 de junio 2026.<br \/>\n\u2022 Del 1 al 30 de julio 2026.<\/p>\n<p><\/strong><\/span><\/p>\n<hr \/>\n<p><b>Precio especial cont\u00e1ctanos al 93 426 50 50:<\/b>Consigue un 10% descuento socios ADITEC (Associaci\u00f3 de T\u00e8cnics Dietistes)<\/p>\n<hr \/>\n<p>El intestino es un \u00f3rgano esencial al que prestamos muy poca atenci\u00f3n. Es un \u00f3rgano b\u00e1sico no solo por sus funciones biol\u00f3gicas, sino tambi\u00e9n porque es un reflejo de nuestras emociones. Intestino y cerebro est\u00e1n estrechamente emparentados&#8230; (<a href=\"#tab-description\">Ver m\u00e1s informaci\u00f3n<\/a>)<\/p>\n<hr \/>\n","protected":false},"featured_media":5674,"comment_status":"open","ping_status":"closed","template":"","meta":{"_joinchat":[]},"product_brand":[],"product_cat":[617,82,184,98,180,201,205,202,203,204],"product_tag":[649,848,650,651,428],"class_list":{"0":"post-1819","1":"product","2":"type-product","3":"status-publish","4":"has-post-thumbnail","6":"product_cat-imagenes-profesores","7":"product_cat-naturopatia","8":"product_cat-alimentacion-saludable","9":"product_cat-cursos","10":"product_cat-online","11":"product_cat-online-marzo","12":"product_cat-online-abril","13":"product_cat-online-mayo","14":"product_cat-online-junio","15":"product_cat-online-julio","16":"product_tag-cerebro","17":"product_tag-conexion-con-el-cerebro","18":"product_tag-equilibrio","19":"product_tag-intestinal","20":"product_tag-victoria-garcia-framis","21":"pa_ediciones-edicion-diciembre","22":"pa_ediciones-edicion-enero","23":"pa_ediciones-edicion-febrero","24":"pa_ediciones-edicion-marzo","25":"pa_ediciones-edicion-abril","26":"pa_ediciones-edicion-mayo","27":"pa_ediciones-edicion-junio","28":"pa_ediciones-edicion-julio","29":"pa_ediciones-edicion-agosto","30":"pa_ediciones-edicion-septiembre","31":"pa_ediciones-edicion-octubre","32":"pa_ediciones-edicion-noviembre","34":"first","35":"instock","36":"purchasable","37":"product-type-variable"},"_links":{"self":[{"href":"https:\/\/tienda.ismet.es\/index.php\/wp-json\/wp\/v2\/product\/1819","targetHints":{"allow":["GET"]}}],"collection":[{"href":"https:\/\/tienda.ismet.es\/index.php\/wp-json\/wp\/v2\/product"}],"about":[{"href":"https:\/\/tienda.ismet.es\/index.php\/wp-json\/wp\/v2\/types\/product"}],"replies":[{"embeddable":true,"href":"https:\/\/tienda.ismet.es\/index.php\/wp-json\/wp\/v2\/comments?post=1819"}],"wp:featuredmedia":[{"embeddable":true,"href":"https:\/\/tienda.ismet.es\/index.php\/wp-json\/wp\/v2\/media\/5674"}],"wp:attachment":[{"href":"https:\/\/tienda.ismet.es\/index.php\/wp-json\/wp\/v2\/media?parent=1819"}],"wp:term":[{"taxonomy":"product_brand","embeddable":true,"href":"https:\/\/tienda.ismet.es\/index.php\/wp-json\/wp\/v2\/product_brand?post=1819"},{"taxonomy":"product_cat","embeddable":true,"href":"https:\/\/tienda.ismet.es\/index.php\/wp-json\/wp\/v2\/product_cat?post=1819"},{"taxonomy":"product_tag","embeddable":true,"href":"https:\/\/tienda.ismet.es\/index.php\/wp-json\/wp\/v2\/product_tag?post=1819"}],"curies":[{"name":"wp","href":"https:\/\/api.w.org\/{rel}","templated":true}]}}