{"id":18185,"date":"2023-05-09T12:01:18","date_gmt":"2023-05-09T11:01:18","guid":{"rendered":"https:\/\/tienda.ismet.es\/?post_type=product&#038;p=18185"},"modified":"2026-03-11T11:00:01","modified_gmt":"2026-03-11T10:00:01","slug":"fitoterapia-china-para-potenciar-el-tratamiento-con-acupuntura","status":"publish","type":"product","link":"https:\/\/tienda.ismet.es\/index.php\/producto\/fitoterapia-china-para-potenciar-el-tratamiento-con-acupuntura\/","title":{"rendered":"&#8211; Fitoterapia china, para potenciar el tratamiento con acupuntura"},"content":{"rendered":"[vc_row][vc_column][vc_video link=&#8221;https:\/\/youtu.be\/11v_7tKdxmA&#8221;][vc_column_text]\n<hr \/>\n<h4>Objetivos<\/h4>\n<ul>\n<li>El objetivo de este curso es aprender a combinar la fitoterapia china con acupuntura, para mejorar los resultados de los tratamientos recomendados con Medicina Tradicional China a los usuarios.<\/li>\n<li>En el curso se explicar\u00e1n las diferentes acciones de cada planta dentro de la f\u00f3rmula y la utilizaci\u00f3n de la f\u00f3rmula en el tratamiento de los diferentes s\u00edndromes. De esta forma, el alumno aprender\u00e1 c\u00f3mo potenciar los resultados de la acupuntura, as\u00ed como contribuir al mantenimiento y mejora del estado de salud del cliente hasta la pr\u00f3xima visita.<\/li>\n<li>Capacitar al alumno, ya sea profesional o estudiante de la MTC para utilizar Fitoterapia China con total seguridad y eficiencia de acuerdo con los principios de la MTC.<\/li>\n<li>Desarrollar en el alumno autoconfianza te\u00f3rico\u2013pr\u00e1ctica en la aplicaci\u00f3n de la Fitoterapia China en su globalidad.<\/li>\n<li>Aprender a combinar la Fitoterapia China con la acupuntura y las dem\u00e1s t\u00e9cnicas de la MTC, con el objetivo de obtener los mejores resultados terap\u00e9uticos.<\/li>\n<\/ul>\n<h4><\/h4>\n<p>.[\/vc_column_text][\/vc_column][\/vc_row]\n","protected":false},"excerpt":{"rendered":"<p>Modalidad online.<span style=\"color: #7f7dd1;\" data-darkreader-inline-color=\"\"><strong><br \/>\n\u2022 Del 2 al 31 de marzo 2026.<br \/>\n\u2022 Del 1 al 30 de abril 2026.<br \/>\n\u2022 Del 4 al 31 de mayo 2026.<br \/>\n\u2022 Del 1 al 30 de junio 2026.<br \/>\n\u2022 Del 1 al 30 de julio 2026.<br \/>\n<\/strong><\/span><\/p>\n<hr \/>\n<p>Precio total: 225\u20ac.<br \/>\nPrecio especial: Club Fitoki y socios de la SAC: 160\u20ac. Plazas Limitadas.<\/p>\n<p>(<a href=\"#tab-description\">Ver m\u00e1s informaci\u00f3n<\/a>)<\/p>\n","protected":false},"featured_media":18189,"comment_status":"open","ping_status":"closed","template":"","meta":{"_joinchat":[]},"product_brand":[],"product_cat":[216,90,98,180,201,205,202,203,204],"product_tag":[320,572,573,527,753],"class_list":{"0":"post-18185","1":"product","2":"type-product","3":"status-publish","4":"has-post-thumbnail","6":"product_cat-fitoki","7":"product_cat-medicina-china-y-acupuntura","8":"product_cat-cursos","9":"product_cat-online","10":"product_cat-online-marzo","11":"product_cat-online-abril","12":"product_cat-online-mayo","13":"product_cat-online-junio","14":"product_cat-online-julio","15":"product_tag-acupuntura","16":"product_tag-fito","17":"product_tag-fitoterapia","18":"product_tag-plantas-medicinales","19":"product_tag-tratamiento-con-acupuntura","20":"pa_ediciones-edicion-diciembre","21":"pa_ediciones-edicion-enero","22":"pa_ediciones-edicion-febrero","23":"pa_ediciones-edicion-marzo","24":"pa_ediciones-edicion-abril","25":"pa_ediciones-edicion-mayo","26":"pa_ediciones-edicion-junio","27":"pa_ediciones-edicion-julio","29":"first","30":"instock","31":"purchasable","32":"product-type-variable"},"_links":{"self":[{"href":"https:\/\/tienda.ismet.es\/index.php\/wp-json\/wp\/v2\/product\/18185","targetHints":{"allow":["GET"]}}],"collection":[{"href":"https:\/\/tienda.ismet.es\/index.php\/wp-json\/wp\/v2\/product"}],"about":[{"href":"https:\/\/tienda.ismet.es\/index.php\/wp-json\/wp\/v2\/types\/product"}],"replies":[{"embeddable":true,"href":"https:\/\/tienda.ismet.es\/index.php\/wp-json\/wp\/v2\/comments?post=18185"}],"wp:featuredmedia":[{"embeddable":true,"href":"https:\/\/tienda.ismet.es\/index.php\/wp-json\/wp\/v2\/media\/18189"}],"wp:attachment":[{"href":"https:\/\/tienda.ismet.es\/index.php\/wp-json\/wp\/v2\/media?parent=18185"}],"wp:term":[{"taxonomy":"product_brand","embeddable":true,"href":"https:\/\/tienda.ismet.es\/index.php\/wp-json\/wp\/v2\/product_brand?post=18185"},{"taxonomy":"product_cat","embeddable":true,"href":"https:\/\/tienda.ismet.es\/index.php\/wp-json\/wp\/v2\/product_cat?post=18185"},{"taxonomy":"product_tag","embeddable":true,"href":"https:\/\/tienda.ismet.es\/index.php\/wp-json\/wp\/v2\/product_tag?post=18185"}],"curies":[{"name":"wp","href":"https:\/\/api.w.org\/{rel}","templated":true}]}}