{"id":1816,"date":"2018-09-04T13:41:04","date_gmt":"2018-09-04T12:41:04","guid":{"rendered":"https:\/\/tienda.ismet.es\/index.php\/producto\/kinesiologia-global-modulo-bioquimica-y-nutricion\/"},"modified":"2025-05-07T12:57:59","modified_gmt":"2025-05-07T11:57:59","slug":"kinesiologia-global-modulo-bioquimica-y-nutricion","status":"publish","type":"product","link":"https:\/\/tienda.ismet.es\/index.php\/producto\/kinesiologia-global-modulo-bioquimica-y-nutricion\/","title":{"rendered":"&#8211; Kinesiolog\u00eda Global, cuerpo de la bioqu\u00edmica y nutrici\u00f3n"},"content":{"rendered":"[vc_row][vc_column][vc_video link=&#8221;https:\/\/www.youtube.com\/watch?v=AXQSR5Xn6og&#8221;][vc_column_text]\n<div class=\"woocommerce-product-details__short-description\">\n<p>La Kinesiolog\u00eda es una disciplina terap\u00e9utica basada en la comunicaci\u00f3n neuromuscular que permite la integraci\u00f3n entre quien realiza la terapia y quien la recibe, siendo lo m\u00e1s destacable de la Kinesiolog\u00eda Global su esp\u00edritu integrador, al tomar conceptos y formas de trabajo de la Medicina Tradicional China, las Terapias Manuales, la Naturopat\u00eda, la Psicoterapia y T\u00e9cnicas Crecimiento Personal.<\/p>\n<p>Este m\u00f3dulo del curso de Kinesiologia Global es totalmente funcional y aut\u00f3nomo, puede cursarse de forma independiente (prerrequisito: B1 \u2013 KINESIOLOG\u00cdA GLOBAL. APRENDER A TESTAR: T\u00c9CNICAS Y M\u00c9TODOS)<\/p>\n<hr \/>\n<h4>Objetivos<\/h4>\n<p>Aprender a trabajar con las informaciones y las correcciones relacionadas con el CUERPO DE LA BIOQU\u00cdMICA Y NUTRICI\u00d3N. Trabajar con el test de alimentos, valorar casos de alergias e intolerancias, y aprender c\u00f3mo acompa\u00f1arlas. As\u00ed como la valoraci\u00f3n de la calidad y cantidad de elementos fundamentales en la dieta del cliente (macro \/ micro nutrientes y otros).<\/p>\n<hr \/>\n<h4>Programa del Curso<\/h4>\n<ol>\n<li>Introducci\u00f3n<br \/>\n&#8211; \u00bfQu\u00e9 es el Cuerpo de la Bioqu\u00edmica y Nutrici\u00f3n?<br \/>\n&#8211; \u00c1mbito de aplicaci\u00f3n<\/li>\n<li>Macronutrientes<br \/>\n-Informar y corregir<br \/>\nAgua<br \/>\nL\u00edpidos<br \/>\nGl\u00facidos<br \/>\nProte\u00ednas<\/li>\n<li>Micronutrientes<br \/>\nInformar y corregir<br \/>\nVitaminas<br \/>\nMinerales<br \/>\nAmino\u00e1cidos<\/li>\n<li>Hormonas<br \/>\n&#8211; Informaciones<br \/>\n&#8211; Correcciones<\/li>\n<li>Alimentaci\u00f3n<br \/>\n&#8211; Informaciones<br \/>\n&#8211; Distribuci\u00f3n<br \/>\n&#8211; Tablas alimentarias<br \/>\n&#8211; Correcciones<\/li>\n<li>Alergias<br \/>\n&#8211; Identificaci\u00f3n<br \/>\n&#8211; Informaciones y correcciones<\/li>\n<li>Alergias alimentarias<br \/>\n&#8211; Identificaci\u00f3n<br \/>\n&#8211; Informaciones y correcciones<\/li>\n<li>Intolerancias<br \/>\n&#8211; Identificar<br \/>\n&#8211; Informaciones y correcciones<\/li>\n<li>Microorganismos<br \/>\n&#8211; Identificar (Virus, bacterias, par\u00e1sitos y hongos)<br \/>\n&#8211; Informaciones y correcciones<\/li>\n<li>Bioqu\u00edmica sangu\u00ednea<br \/>\n&#8211; Hipoglucemia<br \/>\n&#8211; Colesterol y triglic\u00e9ridos<br \/>\n&#8211; \u00c1cido \u00farico<br \/>\n&#8211; Hipertensi\u00f3n<br \/>\n&#8211; Correcciones<\/li>\n<li>\u00d3rganos y gl\u00e1ndulas<br \/>\n&#8211; Identificar (funcionamiento alterado: hiper \u2013<br \/>\nhipofunci\u00f3n)<br \/>\n&#8211; Informaciones y correcciones<\/li>\n<li>Homotoxicolog\u00eda<br \/>\n&#8211; Identificaci\u00f3n<br \/>\n&#8211; Vicariaci\u00f3n<\/li>\n<li>Correcciones<br \/>\n&#8211; Elaboraci\u00f3n lista alimentos compatibles<br \/>\n&#8211; Tapping, puntos, correcciones oculares<br \/>\n&#8211; Auriculo puntura<br \/>\n&#8211; Alimentos como elemento corrector<br \/>\n&#8211; Frecuencias de Rife y Hilda Clark<br \/>\n&#8211; Aceites esenciales y vegetales<br \/>\n&#8211; Biomagnetismo<br \/>\n&#8211; Puntos Riddler, Sales de Sch\u00fcssler, Oligoelementos, \u2026<\/li>\n<li>Pr\u00e1cticas<br \/>\nContinuadas. En cada uno de los apartados se<br \/>\npracticar\u00e1 cada m\u00e9todo y t\u00e9cnica tanto en solitario, si<br \/>\nprocede, como con el resto de los alumnos.<\/li>\n<\/ol>\n<hr \/>\n<p><!--\n\n\n<h4>Impartido por: Jaume Porta Vidal<\/h4>\n\n\nGraduado en Medicina Tradicional China, Terapeuta Shiatsu, Yuki, Tuina, Qigong terap\u00e9utico y RBE, Aroma terapeuta, Kinesi\u00f3logo (Global, Emocional, Bioqu\u00edmica, Qu\u00e1ntica Vibracional), Bioingenier\u00eda Cu\u00e1ntica, VRT Reflexolog\u00eda vertical, Par Biomagn\u00e9tico, Instructor de Taichi y Qigong, Reset ATM Certified, Masaje Ayurv\u00e9dico, Maestr\u00edas de Reiki. Software engineer.--><\/p>\n[\/vc_column_text][\/vc_column][\/vc_row]\n<\/div>\n","protected":false},"excerpt":{"rendered":"<p>Modalidad presencial. <span style=\"color: #7f7dd1;\" data-darkreader-inline-color=\"\"><strong>Programando fechas<br \/>\nTambi\u00e9n incluye 1 sesi\u00f3n online en directo (por Teams), de 4h\/sesi\u00f3n.<\/strong><\/span><\/p>\n<hr \/>\n<p><strong>Precio m\u00f3dulo: 210\u20ac.<br \/>\nPrecio especial: <\/strong> Programa completo (7 m\u00f3dulos + m\u00f3dulo consolidaci\u00f3n). A fraccionar de la siguiente manera: 1.360\u20ac, fraccionado en reserva plaza de 100\u20ac + 9 pagos de 140\u20ac\/mes. (iva incluido), por domiciliaci\u00f3n bancaria. Plazas limitadas.<\/p>\n<hr \/>\n<p>Aprender a trabajar con las informaciones y las correcciones relacionadas con el CUERPO DE LA QU\u00cdMICA Y NUTRICI\u00d3N. (<a href=\"#tab-description\">Ver m\u00e1s informaci\u00f3n<\/a>)<\/p>\n","protected":false},"featured_media":7687,"comment_status":"open","ping_status":"closed","template":"","meta":{"_joinchat":[]},"product_brand":[],"product_cat":[617,183,98,180,179],"product_tag":[709,520,523,328],"class_list":{"0":"post-1816","1":"product","2":"type-product","3":"status-publish","4":"has-post-thumbnail","6":"product_cat-imagenes-profesores","7":"product_cat-terapias-energeticas","8":"product_cat-cursos","9":"product_cat-online","10":"product_cat-cursos-presenciales","11":"product_tag-bioquimica","12":"product_tag-kine","13":"product_tag-kinesiologia-global","14":"product_tag-nutricion","16":"first","17":"instock","18":"virtual","19":"taxable","20":"purchasable","21":"product-type-simple"},"_links":{"self":[{"href":"https:\/\/tienda.ismet.es\/index.php\/wp-json\/wp\/v2\/product\/1816","targetHints":{"allow":["GET"]}}],"collection":[{"href":"https:\/\/tienda.ismet.es\/index.php\/wp-json\/wp\/v2\/product"}],"about":[{"href":"https:\/\/tienda.ismet.es\/index.php\/wp-json\/wp\/v2\/types\/product"}],"replies":[{"embeddable":true,"href":"https:\/\/tienda.ismet.es\/index.php\/wp-json\/wp\/v2\/comments?post=1816"}],"wp:featuredmedia":[{"embeddable":true,"href":"https:\/\/tienda.ismet.es\/index.php\/wp-json\/wp\/v2\/media\/7687"}],"wp:attachment":[{"href":"https:\/\/tienda.ismet.es\/index.php\/wp-json\/wp\/v2\/media?parent=1816"}],"wp:term":[{"taxonomy":"product_brand","embeddable":true,"href":"https:\/\/tienda.ismet.es\/index.php\/wp-json\/wp\/v2\/product_brand?post=1816"},{"taxonomy":"product_cat","embeddable":true,"href":"https:\/\/tienda.ismet.es\/index.php\/wp-json\/wp\/v2\/product_cat?post=1816"},{"taxonomy":"product_tag","embeddable":true,"href":"https:\/\/tienda.ismet.es\/index.php\/wp-json\/wp\/v2\/product_tag?post=1816"}],"curies":[{"name":"wp","href":"https:\/\/api.w.org\/{rel}","templated":true}]}}