{"id":1815,"date":"2018-09-04T13:41:04","date_gmt":"2018-09-04T12:41:04","guid":{"rendered":"https:\/\/tienda.ismet.es\/index.php\/producto\/kinesiologia-global-modulo-psique\/"},"modified":"2025-05-07T13:00:59","modified_gmt":"2025-05-07T12:00:59","slug":"kinesiologia-global-modulo-psique","status":"publish","type":"product","link":"https:\/\/tienda.ismet.es\/index.php\/producto\/kinesiologia-global-modulo-psique\/","title":{"rendered":"&#8211; Kinesiolog\u00eda Global, cuerpo de la psique"},"content":{"rendered":"[vc_row][vc_column][vc_video link=&#8221;&#8221;][vc_column_text]\n<div class=\"woocommerce-product-details__short-description\">\n<p>La Kinesiolog\u00eda es una disciplina terap\u00e9utica basada en la comunicaci\u00f3n neuromuscular que permite la integraci\u00f3n entre quien realiza la terapia y quien la recibe, siendo lo m\u00e1s destacable de la Kinesiolog\u00eda Global su esp\u00edritu integrador, al tomar conceptos y formas de trabajo de la Medicina Tradicional China, las Terapias Manuales, la Naturopat\u00eda, la Psicoterapia y T\u00e9cnicas Crecimiento Personal.<br \/>\nEste m\u00f3dulo del curso de Kinesiologia Global es totalmente funcional y aut\u00f3nomo, puede cursarse de forma independiente (requisito: B1 \u2013 KINESIOLOG\u00cdA GLOBAL. APRENDER A TESTAR: T\u00c9CNICAS Y M\u00c9TODOS).<\/p>\n<hr \/>\n<h4>Objetivos<\/h4>\n<p>Aprender a trabajar con las informaciones y las correcciones relacionadas con el CUERPO DE LA PSIQUE con la intenci\u00f3n de acompa\u00f1ar a nuestros clientes para ayudar a comprender, aliviar o superar sus procesos de vida, utilizando la informaci\u00f3n aportada por su consciente, subconsciente e inconsciente junto con las diferentes t\u00e9cnicas que aprenderemos.\n<\/p><\/div>\n<hr \/>\n<h4>Programa del Curso<\/h4>\n<ul>\n<li><strong>Introducci\u00f3n<\/strong><br \/>\n\u00bfQu\u00e9 es el Cuerpo de la Psique?<br \/>\n\u00c1mbito de aplicaci\u00f3n<\/li>\n<li>Reverso psicol\u00f3gico<br \/>\n\u00bfHay algo que nos impide o dificulta realizar aquello que queremos?<br \/>\nInformaciones y correcciones<\/li>\n<li>Recesi\u00f3n de edad<br \/>\nHacia d\u00f3nde podemos mirar para enfocar, entender o solventar lo que nos est\u00e1 pasando<br \/>\nInformaciones y correcciones<\/li>\n<li>Relacional<br \/>\n\u00bfCon qui\u00e9n, con qui\u00e9nes o con qu\u00e9?<br \/>\nInformaciones y correcciones<\/li>\n<li>Estr\u00e9s<br \/>\nLocalizar situaciones<br \/>\nInformaciones y correcciones<\/li>\n<li>Emociones, fobias y man\u00edas<br \/>\nIdentificaci\u00f3n<br \/>\nInformaciones y correcciones<\/li>\n<li>Actividad cerebral<br \/>\nOndas cerebrales<br \/>\nRitmos del sue\u00f1o<br \/>\nInformaciones y correcciones<\/li>\n<li>Creencias limitantes<br \/>\nIdentificar<br \/>\nInformaciones y correcciones<\/li>\n<li>Dependencias<br \/>\nAdicci\u00f3n desintoxicaci\u00f3n y abuso de sustancias<br \/>\nTabaquismo<br \/>\nAlimentarias<br \/>\nInformaciones y correcciones<\/li>\n<li>Duelo<br \/>\nFases<br \/>\nIdentificar<br \/>\nInformaciones y correcciones<\/li>\n<li>Centro de gravedad<br \/>\nConsciente<br \/>\nInconsciente<br \/>\nYo<br \/>\nTu<\/li>\n<li>Correcciones<br \/>\nEsencias florales<br \/>\nLiberaci\u00f3n de estr\u00e9s emocional<br \/>\nAceites esenciales<br \/>\nBorrado de memorias neurol\u00f3gicas<br \/>\nDesprenderse de creencias limitantes<br \/>\nPuntos Benet, Neuro emocionales, Hipotal\u00e1micos\u2026<br \/>\nIntegraci\u00f3n cortical<br \/>\nTapping, Auriculopuntura\u2026<\/li>\n<li>Pr\u00e1cticas<br \/>\nContinuadas. En cada uno de los apartados se practicar\u00e1 cada m\u00e9todo y t\u00e9cnica tanto en solitario, si procede, como con el resto de los alumnos<\/li>\n<\/ul>\n<hr \/>\n<p><!--\n\n\n<h4>Impartido por: Jaume Porta Vidal<\/h4>\n\n\nGraduado en Medicina Tradicional China, Terapeuta Shiatsu, Yuki, Tuina, Qigong terap\u00e9utico y RBE, Aroma terapeuta, Kinesi\u00f3logo (Global, Emocional, Bioqu\u00edmica, Qu\u00e1ntica Vibracional), Bioingenier\u00eda Cu\u00e1ntica, VRT Reflexolog\u00eda vertical, Par Biomagn\u00e9tico, Instructor de Taichi y Qigong, Reset ATM Certified, Masaje Ayurv\u00e9dico, Maestr\u00edas de Reiki. Software engineer--><\/p>\n[\/vc_column_text][\/vc_column][\/vc_row]\n","protected":false},"excerpt":{"rendered":"<p>Modalidad presencial. <span style=\"color: #7f7dd1;\"><strong><br \/>\nPlanificando fechas<\/strong><\/span><\/p>\n<hr \/>\n<p><strong>Precio m\u00f3dulo: 260\u20ac. El m\u00f3dulo se abonar\u00e1 en 2 pagos de 130\u20ac, a abonar los d\u00edas 5 de octubre y 14 diciembre, antes de empezar la clase.<br \/>\nPrecio especial: <\/strong> Programa completo (7 m\u00f3dulos + m\u00f3dulo consolidaci\u00f3n). A fraccionar de la siguiente manera: 1.360\u20ac, fraccionado en reserva plaza de 100\u20ac + 9 pagos de 140\u20ac\/mes. (iva incluido), por domiciliaci\u00f3n bancaria. Plazas limitadas.<\/p>\n<hr \/>\n<p>La Kinesiolog\u00eda es una disciplina terap\u00e9utica basada en la comunicaci\u00f3n neuromuscular que permite la integraci\u00f3n entre el que realiza la terapia y el que la recibe. (<a href=\"#tab-description\">Ver m\u00e1s informaci\u00f3n<\/a>)<\/p>\n","protected":false},"featured_media":12128,"comment_status":"open","ping_status":"closed","template":"","meta":{"_joinchat":[]},"product_brand":[],"product_cat":[617,92,183,98,179],"product_tag":[711,520,521,523,710],"class_list":{"0":"post-1815","1":"product","2":"type-product","3":"status-publish","4":"has-post-thumbnail","6":"product_cat-imagenes-profesores","7":"product_cat-crecimiento-personal","8":"product_cat-terapias-energeticas","9":"product_cat-cursos","10":"product_cat-cursos-presenciales","11":"product_tag-cuerpo-de-la-psique","12":"product_tag-kine","13":"product_tag-kinesiologia","14":"product_tag-kinesiologia-global","15":"product_tag-psique","16":"pa_ediciones-edicion-febrero","17":"pa_ediciones-edicion-junio","19":"first","20":"instock","21":"virtual","22":"taxable","23":"purchasable","24":"product-type-simple"},"_links":{"self":[{"href":"https:\/\/tienda.ismet.es\/index.php\/wp-json\/wp\/v2\/product\/1815","targetHints":{"allow":["GET"]}}],"collection":[{"href":"https:\/\/tienda.ismet.es\/index.php\/wp-json\/wp\/v2\/product"}],"about":[{"href":"https:\/\/tienda.ismet.es\/index.php\/wp-json\/wp\/v2\/types\/product"}],"replies":[{"embeddable":true,"href":"https:\/\/tienda.ismet.es\/index.php\/wp-json\/wp\/v2\/comments?post=1815"}],"wp:featuredmedia":[{"embeddable":true,"href":"https:\/\/tienda.ismet.es\/index.php\/wp-json\/wp\/v2\/media\/12128"}],"wp:attachment":[{"href":"https:\/\/tienda.ismet.es\/index.php\/wp-json\/wp\/v2\/media?parent=1815"}],"wp:term":[{"taxonomy":"product_brand","embeddable":true,"href":"https:\/\/tienda.ismet.es\/index.php\/wp-json\/wp\/v2\/product_brand?post=1815"},{"taxonomy":"product_cat","embeddable":true,"href":"https:\/\/tienda.ismet.es\/index.php\/wp-json\/wp\/v2\/product_cat?post=1815"},{"taxonomy":"product_tag","embeddable":true,"href":"https:\/\/tienda.ismet.es\/index.php\/wp-json\/wp\/v2\/product_tag?post=1815"}],"curies":[{"name":"wp","href":"https:\/\/api.w.org\/{rel}","templated":true}]}}