{"id":18017,"date":"2023-04-26T13:43:30","date_gmt":"2023-04-26T12:43:30","guid":{"rendered":"https:\/\/tienda.ismet.es\/?post_type=product&#038;p=18017"},"modified":"2026-03-19T11:02:59","modified_gmt":"2026-03-19T10:02:59","slug":"masaje-con-canas-de-bambu-bambuterapia-balinesa","status":"publish","type":"product","link":"https:\/\/tienda.ismet.es\/index.php\/producto\/masaje-con-canas-de-bambu-bambuterapia-balinesa\/","title":{"rendered":"&#8211; Masaje con ca\u00f1as de bamb\u00fa, bambuterapia Balinesa"},"content":{"rendered":"[vc_row][vc_column][vc_video link=&#8221;https:\/\/youtu.be\/_22QuLnFRPo&#8221;][vc_column_text]\n<hr \/>\n<p>La Bambuterapia utiliza ca\u00f1as de bamb\u00fa de diferentes tama\u00f1os, lo que permite aplicar la t\u00e9cnica en todas las partes del cuerpo, incluidas \u00e1reas delicadas como el rostro.<\/p>\n<p>En este tratamiento se combinan presiones y movimientos suaves que se focalizan en puntos de presi\u00f3n similares a los del shiatsu, favoreciendo la circulaci\u00f3n energ\u00e9tica y la relajaci\u00f3n profunda. Las ca\u00f1as se aplican con una mezcla de firmeza, suavidad y ligereza, equilibrando los centros energ\u00e9ticos del cuerpo, purificando energ\u00edas negativas y relajando tanto la mente como el cuerpo.<\/p>\n<hr \/>\n<h4>Objetivo<\/h4>\n<ul>\n<li>Conocer los posibles usos del masaje con ca\u00f1as de bamb\u00fa, identificar las necesidades del usuario y dise\u00f1ar el correcto plan de tratamiento, beneficios y precauciones a tener en cuenta<\/li>\n<li>Saber las causas del engrosamiento del tejido adiposo y de la aparici\u00f3n de la celulitis<\/li>\n<li>Saber c\u00f3mo tratar contracturas o un dolor miofascial con las ca\u00f1as de bamb\u00fa<\/li>\n<li>Conocer y utilizar las distintas ca\u00f1as de bamb\u00fa y sus varias t\u00e9cnicas de aplicaci\u00f3n<\/li>\n<li>Aprender el protocolo completo de tratamiento con las ca\u00f1as de bamb\u00fa<\/li>\n<\/ul>\n<hr \/>\n<h4>Programa del curso<\/h4>\n<ol>\n<li>Historia de la bambuterapia<\/li>\n<li>Distintos prop\u00f3sitos de la bambuterapia, descripci\u00f3n del tratamiento<\/li>\n<li>Anatom\u00eda aplicada a la bambuterapia, sistema tegumentario y linf\u00e1tico<\/li>\n<li>\u00a0Tama\u00f1os de las ca\u00f1as de bamb\u00fa, caracter\u00edsticas y uso<\/li>\n<li>Aceites base y aceites esenciales aplicados a la bambuterapia<\/li>\n<li>Beneficios y contraindicaciones del tratamiento<\/li>\n<li>Limpieza y mantenimiento de las ca\u00f1as de bamb\u00fa<\/li>\n<li>Dise\u00f1o de un tratamiento de varias sesiones seg\u00fan sea tratamiento para el dolor, para el relax o para la est\u00e9tica<\/li>\n<li>T\u00e9cnicas de aplicaci\u00f3n: rodamiento simple y con retroceso, vaiv\u00e9n, fricci\u00f3n, percusi\u00f3n (tapping), presi\u00f3n, estiramiento, amasamiento simple y doble, pivot, deslizamiento con vibraci\u00f3n, vaciados, cupping, effleurages<\/li>\n<li>\u00a0Protocolo de tratamiento en abdomen, piernas, cadera, gl\u00fateos, espalda, brazos, cuello y cara<\/li>\n<li>Pr\u00e1ctica completa del masaje con ca\u00f1as de bamb\u00fa en prono y en supino<\/li>\n<\/ol>\n<hr \/>\n<p><!--\n\n\n<h4>Impartido por: Clara Gasperini.<\/h4>\n\n\nQuiromasajista, Linfoterapeuta, Auriculoterapeuta y Reflex\u00f3loga Podal. Terapeuta Manual y de Est\u00e9tica Natural. Especializada en Terapias Manuales de Bienestar y Ayurveda, masajes, terapias y coach de Nutrici\u00f3n Ayurv\u00e9dica. Experta universitaria en Filosof\u00edas Orientales (por Uni Roma II) y Filosof\u00eda del Yoga, considera las t\u00e9cnicas de respiraci\u00f3n, relajaci\u00f3n y reeducaci\u00f3n postural herramientas necesarias para el mantenimiento y restablecimiento de la salud. Profesora de Yoga, Masaje Tailand\u00e9s y de Estiramientos Terap\u00e9uticos. Desde el 2008 se dedica a las Terapias Naturales y al Crecimiento Personal. Trabaja como Terapeuta Manual, Coach de la Salud y Profesora de Yoga en su estudio de Barcelona.--><\/p>\n[\/vc_column_text][\/vc_column][\/vc_row]\n","protected":false},"excerpt":{"rendered":"<p>Modalidad presencial. <span style=\"color: #7f7dd1;\" data-darkreader-inline-color=\"\"><br \/>\n<b>programando fechas&#8230;<\/b><\/span><\/p>\n<hr \/>\n<p>Precio total: 145\u20ac. Se abonar\u00e1 de la siguiente manera: Reserva plaza: 50\u20ac, el importe restante se abonar\u00e1n el 1er d\u00eda del curso, antes de empezar, en efectivo o tarjeta.<\/p>\n<hr \/>\n<p>Las ca\u00f1as se aplican con una mezcla de firmeza, suavidad y ligereza, equilibrando los centros energ\u00e9ticos del cuerpo&#8230; (<a href=\"#tab-description\">Ver m\u00e1s informaci\u00f3n<\/a>)<\/p>\n","protected":false},"featured_media":18091,"comment_status":"open","ping_status":"closed","template":"","meta":{"_joinchat":[]},"product_brand":[],"product_cat":[617,89,182,98,179],"product_tag":[780,747,355,344,357,337],"class_list":{"0":"post-18017","1":"product","2":"type-product","3":"status-publish","4":"has-post-thumbnail","6":"product_cat-imagenes-profesores","7":"product_cat-terapias-manuales","8":"product_cat-wellness-y-estetica","9":"product_cat-cursos","10":"product_cat-cursos-presenciales","11":"product_tag-bambuterapia","12":"product_tag-canas-bambu","13":"product_tag-clara-gasperini","14":"product_tag-estetica","15":"product_tag-masaje","16":"product_tag-wellness","17":"pa_ediciones-edicion-diciembre","18":"pa_ediciones-edicion-junio","20":"first","21":"outofstock","22":"virtual","23":"purchasable","24":"product-type-simple"},"_links":{"self":[{"href":"https:\/\/tienda.ismet.es\/index.php\/wp-json\/wp\/v2\/product\/18017","targetHints":{"allow":["GET"]}}],"collection":[{"href":"https:\/\/tienda.ismet.es\/index.php\/wp-json\/wp\/v2\/product"}],"about":[{"href":"https:\/\/tienda.ismet.es\/index.php\/wp-json\/wp\/v2\/types\/product"}],"replies":[{"embeddable":true,"href":"https:\/\/tienda.ismet.es\/index.php\/wp-json\/wp\/v2\/comments?post=18017"}],"wp:featuredmedia":[{"embeddable":true,"href":"https:\/\/tienda.ismet.es\/index.php\/wp-json\/wp\/v2\/media\/18091"}],"wp:attachment":[{"href":"https:\/\/tienda.ismet.es\/index.php\/wp-json\/wp\/v2\/media?parent=18017"}],"wp:term":[{"taxonomy":"product_brand","embeddable":true,"href":"https:\/\/tienda.ismet.es\/index.php\/wp-json\/wp\/v2\/product_brand?post=18017"},{"taxonomy":"product_cat","embeddable":true,"href":"https:\/\/tienda.ismet.es\/index.php\/wp-json\/wp\/v2\/product_cat?post=18017"},{"taxonomy":"product_tag","embeddable":true,"href":"https:\/\/tienda.ismet.es\/index.php\/wp-json\/wp\/v2\/product_tag?post=18017"}],"curies":[{"name":"wp","href":"https:\/\/api.w.org\/{rel}","templated":true}]}}