{"id":1793,"date":"2018-09-04T13:41:00","date_gmt":"2018-09-04T12:41:00","guid":{"rendered":"https:\/\/tienda.ismet.es\/index.php\/producto\/facioterapia-ii-dien-chan-pro\/"},"modified":"2026-04-23T08:13:16","modified_gmt":"2026-04-23T07:13:16","slug":"facioterapia-ii-dien-chan-pro","status":"publish","type":"product","link":"https:\/\/tienda.ismet.es\/index.php\/producto\/facioterapia-ii-dien-chan-pro\/","title":{"rendered":"&#8211; Facioterapia II Dien Chan\u2019pro, m\u00e9todo original de reflexolog\u00eda facial"},"content":{"rendered":"[vc_row][vc_column][vc_video link=&#8221;https:\/\/youtu.be\/nAPA6CNj1J8?si=XZEDnhpi9OQFvfBS&#8221;][vc_column_text]\n<hr \/>\n<div class=\"woocommerce-product-details__short-description\">\n<h4>Objetivos<\/h4>\n<p>Repasar los conocimientos obtenidos en el nivel Reflex: las bases te\u00f3ricas, indicaciones, contraindicaciones. Aprender a localizar de forma correcta los puntos BQC. Aprender a leer y utilizar el mapa de puntos fijos del Dien Chan as\u00ed como las diferentes t\u00e9cnicas de detecci\u00f3n y estimulaci\u00f3n. Conocer el concepto Yin y Yang desde el punto de vista de la Facioterapia y c\u00f3mo utilizarlos a la hora de realizar un tratamiento: detectaremos si nuestro usuario est\u00e1 muy Yin est\u00e1 muy Yang y como equilibrarlo. Aprender la filosof\u00eda del Tuy. Aplicaciones para casos de emergencia con soluciones multi reflexol\u00f3gicas. Aplicar las F\u00f3rmulas de tratamiento para la ansiedad, dolores articulares, eliminaci\u00f3n, la f\u00f3rmula \u201cquema grasas\u201d&#8230; Aprender a perfeccionar la t\u00e9cnica del detector: la elegancia en Dien Chan<\/p>\n<hr \/>\n<h4>Programa del Curso<\/h4>\n<ul>\n<li>Qu\u00e9 son los puntos fijos<\/li>\n<li>El mapa<\/li>\n<li>Los puntos son alarmas<\/li>\n<li>Puntos fijos y puntos vivos<\/li>\n<li>Tratamientos de base<\/li>\n<li>Los puntos y los 8 principios<\/li>\n<li>Puntos antagonistas<\/li>\n<li>Emergencias y parejas pr\u00e1cticas<\/li>\n<li>Tuy: la relatividad en Facioterapia<\/li>\n<li>Interpretaci\u00f3n de manchas y pecas<\/li>\n<li>El uso del Yin y del Yang<\/li>\n<li>Las herramientas Yin y Yang<\/li>\n<li>S\u00edntomas de una patolog\u00eda Yin<\/li>\n<li>F\u00f3rmula Yang<\/li>\n<li>S\u00edntomas de una patolog\u00eda Yang<\/li>\n<li>F\u00f3rmula Yin<\/li>\n<li>Conexi\u00f3n energ\u00e9tica<\/li>\n<li>F\u00f3rmulas para ansiedad, Quema grasas, dolores articulares<\/li>\n<\/ul>\n<hr \/>\n<p><!--\n\n\n<h4>Impartido por: Montse Garc\u00eda<\/h4>\n\n\nFacioterapeuta, Formadora certificada en Facioterapia-Dien Chan por el Profesor Dr. B\u00f9i Qu\u00f4c Ch\u00e2u en Espa\u00f1a (2004) y en Ho Chi Minh, en Vietnam (2006 y 2009). Natur\u00f3pata, Quiromasajista, Experta en reflexoterapia podal y masaje deportivo. Coordinadora de masajistas deportivos en competiciones de \u00e1mbito nacional e internacional.--><\/p>\n[\/vc_column_text][\/vc_column][\/vc_row]\n<\/div>\n","protected":false},"excerpt":{"rendered":"<p>Modalidad presencial. <span style=\"color: #7f7dd1;\"><strong><br \/>\njueves 14, 21 y 28 de mayo 2026.<br \/>\nHorario: de 15:30 a 19:30 h.<\/strong><\/span><\/p>\n<hr \/>\n<p><strong>Precio Total:\u00a0<\/strong>290\u20ac. Es necesario reservar con antelaci\u00f3n. Reserva plaza: 50\u20ac, y 240\u20ac restantes se abonar\u00e1n el 1er d\u00eda de cada nivel, antes de empezar, en efectivo o tarjeta. Plazas limitadas<\/p>\n<hr \/>\n<p>En este nivel, profesionalizamos m\u00e1s la t\u00e9cnica Dien Chan&#8230;(<a href=\"#tab-description\">Ver m\u00e1s informaci\u00f3n<\/a>)<\/p>\n","protected":false},"featured_media":24296,"comment_status":"open","ping_status":"closed","template":"","meta":{"_joinchat":[]},"product_brand":[],"product_cat":[617,89,182,98,179,198],"product_tag":[888,817,846,409,408,845,220,559,387],"class_list":{"0":"post-1793","1":"product","2":"type-product","3":"status-publish","4":"has-post-thumbnail","6":"product_cat-imagenes-profesores","7":"product_cat-terapias-manuales","8":"product_cat-wellness-y-estetica","9":"product_cat-cursos","10":"product_cat-cursos-presenciales","11":"product_cat-presencial-mayo","12":"product_tag-chanpro","13":"product_tag-dien-chan-pro","14":"product_tag-estetica-facial","15":"product_tag-facio","16":"product_tag-facioterapia","17":"product_tag-masaje-facial","18":"product_tag-montse-garcia","19":"product_tag-nivel-2","20":"product_tag-tecnicas-manuales","22":"first","23":"instock","24":"virtual","25":"purchasable","26":"product-type-simple"},"_links":{"self":[{"href":"https:\/\/tienda.ismet.es\/index.php\/wp-json\/wp\/v2\/product\/1793","targetHints":{"allow":["GET"]}}],"collection":[{"href":"https:\/\/tienda.ismet.es\/index.php\/wp-json\/wp\/v2\/product"}],"about":[{"href":"https:\/\/tienda.ismet.es\/index.php\/wp-json\/wp\/v2\/types\/product"}],"replies":[{"embeddable":true,"href":"https:\/\/tienda.ismet.es\/index.php\/wp-json\/wp\/v2\/comments?post=1793"}],"wp:featuredmedia":[{"embeddable":true,"href":"https:\/\/tienda.ismet.es\/index.php\/wp-json\/wp\/v2\/media\/24296"}],"wp:attachment":[{"href":"https:\/\/tienda.ismet.es\/index.php\/wp-json\/wp\/v2\/media?parent=1793"}],"wp:term":[{"taxonomy":"product_brand","embeddable":true,"href":"https:\/\/tienda.ismet.es\/index.php\/wp-json\/wp\/v2\/product_brand?post=1793"},{"taxonomy":"product_cat","embeddable":true,"href":"https:\/\/tienda.ismet.es\/index.php\/wp-json\/wp\/v2\/product_cat?post=1793"},{"taxonomy":"product_tag","embeddable":true,"href":"https:\/\/tienda.ismet.es\/index.php\/wp-json\/wp\/v2\/product_tag?post=1793"}],"curies":[{"name":"wp","href":"https:\/\/api.w.org\/{rel}","templated":true}]}}