{"id":1792,"date":"2018-09-04T13:41:00","date_gmt":"2018-09-04T12:41:00","guid":{"rendered":"https:\/\/tienda.ismet.es\/index.php\/producto\/masaje-chi-nei-san-y-la-prctica-del-tao-curativo\/"},"modified":"2025-05-07T13:03:55","modified_gmt":"2025-05-07T12:03:55","slug":"masaje-chi-nei-san-y-la-prctica-del-tao-curativo","status":"publish","type":"product","link":"https:\/\/tienda.ismet.es\/index.php\/producto\/masaje-chi-nei-san-y-la-prctica-del-tao-curativo\/","title":{"rendered":"&#8211; Masaje Chi Nei Tsang y la pr\u00e1ctica del Tao curativo"},"content":{"rendered":"[vc_row][vc_column][vc_video link=&#8221;https:\/\/youtu.be\/Upowc0Khh0s&#8221;][vc_column_text]\n<hr \/>\n<div class=\"woocommerce-product-details__short-description\">\n<p>El Chi Nei Tsang es un m\u00e9todo Tao\u00edsta que consiste en un masaje para \u00f3rganos internos que se aplica directamente sobre el abdomen. El intestino es considerado el sitio donde se procesan los desechos derivados de la alimentaci\u00f3n as\u00ed como tambi\u00e9n emocionales de la persona ya que posee su propio \u201cCerebro\u201d (Sistema Nervioso Ent\u00e9rico), lo que hace que la zona abdominal est\u00e9 frecuentemente bloqueada. Para liberar el mismo y restablecer el normal flujo de energ\u00eda en el resto de los \u00f3rganos, aplicaremos esta t\u00e9cnica ancestral. Por otra parte La Pr\u00e1ctica del Tao Curativo nos ayudar\u00e1 a incrementar el Qi Vital, ya que como terapeutas es esencial saber c\u00f3mo restablecer la Energ\u00eda luego de las sesiones para tener \u00e9xito en nuestro trabajo. Tambi\u00e9n es una herramienta que podemos transmitir a nuestros pacientes.<\/p>\n<hr \/>\n<h4>Objetivos<\/h4>\n<p>&gt; Los bloqueos en el abdomen afectan a la totalidad del individuo ya que se considera la zona donde se unen cuerpo, mente y esp\u00edritu seg\u00fan la tradici\u00f3n Tao\u00edsta. Liberar la zona permite a la persona lograr un balance entre estas tres fuerzas.<br \/>\n&gt; La aplicaci\u00f3n de este masaje mejora el tr\u00e1nsito intestinal, alivia los dolores menstruales, mejora la circulaci\u00f3n sangu\u00ednea y linf\u00e1tica, elimina toxinas, aumenta la capacidad inmunol\u00f3gica, mejora el funcionamiento de los sistemas org\u00e1nicos, etc.<br \/>\n&gt; La palpaci\u00f3n siempre ha sido uno de los m\u00e9todos m\u00e1s directos para diagnosticar. La pr\u00e1ctica del Chi Nei Tsang nos har\u00e1 m\u00e1s sensibles a comprender los procesos internos de los pacientes y con el tiempo aprenderemos a desarrollar cada vez m\u00e1s estas habilidades que nos permitir\u00e1n actuar con \u00e9xito ante todas las situaciones posibles que se presentan en consulta.<br \/>\n&gt; Por otro lado, La pr\u00e1ctica del Tao Curativo es la herramienta que necesitamos para poder desarrollarnos nosotros mismos como terapeutas o sanadores ense\u00f1ando a su vez a nuestros pacientes a desarrollar todas las virtudes que muchas veces est\u00e1n ocultas debido a la incapacidad de controlar las emociones o el estr\u00e9s.<\/p>\n<\/div>\n<hr \/>\n<h4>Programa del Curso<\/h4>\n<ol>\n<li>Se estructura en 3 clases de 5 h (15h en total).<\/li>\n<li>Para los No Acupuntores hay una clase previa de 5 hs (15 en total).<\/li>\n<li>Desarrollaremos conceptos Tao\u00edstas fundamentales que nos ayudar\u00e1n a comprender mejor este m\u00e9todo.<\/li>\n<li>Luego ahondaremos en la Teor\u00eda y la pr\u00e1ctica del Chi Nei Tsang incluyendo sus fundamentos cient\u00edficos.<\/li>\n<li>Al final del curso pondremos en pr\u00e1ctica los ejercicios del Tao Curativo.<\/li>\n<\/ol>\n<hr \/>\n<p><!--\n\n\n<h4>Impartido por: \u00d3scar Geninazzi,<\/h4>\n\n\nGraduado en Medicina Trad. China-Acupuntura. Instructor de Tai Chi Chuan. Quiromasajista. Formaci\u00f3n pr\u00e1ctica en MTC en Nanjing International Acupuncture Hospital (China) y en el Nanjing First Affiliated Hospital (China). Colabora con la Fundaci\u00f3 S\u0101n Qi\u0101ng.-->[\/vc_column_text][\/vc_column][\/vc_row]\n","protected":false},"excerpt":{"rendered":"<p>Modalidad presencial<br \/>\n<span style=\"color: #7f7dd1;\" data-darkreader-inline-color=\"\"><strong>Planificando fechas.<\/strong><\/span><\/p>\n<hr \/>\n<p><strong>Precio Total: <\/strong>225\u20ac. Se abonar\u00e1 el 1er d\u00eda, antes de empezar, en efectivo o tarjeta.<br \/>\nPrecio \u201cno acupuntores\u201d: 275\u20ac. (consultar en secretar\u00eda de la escuela)<br \/>\nReserva de plaza: 50\u20ac en efectivo o tarjeta. El importe restante, se abonar\u00e1 en efectivo o tarjeta el 1er d\u00eda de curso.<\/p>\n<hr \/>\n<p>El Chi Nei Tsang es un m\u00e9todo Tao\u00edsta que consiste en un masaje para \u00f3rganos internos que se aplica directamente sobre el abdomen.<\/p>\n<p>(<a href=\"#tab-description\">Ver m\u00e1s informaci\u00f3n<\/a>)<\/p>\n<hr \/>\n","protected":false},"featured_media":15663,"comment_status":"open","ping_status":"closed","template":"","meta":{"_joinchat":[]},"product_brand":[],"product_cat":[617,90,98,179],"product_tag":[485,484,357,483,341,486],"class_list":{"0":"post-1792","1":"product","2":"type-product","3":"status-publish","4":"has-post-thumbnail","6":"product_cat-imagenes-profesores","7":"product_cat-medicina-china-y-acupuntura","8":"product_cat-cursos","9":"product_cat-cursos-presenciales","10":"product_tag-chi-nei","11":"product_tag-chi-nei-tsang","12":"product_tag-masaje","13":"product_tag-masaje-chi-nei-tsang","14":"product_tag-oscar-geninazzi","15":"product_tag-tao-curativo","17":"first","18":"instock","19":"virtual","20":"purchasable","21":"product-type-simple"},"_links":{"self":[{"href":"https:\/\/tienda.ismet.es\/index.php\/wp-json\/wp\/v2\/product\/1792","targetHints":{"allow":["GET"]}}],"collection":[{"href":"https:\/\/tienda.ismet.es\/index.php\/wp-json\/wp\/v2\/product"}],"about":[{"href":"https:\/\/tienda.ismet.es\/index.php\/wp-json\/wp\/v2\/types\/product"}],"replies":[{"embeddable":true,"href":"https:\/\/tienda.ismet.es\/index.php\/wp-json\/wp\/v2\/comments?post=1792"}],"wp:featuredmedia":[{"embeddable":true,"href":"https:\/\/tienda.ismet.es\/index.php\/wp-json\/wp\/v2\/media\/15663"}],"wp:attachment":[{"href":"https:\/\/tienda.ismet.es\/index.php\/wp-json\/wp\/v2\/media?parent=1792"}],"wp:term":[{"taxonomy":"product_brand","embeddable":true,"href":"https:\/\/tienda.ismet.es\/index.php\/wp-json\/wp\/v2\/product_brand?post=1792"},{"taxonomy":"product_cat","embeddable":true,"href":"https:\/\/tienda.ismet.es\/index.php\/wp-json\/wp\/v2\/product_cat?post=1792"},{"taxonomy":"product_tag","embeddable":true,"href":"https:\/\/tienda.ismet.es\/index.php\/wp-json\/wp\/v2\/product_tag?post=1792"}],"curies":[{"name":"wp","href":"https:\/\/api.w.org\/{rel}","templated":true}]}}