{"id":1784,"date":"2018-09-04T13:40:59","date_gmt":"2018-09-04T12:40:59","guid":{"rendered":"https:\/\/tienda.ismet.es\/index.php\/producto\/shiatsu-tratamientos-de-belleza\/"},"modified":"2025-07-15T09:49:48","modified_gmt":"2025-07-15T08:49:48","slug":"shiatsu-tratamientos-de-belleza","status":"publish","type":"product","link":"https:\/\/tienda.ismet.es\/index.php\/producto\/shiatsu-tratamientos-de-belleza\/","title":{"rendered":"&#8211; Masaje japon\u00e9s Shiatsu, aplicado en cuello, cr\u00e1neo y cara (tratamiento de belleza japon\u00e9s)"},"content":{"rendered":"[vc_row][vc_column][vc_video link=&#8221;https:\/\/youtu.be\/eFmu54_34GE&#8221;][vc_column_text]\n<div class=\"woocommerce-product-details__short-description\">\n<hr \/>\n<p>\u00bfQU\u00c9 ES EL SHIATSU?<br \/>\nEs una terapia manual de origen japon\u00e9s que utiliza los pulgares y las palmas de las manos para aplicar presiones sobre determinadas l\u00edneas de puntos en el cuerpo. Promueve la salud de m\u00fasculos, \u00f3rganos y activa la capacidad de autocuraci\u00f3n del organismo. NO tiene efectos secundarios. El curso es 100 x 100 pr\u00e1ctico.<\/p>\n<p>OBJETIVOS<br \/>\nTiene la finalidad de dotar a terapeutas de un sistema sencillo para estimular funciones visuales, auditivas, sensitivas, motrices, olfativas, gustativas, as\u00ed como tambi\u00e9n favorecer el aprendizaje, comportamiento, coordinaci\u00f3n, memoria, etc. Tambi\u00e9n estimulamos el conjunto del organismo por la relaci\u00f3n reflexol\u00f3gica de la cara con el resto del cuerpo. Se complementa el trabajo actuando sobre cuello y cintura escapular. Esta t\u00e9cnica moderna se basa en las t\u00e9cnicas milenarias del \u201cAnma\u201d, masaje tradicional japon\u00e9s y \u201cAnmo\u201d, antiguo masaje tradicional chino.<br \/>\nEl shiatsu ayudar\u00e1 a prevenir y mantener el equilibrio de nuestra piel, del sistema endocrino, del sistema inmunol\u00f3gico, eleva el tono vital y todo ello con el objetivo de potenciar y mantener nuestra belleza. El Shiatsu favorece el retorno de sangre venosa al coraz\u00f3n, y eso vitaliza la piel disminuyendo la aparici\u00f3n de arrugas, celulitis. \u201cLA CARA ES EL REFLEJO DEL ALMA\u201d<\/p>\n<hr \/>\n<h4>Programa del Curso<\/h4>\n<p>T\u00e9cnica b\u00e1sica aplicada:<br \/>\n\u2022Cr\u00e1neo<br \/>\n\u2022Cara y \u00f3rganos de los sentidos<br \/>\n\u2022Cuello<br \/>\n\u2022Cintura escapular<br \/>\n\u2022Brazos<br \/>\n\u2022Estiramientos y Sotai-ho para el cuello<br \/>\n\u2022Zonas reflejas<br \/>\n\u2022Puntos energ\u00e9ticos<\/p>\n<p>NOTA IMPORTANTE: es un seminario completamente pr\u00e1ctico. Se necesita ropa c\u00f3moda blanca, calcetines limpios y chancletas o zuecos. Se practicar\u00e1 en camilla baja de shiatsu.<\/p>\n<p><!--\n\n\n<h4>Impartido por: Miguel L\u00f3pez Alarc\u00f3n<\/h4>\n\n\nShiatsu terapeuta y t\u00e9cnicas japonesas-Diplomado en MTCH (Acupuntura) y terapias tradicionales chinas. D.A.P de COFENAT. Formaci\u00f3n complementaria en Quiropr\u00e1ctica, Kinesiolog\u00eda y Oligoterapia --><\/p>\n[\/vc_column_text][\/vc_column][\/vc_row]\n<\/div>\n","protected":false},"excerpt":{"rendered":"<p>Modalidad presencial.<span style=\"color: #7f7dd1;\" data-darkreader-inline-color=\"\"><strong><br \/>\nProgramando fechas&#8230;<br \/>\n<\/strong><\/span><\/p>\n<hr \/>\n<p><strong>Precio Total:<\/strong>184\u20ac. Se abonar\u00e1 de la siguiente manera: Reserva plaza: 50\u20ac, y 134\u20ac restantes se abonar\u00e1n el 1er d\u00eda del curso, antes de empezar, en efectivo o tarjeta. Plazas limitadas. Es necesario reservar con antelaci\u00f3n<\/p>\n<hr \/>\n<p>El shiatsu ayudar\u00e1 a prevenir y mantener el equilibrio de nuestra piel, del sistema endocrino, del sistema inmunol\u00f3gico, eleva el tono vital y todo ello con el objetivo de potenciar y mantener nuestra belleza&#8230;<span style=\"font-size: 1rem;\">(<\/span><a style=\"font-size: 1rem;\" href=\"#tab-description\">Ver m\u00e1s informaci\u00f3n<\/a><span style=\"font-size: 1rem;\">)<\/span><\/p>\n","protected":false},"featured_media":21926,"comment_status":"open","ping_status":"closed","template":"","meta":{"_joinchat":[]},"product_brand":[],"product_cat":[617,98],"product_tag":[634,344,440,457],"class_list":{"0":"post-1784","1":"product","2":"type-product","3":"status-publish","4":"has-post-thumbnail","6":"product_cat-imagenes-profesores","7":"product_cat-cursos","8":"product_tag-belleza","9":"product_tag-estetica","10":"product_tag-shiatsu","11":"product_tag-tratamientos-de-estetica","13":"first","14":"outofstock","15":"virtual","16":"purchasable","17":"product-type-simple"},"_links":{"self":[{"href":"https:\/\/tienda.ismet.es\/index.php\/wp-json\/wp\/v2\/product\/1784","targetHints":{"allow":["GET"]}}],"collection":[{"href":"https:\/\/tienda.ismet.es\/index.php\/wp-json\/wp\/v2\/product"}],"about":[{"href":"https:\/\/tienda.ismet.es\/index.php\/wp-json\/wp\/v2\/types\/product"}],"replies":[{"embeddable":true,"href":"https:\/\/tienda.ismet.es\/index.php\/wp-json\/wp\/v2\/comments?post=1784"}],"wp:featuredmedia":[{"embeddable":true,"href":"https:\/\/tienda.ismet.es\/index.php\/wp-json\/wp\/v2\/media\/21926"}],"wp:attachment":[{"href":"https:\/\/tienda.ismet.es\/index.php\/wp-json\/wp\/v2\/media?parent=1784"}],"wp:term":[{"taxonomy":"product_brand","embeddable":true,"href":"https:\/\/tienda.ismet.es\/index.php\/wp-json\/wp\/v2\/product_brand?post=1784"},{"taxonomy":"product_cat","embeddable":true,"href":"https:\/\/tienda.ismet.es\/index.php\/wp-json\/wp\/v2\/product_cat?post=1784"},{"taxonomy":"product_tag","embeddable":true,"href":"https:\/\/tienda.ismet.es\/index.php\/wp-json\/wp\/v2\/product_tag?post=1784"}],"curies":[{"name":"wp","href":"https:\/\/api.w.org\/{rel}","templated":true}]}}