{"id":17834,"date":"2023-04-04T12:55:59","date_gmt":"2023-04-04T11:55:59","guid":{"rendered":"https:\/\/tienda.ismet.es\/?post_type=product&#038;p=17834"},"modified":"2026-04-09T09:53:39","modified_gmt":"2026-04-09T08:53:39","slug":"cuida-tu-cuerpo-con-productos-naturales","status":"publish","type":"product","link":"https:\/\/tienda.ismet.es\/index.php\/producto\/cuida-tu-cuerpo-con-productos-naturales\/","title":{"rendered":"&#8211; Cuida tu cuerpo con productos naturales (cosm\u00e9tica natural con plantas medicinales)"},"content":{"rendered":"[vc_row][vc_column][vc_video link=&#8221;https:\/\/youtu.be\/FIf76hHTQv8&#8243;][vc_column_text]\n<hr \/>\n<p>En este taller te\u00f3rico-pr\u00e1ctico elaboraremos productos cosm\u00e9ticos de higiene que nos ayuden a mantener nuestro equilibrio natural empezando por el d\u00eda a d\u00eda. Conoceremos m\u00e1s en profundidad nuestra piel, su pH fisiol\u00f3gico, sus funciones y necesidades. Hablaremos de los aditivos qu\u00edmicos m\u00e1s comunes en los productos convencionales que hay que evitar, y los principales ingredientes naturales \u00fatiles para elaborar nuestros productos de higiene diaria como son: jab\u00f3n, t\u00f3nicos faciales, dent\u00edfricos etc. Para cada preparado usaremos plantas cuyas propiedades te sorprender\u00e1n. Podr\u00e1s llevarte muestras de los preparados y sobre todo podr\u00e1s volver a elaborarlos por ti mism@ cuando quieras<\/p>\n<hr \/>\n<h4>Programa del Curso<\/h4>\n<ul>\n<li>\u00a0La piel: funciones y necesidades<\/li>\n<li>\u00a0Los aditivos m\u00e1s comunes y da\u00f1inos<\/li>\n<li>Los ingredientes naturales<br \/>\nPlantas \u2018jabonosas\u2019<br \/>\nPlantas para el cuidado facial<br \/>\nPlantas para la salud bucal<\/li>\n<li>Elaboraci\u00f3n pr\u00e1ctica de<br \/>\nJab\u00f3n l\u00edquido<br \/>\nT\u00f3nico facial y serum<br \/>\nDent\u00edfrico<\/li>\n<\/ul>\n<hr \/>\n<p>.[\/vc_column_text][\/vc_column][\/vc_row]\n","protected":false},"excerpt":{"rendered":"<p>Modalidad presencial.<span style=\"color: #7f7dd1;\" data-darkreader-inline-color=\"\"><strong><br \/>\npr\u00f3ximas fechas<\/p>\n<p><\/strong><\/span><\/p>\n<hr \/>\n<p>Modalidad Online.<span style=\"color: #7f7dd1;\" data-darkreader-inline-color=\"\"><strong><br \/>\n\u2022 Del 1 al 30 de abril 2026.<br \/>\n\u2022 Del 4 al 31 de mayo 2026.<br \/>\n\u2022 Del 1 al 30 de junio 2026.<br \/>\n\u2022 Del 1 al 30 de julio 2026.<\/p>\n<p><\/strong><\/span><\/p>\n<hr \/>\n<p>(<a href=\"#tab-description\">Ver m\u00e1s informaci\u00f3n<\/a>)<\/p>\n","protected":false},"featured_media":18206,"comment_status":"open","ping_status":"closed","template":"","meta":{"_joinchat":[]},"product_brand":[],"product_cat":[818,617,98,201,205,202,203,204,196],"product_tag":[336,717,526,399,527,706],"class_list":{"0":"post-17834","1":"product","2":"type-product","3":"status-publish","4":"has-post-thumbnail","6":"product_cat-ideas-de-regalo","7":"product_cat-imagenes-profesores","8":"product_cat-cursos","9":"product_cat-online-marzo","10":"product_cat-online-abril","11":"product_cat-online-mayo","12":"product_cat-online-junio","13":"product_cat-online-julio","14":"product_cat-presencial-marzo","15":"product_tag-cosmetica-natural","16":"product_tag-cuida-tu-cuerpo","17":"product_tag-herbodietetica","18":"product_tag-naturopatia","19":"product_tag-plantas-medicinales","20":"product_tag-preparados-herbales","21":"pa_ediciones-edicion-diciembre","22":"pa_ediciones-edicion-enero","23":"pa_ediciones-edicion-febrero","24":"pa_ediciones-edicion-marzo","25":"pa_ediciones-edicion-abril","26":"pa_ediciones-edicion-mayo","27":"pa_ediciones-edicion-junio","28":"pa_ediciones-edicion-julio","29":"pa_ediciones-edicion-agosto","30":"pa_ediciones-edicion-septiembre","31":"pa_ediciones-edicion-octubre","32":"pa_ediciones-edicion-noviembre","33":"pa_modalidad-online","34":"pa_modalidad-presencial","36":"first","37":"instock","38":"purchasable","39":"product-type-variable"},"_links":{"self":[{"href":"https:\/\/tienda.ismet.es\/index.php\/wp-json\/wp\/v2\/product\/17834","targetHints":{"allow":["GET"]}}],"collection":[{"href":"https:\/\/tienda.ismet.es\/index.php\/wp-json\/wp\/v2\/product"}],"about":[{"href":"https:\/\/tienda.ismet.es\/index.php\/wp-json\/wp\/v2\/types\/product"}],"replies":[{"embeddable":true,"href":"https:\/\/tienda.ismet.es\/index.php\/wp-json\/wp\/v2\/comments?post=17834"}],"wp:featuredmedia":[{"embeddable":true,"href":"https:\/\/tienda.ismet.es\/index.php\/wp-json\/wp\/v2\/media\/18206"}],"wp:attachment":[{"href":"https:\/\/tienda.ismet.es\/index.php\/wp-json\/wp\/v2\/media?parent=17834"}],"wp:term":[{"taxonomy":"product_brand","embeddable":true,"href":"https:\/\/tienda.ismet.es\/index.php\/wp-json\/wp\/v2\/product_brand?post=17834"},{"taxonomy":"product_cat","embeddable":true,"href":"https:\/\/tienda.ismet.es\/index.php\/wp-json\/wp\/v2\/product_cat?post=17834"},{"taxonomy":"product_tag","embeddable":true,"href":"https:\/\/tienda.ismet.es\/index.php\/wp-json\/wp\/v2\/product_tag?post=17834"}],"curies":[{"name":"wp","href":"https:\/\/api.w.org\/{rel}","templated":true}]}}