{"id":1773,"date":"2018-09-04T13:40:57","date_gmt":"2018-09-04T12:40:57","guid":{"rendered":"https:\/\/tienda.ismet.es\/index.php\/producto\/facioterapia-chan-beaute\/"},"modified":"2026-03-19T11:02:31","modified_gmt":"2026-03-19T10:02:31","slug":"facioterapia-chan-beaute","status":"publish","type":"product","link":"https:\/\/tienda.ismet.es\/index.php\/producto\/facioterapia-chan-beaute\/","title":{"rendered":"&#8211; Chan\u2019beaut\u00e9, facioterapia al servicio de la est\u00e9tica natural"},"content":{"rendered":"[vc_row][vc_column][vc_video link=&#8221;https:\/\/youtu.be\/NYdW845aSOY?si=jiVmubv83iiMgYw7&#8243;][vc_column_text]\n<hr \/>\n<div class=\"woocommerce-product-details__short-description\">\n<p>Belleza exterior, equilibrando el interior. Natural y moderna a la vez, esta incre\u00edble t\u00e9cnica desarrollada por el equipo de investigaci\u00f3n de la EIMDC, ofrece muy buenos resultados sobre las arrugas, las manchas, la celulitis y la retenci\u00f3n de l\u00edquidos. Conseguimos borrar cicatrices y potenciar los efectos de los principios activos de los productos y aceites utilizados. Todas estas alteraciones son tambi\u00e9n se\u00f1ales de desequilibrios internos y la proyecci\u00f3n de los diversos esquemas de la Facioterapia permite tratar el origen y as\u00ed obtener resultados sorprendentes en est\u00e9tica natural.<\/p>\n<p>Por ejemplo: unas \u201cpatas de gallo\u201d las podemos interrelacionar con alguna disfunci\u00f3n en el aparato reproductor, cefaleas o alteraciones en las manos. El curso de Chan\u2019beaut\u00e9 incluye los conocimientos b\u00e1sicos y necesarios en Facioterapia-DienChan\u2019Reflex para poder aprovecharlo al m\u00e1ximo. Este nuevo modo de observaci\u00f3n del rostro proporciona herramientas terap\u00e9uticas naturales para actuar en profundidad. Todas estas alteraciones son tambi\u00e9n se\u00f1ales de desequilibrios internos y la proyecci\u00f3n de los diversos esquemas de la Facioterapia permite tratar el origen y as\u00ed obtener resultados sorprendentes en est\u00e9tica natural. Este nuevo modo de observaci\u00f3n del rostro proporciona herramientas terap\u00e9uticas naturales para actuar en profundidad.<\/p>\n<hr \/>\n<h4>Objetivos<\/h4>\n<p>Belleza exterior, equilibrando el interior. Natural y moderna a la vez, esta incre\u00edble t\u00e9cnica desarrollada por el equipo de investigaci\u00f3n de la EIMDC, ofrece muy buenos resultados sobre las arrugas, las manchas, la celulitis y la retenci\u00f3n de l\u00edquidos. Conseguimos borrar cicatrices y potenciar los efectos de los principios activos de los productos y aceites utilizados.<br \/>\nTodas estas alteraciones son tambi\u00e9n se\u00f1ales de desequilibrios internos y la proyecci\u00f3n de los diversos esquemas de la Facioterapia permite tratar el origen y as\u00ed obtener resultados sorprendentes en est\u00e9tica natural. Este nuevo modo de observaci\u00f3n del rostro proporciona herramientas terap\u00e9uticas naturales para actuar en profundidad. El soporte de curso se entrega en formato Pdf ya que sus contenidos est\u00e1n en alta definici\u00f3n.<\/p>\n<hr \/>\n<h4>Programa del Curso<\/h4>\n<ul>\n<li>La teor\u00eda del Chan\u2019beaut\u00e9 y las herramientas multireflex<\/li>\n<li>Recordatorios anat\u00f3micos de la piel, de la cara y las principales arrugas del rostro<\/li>\n<li>Los esquemas de la Facioterapia utilizados en Chan\u2019beaut\u00e9<\/li>\n<li>Protocolos y tratamientos detallados<\/li>\n<\/ul>\n<hr \/>\n<p><!--\n\n\n<h4>Impartido por: Montse Garc\u00eda<\/h4>\n\n\nT\u00e9cnico Especialista en Radiodiagn\u00f3stico, Natur\u00f3pata, Facioterapeuta, Formadora certificada en Facioterapia \u2013 Dien Chan por el Profesor Dr. B\u00f9i Qu\u00f4c Ch\u00e2u (Saig\u00f3n 2006-2009), profesora de la EIMDC, Quiromasajista, Experta en reflexoterapia podal y masaje deportivo. Auxiliar de Cl\u00ednica y de Rehabilitaci\u00f3n, Coordinadora de masajistas deportivos en competiciones de \u00e1mbito nacional e internacional. Formador de Formadores, expedido por la Escuela de Servicios Sanitarios de Canarias, adscrita a la consejer\u00eda de Sanidad, ente p\u00fablico del Gobierno de Canarias. Reconocimiento de Oficialidad por la Administraci\u00f3n P\u00fablica (ESSSCAN)--><\/p>\n[\/vc_column_text][\/vc_column][\/vc_row]\n<\/div>\n","protected":false},"excerpt":{"rendered":"<p>Modalidad presencial. <span style=\"color: #7f7dd1;\"><strong><br \/>\nLunes 13, 20 y 27 de abril de 2026.<br \/>\nHorario: de 9 a 15 horas.<\/strong><\/span><\/p>\n<hr \/>\n<p>Precio total: 350\u20ac.<br \/>\nSe abonar\u00e1 de la siguiente manera: Reserva de plaza: 50\u20ac (a abonar en el momento de formalizar inscripci\u00f3n), y el importe restante (300\u20ac) se<br \/>\nabonar\u00e1 en efectivo o tarjeta, antes de empezar, el 1er d\u00eda del taller.<br \/>\n*Precio especial alumnos que hayan cursado Facioterapia Dien Chan\u2019 Reflex: 300\u20ac.<\/p>\n<hr \/>\n<p>Natural y moderna a la vez, esta incre\u00edble t\u00e9cnica desarrollada por el equipo de investigaci\u00f3n de la EIMDC, ofrece muy buenos resultados sobre las arrugas, las manchas, la celulitis y la retenci\u00f3n de l\u00edquidos&#8230; (<a href=\"#tab-description\">Ver m\u00e1s informaci\u00f3n<\/a>)<\/p>\n<hr \/>\n","protected":false},"featured_media":32029,"comment_status":"open","ping_status":"closed","template":"","meta":{"_joinchat":[]},"product_brand":[],"product_cat":[617,89,182,98,179,197],"product_tag":[412,411,338,408,220],"class_list":{"0":"post-1773","1":"product","2":"type-product","3":"status-publish","4":"has-post-thumbnail","6":"product_cat-imagenes-profesores","7":"product_cat-terapias-manuales","8":"product_cat-wellness-y-estetica","9":"product_cat-cursos","10":"product_cat-cursos-presenciales","11":"product_cat-presencial-abril","12":"product_tag-chan","13":"product_tag-chanbeaute","14":"product_tag-estetica-natural","15":"product_tag-facioterapia","16":"product_tag-montse-garcia","17":"pa_ediciones-edicion-mayo","18":"pa_ediciones-edicion-septiembre","20":"first","21":"instock","22":"purchasable","23":"product-type-simple"},"_links":{"self":[{"href":"https:\/\/tienda.ismet.es\/index.php\/wp-json\/wp\/v2\/product\/1773","targetHints":{"allow":["GET"]}}],"collection":[{"href":"https:\/\/tienda.ismet.es\/index.php\/wp-json\/wp\/v2\/product"}],"about":[{"href":"https:\/\/tienda.ismet.es\/index.php\/wp-json\/wp\/v2\/types\/product"}],"replies":[{"embeddable":true,"href":"https:\/\/tienda.ismet.es\/index.php\/wp-json\/wp\/v2\/comments?post=1773"}],"wp:featuredmedia":[{"embeddable":true,"href":"https:\/\/tienda.ismet.es\/index.php\/wp-json\/wp\/v2\/media\/32029"}],"wp:attachment":[{"href":"https:\/\/tienda.ismet.es\/index.php\/wp-json\/wp\/v2\/media?parent=1773"}],"wp:term":[{"taxonomy":"product_brand","embeddable":true,"href":"https:\/\/tienda.ismet.es\/index.php\/wp-json\/wp\/v2\/product_brand?post=1773"},{"taxonomy":"product_cat","embeddable":true,"href":"https:\/\/tienda.ismet.es\/index.php\/wp-json\/wp\/v2\/product_cat?post=1773"},{"taxonomy":"product_tag","embeddable":true,"href":"https:\/\/tienda.ismet.es\/index.php\/wp-json\/wp\/v2\/product_tag?post=1773"}],"curies":[{"name":"wp","href":"https:\/\/api.w.org\/{rel}","templated":true}]}}