{"id":1743,"date":"2018-09-04T13:40:52","date_gmt":"2018-09-04T12:40:52","guid":{"rendered":"https:\/\/tienda.ismet.es\/index.php\/producto\/analiticas-y-su-abordaje-con-terapia-ortomolecular-hormonologia\/"},"modified":"2026-05-15T11:45:25","modified_gmt":"2026-05-15T10:45:25","slug":"analiticas-y-su-abordaje-con-terapia-ortomolecular-hormonologia","status":"publish","type":"product","link":"https:\/\/tienda.ismet.es\/index.php\/producto\/analiticas-y-su-abordaje-con-terapia-ortomolecular-hormonologia\/","title":{"rendered":"&#8211; Anal\u00edticas y abordaje con terapia ortomolecular y afines: hormonolog\u00eda"},"content":{"rendered":"[vc_row][vc_column][vc_video link=&#8221;https:\/\/youtu.be\/KheMevQOPok&#8221;][vc_column_text]\n<hr \/>\n<div class=\"woocommerce-product-details__short-description\">\n<p class=\"curso\">\u00bfCu\u00e1ntas veces nos hemos encontrado en nuestra consulta o con alg\u00fan paciente, familiar o conocido que nos ha preguntado por sus anal\u00edticas sangu\u00edneas?. \u00bf C\u00f3mo poder revertir valores alterados de hierro (ferropenia), alteraciones de plaquetas, leucocitos, colesterol, triglic\u00e9ridos, az\u00facar (glicemia), \u00e1cido \u00farico, creatinina o transaminasas hep\u00e1ticas entre muchos otros ?<\/p>\n<hr \/>\n<h4>Objetivos<\/h4>\n<p class=\"curso\">A nivel de hormonas sexuales femeninas profundizaremos en los valores de estradiol, progesterona, testosterona, prolactina, FSH, LH, etc. A nivel de hormonas sexuales masculinas trabajaremos estradiol, progesterona, testosterona, PSA, 2-OH-estr\u00f3genos, 16-alfa-estr\u00f3genos, DHEA, etc. En un tercer cap\u00edtulo nos adentraremos e el conocimiento anal\u00edtico de las hormonas tiroideas: TSH, T4 total, T4 libre, T3, Anticuerpos Anti TPO, Anti Tiroglobulina, etc. Obviamente el objetivo es dar una respuesta de Terapia Fito-Ortomolecular y otras afines (Homeopat\u00eda, Oligoterapia, Biosales, Flores Bach) a las desviaciones que puedan presentar todos estos par\u00e1metros anal\u00edticos para su completa normalizaci\u00f3n.<\/p>\n<\/div>\n<hr \/>\n<h4>Programa del Curso<\/h4>\n<ol>\n<li>Importancia de las determinaciones anal\u00edticas.<\/li>\n<li>Hemograma, hormonolog\u00eda, serolog\u00eda y otras pruebas.<\/li>\n<li>Hormonas sexuales femeninas.<\/li>\n<li>Hormonas sexuales masculinas.<\/li>\n<li>Hormonas tiroideas.<\/li>\n<li>Anexos.<\/li>\n<\/ol>\n<hr \/>\n<p><!--\n\n\n<h4>Impartido por: Enric Ser<\/h4>\n\n\nDiplomado en Terapias Naturales (Universidad Aut\u00f3noma de Barcelona y por el Real centro Universitario Reina M\u00aa Cristina de Madrid). Dr. in Naturopathy por la American University of Natural Medic (Florida\/EUA). T\u00e9cnica Higienista por Nature et Vie (Lorient-France). Profesor titular del \u00e1rea de Terapia Ortomolecular en ISMET. Profesor colaborador en diversos cursos Posgrado de la Escuela Universitaria de Ciencias de la Salud de Vic (Barcelona) y de la Escuela de Enfermer\u00eda Gimbernat (Sant Cugat-Barcelona). Autor de diversos libros ya publicados de Terapia Biol\u00f3gica e Historia de la Medicina y ex-colaborador de distintas publicaciones del sector (Cuerpomente, Vital, Vivir con salud, Diet\u00e9tica y salud). Premio Nacional de Investigaci\u00f3n Educativa del Ministerio de Educaci\u00f3n y Ciencia.-->[\/vc_column_text][\/vc_column][\/vc_row]\n","protected":false},"excerpt":{"rendered":"<p>Modalidad online.<span style=\"color: #7f7dd1;\" data-darkreader-inline-color=\"\"><strong><br \/>\n\u2022 Del 1 al 30 de junio 2026.<br \/>\n\u2022 Del 1 al 30 de julio 2026.<br \/>\n\u2022 Del 1 al 30 de septiembre 2026.<br \/>\n\u2022 Del 1 al 30 de octubre 2026.<br \/>\n\u2022 Del 2 al 30 de noviembre 2026.<br \/>\n\u2022 Del 1 al 31 de diciembre 2026.<br \/>\n<\/strong><\/span><\/p>\n<hr \/>\n<p>\u00bfCu\u00e1ntas veces nos hemos encontrado en nuestra consulta o con alg\u00fan paciente, familiar o conocido que nos ha preguntado por sus anal\u00edticas sangu\u00edneas?&#8230; (<a href=\"#tab-description\">Ver m\u00e1s informaci\u00f3n<\/a>)<\/p>\n<hr \/>\n","protected":false},"featured_media":26533,"comment_status":"open","ping_status":"closed","template":"","meta":{"_joinchat":[]},"product_brand":[],"product_cat":[223,617,82,184,98,180,202,203,204,206,224,187,188],"product_tag":[726,875,219,725,399,705,327],"class_list":{"0":"post-1743","1":"product","2":"type-product","3":"status-publish","4":"has-post-thumbnail","6":"product_cat-black-friday","7":"product_cat-imagenes-profesores","8":"product_cat-naturopatia","9":"product_cat-alimentacion-saludable","10":"product_cat-cursos","11":"product_cat-online","12":"product_cat-online-mayo","13":"product_cat-online-junio","14":"product_cat-online-julio","15":"product_cat-online-septiembre","16":"product_cat-online-octubre","17":"product_cat-online-noviembre","18":"product_cat-online-diciembre","19":"product_tag-analiticas","20":"product_tag-analiticas-y-su-abordaje","21":"product_tag-enric-ser","22":"product_tag-hormonologia","23":"product_tag-naturopatia","24":"product_tag-ortomolecular","25":"product_tag-suplementacion","26":"pa_ediciones-edicion-diciembre","27":"pa_ediciones-edicion-enero","28":"pa_ediciones-edicion-febrero","29":"pa_ediciones-edicion-marzo","30":"pa_ediciones-edicion-abril","31":"pa_ediciones-edicion-mayo","32":"pa_ediciones-edicion-junio","33":"pa_ediciones-edicion-julio","34":"pa_ediciones-edicion-agosto","35":"pa_ediciones-edicion-septiembre","36":"pa_ediciones-edicion-octubre","37":"pa_ediciones-edicion-noviembre","39":"first","40":"instock","41":"purchasable","42":"product-type-variable"},"_links":{"self":[{"href":"https:\/\/tienda.ismet.es\/index.php\/wp-json\/wp\/v2\/product\/1743","targetHints":{"allow":["GET"]}}],"collection":[{"href":"https:\/\/tienda.ismet.es\/index.php\/wp-json\/wp\/v2\/product"}],"about":[{"href":"https:\/\/tienda.ismet.es\/index.php\/wp-json\/wp\/v2\/types\/product"}],"replies":[{"embeddable":true,"href":"https:\/\/tienda.ismet.es\/index.php\/wp-json\/wp\/v2\/comments?post=1743"}],"wp:featuredmedia":[{"embeddable":true,"href":"https:\/\/tienda.ismet.es\/index.php\/wp-json\/wp\/v2\/media\/26533"}],"wp:attachment":[{"href":"https:\/\/tienda.ismet.es\/index.php\/wp-json\/wp\/v2\/media?parent=1743"}],"wp:term":[{"taxonomy":"product_brand","embeddable":true,"href":"https:\/\/tienda.ismet.es\/index.php\/wp-json\/wp\/v2\/product_brand?post=1743"},{"taxonomy":"product_cat","embeddable":true,"href":"https:\/\/tienda.ismet.es\/index.php\/wp-json\/wp\/v2\/product_cat?post=1743"},{"taxonomy":"product_tag","embeddable":true,"href":"https:\/\/tienda.ismet.es\/index.php\/wp-json\/wp\/v2\/product_tag?post=1743"}],"curies":[{"name":"wp","href":"https:\/\/api.w.org\/{rel}","templated":true}]}}