{"id":1740,"date":"2018-09-04T13:40:51","date_gmt":"2018-09-04T12:40:51","guid":{"rendered":"https:\/\/tienda.ismet.es\/index.php\/producto\/tcnicas-osteopticas-para-masajistas\/"},"modified":"2026-03-11T13:47:47","modified_gmt":"2026-03-11T12:47:47","slug":"tcnicas-osteopticas-para-masajistas","status":"publish","type":"product","link":"https:\/\/tienda.ismet.es\/index.php\/producto\/tcnicas-osteopticas-para-masajistas\/","title":{"rendered":"&#8211; T\u00e9cnicas osteop\u00e1ticas para masajistas, tratamiento de tejidos blandos y bloqueos articulares"},"content":{"rendered":"[vc_row][vc_column][vc_video link=&#8221;&#8221;][vc_column_text]\n<div class=\"woocommerce-product-details__short-description\">\n<p>Este curso est\u00e1 dirigido a todos aquellos masajistas y terapeutas manuales que durante el desarrollo de sus terapias habituales, han observado que solo el masaje no era suficiente, que necesitaban una movilizaci\u00f3n del tejido blando para liberar un bloqueo articular. Con este curso se ampliar\u00e1n los conocimientos adquiridos en masaje para poder realizar un abordaje correcto del tejido blando, las disfunciones articulares, y las diferentes compensaciones que realiza el sistema nervioso.<\/p>\n<hr \/>\n<h4>Objetivos<\/h4>\n<ul>\n<li>Aprender las indicaciones y el abordaje profundo de la liberaci\u00f3n del tejido blando y articular.<\/li>\n<li>Aprender a realizar una valoraci\u00f3n a trav\u00e9s de la observaci\u00f3n y palpaci\u00f3n del cuerpo.<\/li>\n<li>Saber evaluar el origen de la disfunci\u00f3n para realizar el reequilibrio de forma anal\u00edtica y concreta.<\/li>\n<\/ul>\n<hr \/>\n<h4>Programa del Curso<\/h4>\n<ol>\n<li>Origen de la quiropraxia y la Osteopat\u00eda<\/li>\n<li>Indicaciones generales y Contraindicaciones generales<\/li>\n<li>Diferencia entre manipulaci\u00f3n o normalizaci\u00f3n y movilizaci\u00f3n<\/li>\n<li>Sistema nervioso<\/li>\n<li>L\u00edneas matem\u00e1ticas del cuerpo<br \/>\n(Observaci\u00f3n del cuerpo en bipedestaci\u00f3n y sedestaci\u00f3n)<\/li>\n<li>Introducci\u00f3n a las cadenas musculares<\/li>\n<li>Tratamiento de diafragmas<\/li>\n<li>T\u00e9cnicas de tejidos blandos directas, indirectas, de Jones, Kabat.<\/li>\n<li>Tratamiento por zonas anat\u00f3micas:<br \/>\n. Columna Cervical: Recordatorio anat\u00f3mico neurol\u00f3gico. Palpaci\u00f3n. Pruebas neurol\u00f3gicas. Relaciones de tejidos a distancia. Valoraci\u00f3n y abordaje. Disfunciones habituales<br \/>\n. Columna Dorsal: Recordatorio anat\u00f3mico neurol\u00f3gico. Palpaci\u00f3n. Pruebas neurol\u00f3gicas. Relaciones de tejidos a distancia. Valoraci\u00f3n y abordaje. Disfunciones habituales<br \/>\n. Columna Lumbar-sacro: Recordatorio anat\u00f3mico neurol\u00f3gico. Palpaci\u00f3n. Pruebas neurol\u00f3gicas. Relaciones de tejidos a distancia. Valoraci\u00f3n y abordaje. Disfunciones habituales<br \/>\n. Pelvis: Recordatorio anat\u00f3mico neurol\u00f3gico. Palpaci\u00f3n. Pruebas neurol\u00f3gicas. Relaciones de tejidos a distancia. Valoraci\u00f3n y abordaje. Disfunciones habituales<br \/>\n. Cadera: Recordatorio anat\u00f3mico neurol\u00f3gico. Palpaci\u00f3n. Pruebas neurol\u00f3gicas. Relaciones de tejidos a distancia. Valoraci\u00f3n y abordaje. Disfunciones habituales<br \/>\n. Pie: Recordatorio anat\u00f3mico neurol\u00f3gico. Palpaci\u00f3n. Pruebas neurol\u00f3gicas. Relaciones de tejidos a distancia. Valoraci\u00f3n y abordaje. Disfunciones habituales<\/li>\n<li>. Recordatorio anat\u00f3mico neurol\u00f3gico de cada segmento. Palpaci\u00f3n. Pruebas neurol\u00f3gicas. Relaciones de tejidos a distancia. Valoraci\u00f3n y abordaje. Disfunciones habituales<\/li>\n<\/ol>\n<hr \/>\n<p><!--\n\n\n<h4>Impartido por: A. Quir\u00f3s<\/h4>\n\n\nTerapeuta manual y Oste\u00f3pata. Ha impartido formaciones de Osteopat\u00eda estructural y seminarios de especializaci\u00f3n y profundizaci\u00f3n en Osteopat\u00eda. En colaboraci\u00f3n con Montse Garcia Pallarols, Terapeuta manual, Especializada en reflexoterapia podal, facioterapia y masaje deportivo, quien ha supervisado el programa para adaptarlo al m\u00e1ximo a las necesidades formativas de los quiromasajistas.--><\/p>\n[\/vc_column_text][\/vc_column][\/vc_row]\n<\/div>\n","protected":false},"excerpt":{"rendered":"<p>Modalidad presencial. <span style=\"color: #7f7dd1;\"><strong><br \/>\nprogramando fechas&#8230;<\/strong><br \/>\n<\/span><\/p>\n<hr \/>\n<p><strong>Precio Total: <\/strong>854\u20ac. Reserva plaza: 50\u20ac, y 6 pagos de 134\u20ac\/mes, a abonar por domiciliaci\u00f3n bancaria.<br \/>\n<strong>Precio especial alumnos-exalumnos del T\u00e9cnico en Quiromasaje ISMET: total 768,6\u20ac.<\/strong> 6 pagos de 128,1\u20ac\/mes, por domiciliaci\u00f3n bancaria.<br \/>\nPlazas limitadas. Es necesario reservar con antelaci\u00f3n.<\/p>\n<hr \/>\n<p>Plazas limitadas. Es necesario reservar con antelaci\u00f3n.<br \/>\n<b>Cup\u00f3n descuento<\/b> llamando al 93 426 50 50 o bien mail a info@ismet.es<\/p>\n<hr \/>\n<p>Aprender las indicaciones y el abordaje profundo de la liberaci\u00f3n del tejido blando y articular&#8230;(<a href=\"#tab-description\">Ver m\u00e1s informaci\u00f3n<\/a>)<\/p>\n","protected":false},"featured_media":7164,"comment_status":"open","ping_status":"closed","template":"","meta":{"_joinchat":[]},"product_brand":[],"product_cat":[617,191,89,98,179],"product_tag":[809,420,311,419,808,810],"class_list":{"0":"post-1740","1":"product","2":"type-product","3":"status-publish","4":"has-post-thumbnail","6":"product_cat-imagenes-profesores","7":"product_cat-osteopatia","8":"product_cat-terapias-manuales","9":"product_cat-cursos","10":"product_cat-cursos-presenciales","11":"product_tag-bloqueos-articulares","12":"product_tag-masajistas","13":"product_tag-osteo","14":"product_tag-tecnicas-osteopaticas","15":"product_tag-tejidos-blandos","16":"product_tag-terapeutas-manuales","18":"first","19":"instock","20":"virtual","21":"purchasable","22":"product-type-simple"},"_links":{"self":[{"href":"https:\/\/tienda.ismet.es\/index.php\/wp-json\/wp\/v2\/product\/1740","targetHints":{"allow":["GET"]}}],"collection":[{"href":"https:\/\/tienda.ismet.es\/index.php\/wp-json\/wp\/v2\/product"}],"about":[{"href":"https:\/\/tienda.ismet.es\/index.php\/wp-json\/wp\/v2\/types\/product"}],"replies":[{"embeddable":true,"href":"https:\/\/tienda.ismet.es\/index.php\/wp-json\/wp\/v2\/comments?post=1740"}],"wp:featuredmedia":[{"embeddable":true,"href":"https:\/\/tienda.ismet.es\/index.php\/wp-json\/wp\/v2\/media\/7164"}],"wp:attachment":[{"href":"https:\/\/tienda.ismet.es\/index.php\/wp-json\/wp\/v2\/media?parent=1740"}],"wp:term":[{"taxonomy":"product_brand","embeddable":true,"href":"https:\/\/tienda.ismet.es\/index.php\/wp-json\/wp\/v2\/product_brand?post=1740"},{"taxonomy":"product_cat","embeddable":true,"href":"https:\/\/tienda.ismet.es\/index.php\/wp-json\/wp\/v2\/product_cat?post=1740"},{"taxonomy":"product_tag","embeddable":true,"href":"https:\/\/tienda.ismet.es\/index.php\/wp-json\/wp\/v2\/product_tag?post=1740"}],"curies":[{"name":"wp","href":"https:\/\/api.w.org\/{rel}","templated":true}]}}