{"id":1739,"date":"2018-09-04T13:40:51","date_gmt":"2018-09-04T12:40:51","guid":{"rendered":"https:\/\/tienda.ismet.es\/index.php\/producto\/acupuntura-zonal-tobillos-y-mueca\/"},"modified":"2026-03-24T12:38:43","modified_gmt":"2026-03-24T11:38:43","slug":"acupuntura-zonal-tobillos-y-mueca","status":"publish","type":"product","link":"https:\/\/tienda.ismet.es\/index.php\/producto\/acupuntura-zonal-tobillos-y-mueca\/","title":{"rendered":"&#8211; Acupuntura zonal, tobillos y mu\u00f1eca"},"content":{"rendered":"[vc_row][vc_column][vc_video link=&#8221;https:\/\/youtu.be\/mxkHgGPo8O8&#8243;][vc_column_text]\n<hr \/>\n<div class=\"woocommerce-product-details__short-description\">\n<h4>\u00bfQu\u00e9 ventajas tiene este tratamiento respecto a otros?<\/h4>\n<p>\u2022 Este m\u00e9todo es de f\u00e1cil aprendizaje para cualquier acupuntor, masajista, fisioterapeuta, etc. Incluso cualquier persona que lo desee y tenga conocimientos de anatom\u00eda, puede aprender este m\u00e9todo con facilidad.<br \/>\n\u2022 Por el r\u00e1pido alivio que se consigue del dolor (efecto analg\u00e9sico y antiinflamatorio), en muchos casos instant\u00e1neamente o desde la primera sesi\u00f3n.<br \/>\n\u2022 Porque este tratamiento no produce dolor ni puede acarrear ning\u00fan peligro para el paciente, pues no hay \u00f3rganos ubicados en la mu\u00f1eca y el tobillo.<br \/>\n\u2022 Al ser una t\u00e9cnica de punci\u00f3n indolora, puede ser de m\u00e1s f\u00e1cil aceptaci\u00f3n y confianza para las personas con aprensi\u00f3n a las agujas.<br \/>\n\u2022 Tambi\u00e9n al pinchar solo en las mu\u00f1ecas y los tobillos tienen la gran ventaja de que el paciente no tiene que desvestirse.<\/p>\n<hr \/>\n<p>\u2756 Introducci\u00f3n<br \/>\n\u2756 \u00bfQu\u00e9 es la acupuntura zonal?<br \/>\n\u2756 \u00bfEn qu\u00e9 consiste?<br \/>\n\u2756 Formaci\u00f3n de las zonas de estimulaci\u00f3n. Eje transversal y Eje longitudinal<br \/>\n\u2756 Generalidades<br \/>\n\u2756 La t\u00e9cnica<br \/>\n\u2756 Descripci\u00f3n de las zonas<br \/>\nZONA 1.<br \/>\nRecorrido del \u00e1rea reflexol\u00f3gica y de influencia superior e inferior. Indicaciones de la Zona 1.<br \/>\nPr\u00e1ctica: Localizaci\u00f3n y punci\u00f3n de los puntos.<\/p>\n<p>ZONA 2<br \/>\nRecorrido del \u00e1rea reflexol\u00f3gica y de influencia superior e inferior. Indicaciones de la Zona 2.<br \/>\nPr\u00e1ctica: Localizaci\u00f3n y punci\u00f3n de los puntos. Im\u00e1genes de la Zona 2.<\/p>\n<p>ZONA 3<br \/>\nRecorrido del \u00e1rea reflexol\u00f3gica y de influencia superior e inferior. Indicaciones de la Zona 3.<br \/>\nPr\u00e1ctica: Localizaci\u00f3n y punci\u00f3n de los puntos.<\/p>\n<p>ZONA 4<br \/>\nRecorrido del \u00e1rea reflexol\u00f3gica y de influencia superior e inferior. Indicaciones de la Zona 4.<br \/>\nPr\u00e1ctica: Localizaci\u00f3n y punci\u00f3n de los puntos.<\/p>\n<p>ZONA 5<br \/>\nRecorrido del \u00e1rea reflexol\u00f3gica y de influencia superior e inferior. Indicaciones<br \/>\nde la Zona 5. Localizaci\u00f3n te\u00f3rica y pr\u00e1ctica de los puntos.<\/p>\n<p>ZONA 6<br \/>\nRecorrido del \u00e1rea reflexol\u00f3gica y de influencia superior e inferior. Indicaciones<br \/>\nde la Zona 6. Pr\u00e1ctica: Localizaci\u00f3n y punci\u00f3n de los puntos.<br \/>\n\u2756 Contraindicaciones<br \/>\n\u2756 Mapa de zonas<br \/>\n\u2756 Im\u00e1genes de los puntos<\/p>\n<hr \/>\n<p><!--\n\n\n<h4>Impartido por: Alfonso Delgado<\/h4>\n\n\nLicenciado en Medicina Tradicional China. Natur\u00f3pata y Home\u00f3pata. T\u00e9cnico Superior en Diet\u00e9tica.--><\/p>\n[\/vc_column_text][\/vc_column][\/vc_row]\n<\/div>\n","protected":false},"excerpt":{"rendered":"<p>Modalidad presencial. <span style=\"color: #7f7dd1;\" data-darkreader-inline-color=\"\"><strong><br \/>\nDomingo 10 de mayo 2026.<br \/>\nHorario: de 8:30 a 15:30 horas.<br \/>\n<\/strong><\/span><\/p>\n<hr \/>\n<p><strong>Precio Total: <\/strong> 165\u20ac.<\/p>\n<hr \/>\n<p>Consiste en el tratamiento del dolor y las enfermedades de todo el organismo a trav\u00e9s de la introducci\u00f3n de agujas en uno o varios puntos de los 12 repartidos por encima de las mu\u00f1ecas y los tobillos&#8230; (<a href=\"#tab-description\">Ver m\u00e1s informaci\u00f3n<\/a>)<\/p>\n","protected":false},"featured_media":25785,"comment_status":"open","ping_status":"closed","template":"","meta":{"_joinchat":[]},"product_brand":[],"product_cat":[617,90,98,179,198],"product_tag":[320,322,321,436,323],"class_list":{"0":"post-1739","1":"product","2":"type-product","3":"status-publish","4":"has-post-thumbnail","6":"product_cat-imagenes-profesores","7":"product_cat-medicina-china-y-acupuntura","8":"product_cat-cursos","9":"product_cat-cursos-presenciales","10":"product_cat-presencial-mayo","11":"product_tag-acupuntura","12":"product_tag-acupuntura-zonal","13":"product_tag-alfonso-delgado","14":"product_tag-dolor","15":"product_tag-tobillos","16":"pa_ediciones-edicion-enero","17":"pa_ediciones-edicion-mayo","19":"first","20":"instock","21":"purchasable","22":"product-type-simple"},"_links":{"self":[{"href":"https:\/\/tienda.ismet.es\/index.php\/wp-json\/wp\/v2\/product\/1739","targetHints":{"allow":["GET"]}}],"collection":[{"href":"https:\/\/tienda.ismet.es\/index.php\/wp-json\/wp\/v2\/product"}],"about":[{"href":"https:\/\/tienda.ismet.es\/index.php\/wp-json\/wp\/v2\/types\/product"}],"replies":[{"embeddable":true,"href":"https:\/\/tienda.ismet.es\/index.php\/wp-json\/wp\/v2\/comments?post=1739"}],"wp:featuredmedia":[{"embeddable":true,"href":"https:\/\/tienda.ismet.es\/index.php\/wp-json\/wp\/v2\/media\/25785"}],"wp:attachment":[{"href":"https:\/\/tienda.ismet.es\/index.php\/wp-json\/wp\/v2\/media?parent=1739"}],"wp:term":[{"taxonomy":"product_brand","embeddable":true,"href":"https:\/\/tienda.ismet.es\/index.php\/wp-json\/wp\/v2\/product_brand?post=1739"},{"taxonomy":"product_cat","embeddable":true,"href":"https:\/\/tienda.ismet.es\/index.php\/wp-json\/wp\/v2\/product_cat?post=1739"},{"taxonomy":"product_tag","embeddable":true,"href":"https:\/\/tienda.ismet.es\/index.php\/wp-json\/wp\/v2\/product_tag?post=1739"}],"curies":[{"name":"wp","href":"https:\/\/api.w.org\/{rel}","templated":true}]}}