{"id":17324,"date":"2023-02-28T14:34:06","date_gmt":"2023-02-28T13:34:06","guid":{"rendered":"https:\/\/tienda.ismet.es\/?post_type=product&#038;p=17324"},"modified":"2025-04-23T09:23:23","modified_gmt":"2025-04-23T08:23:23","slug":"practicas-de-auriculoterapia","status":"publish","type":"product","link":"https:\/\/tienda.ismet.es\/index.php\/producto\/practicas-de-auriculoterapia\/","title":{"rendered":"&#8211; Pr\u00e1cticas de Auriculoterapia"},"content":{"rendered":"[vc_row][vc_column][vc_column_text]\n<div class=\"woocommerce-product-details__short-description\">\n<h4>Dirigido a<\/h4>\n<p class=\"curso\">Dirigido a exalumnos que hayan cursado el curso de Auriculoterapia de Alfonso Delgado en ediciones pasadas, y que est\u00e9n interesadas en realizar pr\u00e1cticas de la t\u00e9cnica de<br \/>\nauriculoterapia, con posibilidad de aplicarla a usuarios reales.<\/p>\n<hr \/>\n<h4>Metodolog\u00eda<\/h4>\n<p>Se concertar\u00e1n visites de pr\u00e1cticas con usuarios reales, a los que se les aplicar\u00e1 auriculoterapia, previa anamnesis y valoraci\u00f3n por parte del profesor, conjuntamente consensuada y revisada con los alumnos.<br \/>\nEstas sesiones con usuarios reales se combinar\u00e1n con pr\u00e1cticas en clase entre los mismos alumnos inscritos.<\/p>\n<hr \/>\n<p><!--\n\n\n<h4>Impartido por: Alfonso Delgado<\/h4>\n\n\nLicenciado en Medicina Tradicional China. Natur\u00f3pata y Home\u00f3pata. T\u00e9cnico Superior en Diet\u00e9tica.--><\/p>\n[\/vc_column_text][\/vc_column][\/vc_row]\n<\/div>\n","protected":false},"excerpt":{"rendered":"<p>Modalidad presencial. <span style=\"color: #7f7dd1;\" data-darkreader-inline-color=\"\"><b>Planificando fechas.<\/b><\/span><\/p>\n<hr \/>\n<p><b>Precio total: <\/b>3 pagos de 96\u20ac, de marzo a mayo, por domiciliaci\u00f3n bancaria. Plazas limitadas. Es necesario reservar plaza con antelaci\u00f3n.<\/span><\/span><\/p>\n<hr \/>\n<p>Realiza pr\u00e1cticas bajo la supervisi\u00f3n de Alfonso Delgado. (<a href=\"#tab-description\">Ver m\u00e1s informaci\u00f3n<\/a>)<\/p>\n","protected":false},"featured_media":8789,"comment_status":"open","ping_status":"closed","template":"","meta":{"_joinchat":[]},"product_brand":[],"product_cat":[617,90,98,179],"product_tag":[321,345,343],"class_list":{"0":"post-17324","1":"product","2":"type-product","3":"status-publish","4":"has-post-thumbnail","6":"product_cat-imagenes-profesores","7":"product_cat-medicina-china-y-acupuntura","8":"product_cat-cursos","9":"product_cat-cursos-presenciales","10":"product_tag-alfonso-delgado","11":"product_tag-auriculo","12":"product_tag-auriculoterapia","14":"first","15":"outofstock","16":"virtual","17":"purchasable","18":"product-type-simple"},"_links":{"self":[{"href":"https:\/\/tienda.ismet.es\/index.php\/wp-json\/wp\/v2\/product\/17324","targetHints":{"allow":["GET"]}}],"collection":[{"href":"https:\/\/tienda.ismet.es\/index.php\/wp-json\/wp\/v2\/product"}],"about":[{"href":"https:\/\/tienda.ismet.es\/index.php\/wp-json\/wp\/v2\/types\/product"}],"replies":[{"embeddable":true,"href":"https:\/\/tienda.ismet.es\/index.php\/wp-json\/wp\/v2\/comments?post=17324"}],"wp:featuredmedia":[{"embeddable":true,"href":"https:\/\/tienda.ismet.es\/index.php\/wp-json\/wp\/v2\/media\/8789"}],"wp:attachment":[{"href":"https:\/\/tienda.ismet.es\/index.php\/wp-json\/wp\/v2\/media?parent=17324"}],"wp:term":[{"taxonomy":"product_brand","embeddable":true,"href":"https:\/\/tienda.ismet.es\/index.php\/wp-json\/wp\/v2\/product_brand?post=17324"},{"taxonomy":"product_cat","embeddable":true,"href":"https:\/\/tienda.ismet.es\/index.php\/wp-json\/wp\/v2\/product_cat?post=17324"},{"taxonomy":"product_tag","embeddable":true,"href":"https:\/\/tienda.ismet.es\/index.php\/wp-json\/wp\/v2\/product_tag?post=17324"}],"curies":[{"name":"wp","href":"https:\/\/api.w.org\/{rel}","templated":true}]}}