{"id":1731,"date":"2018-09-04T13:40:49","date_gmt":"2018-09-04T12:40:49","guid":{"rendered":"https:\/\/tienda.ismet.es\/index.php\/producto\/cocina-terapeutica-intolerancias-alimentarias\/"},"modified":"2025-05-07T12:51:40","modified_gmt":"2025-05-07T11:51:40","slug":"cocina-terapeutica-intolerancias-alimentarias","status":"publish","type":"product","link":"https:\/\/tienda.ismet.es\/index.php\/producto\/cocina-terapeutica-intolerancias-alimentarias\/","title":{"rendered":"&#8211; Cocina terap\u00e9utica, intolerancias alimentarias"},"content":{"rendered":"[vc_row][vc_column][vc_video link=&#8221;&#8221;][vc_column_text]\n<div class=\"woocommerce-product-details__short-description\">\n<p class=\"curso\">Taller de cocina terap\u00e9utica para el tratamiento de las intolerancias alimentarias. Aunque es dif\u00edcil determinar las causas profundas de las intolerancias alimentarias, el n\u00famero de personas que actualmente experimentan alg\u00fan tipo de intolerancia va en aumento. Desde el sentido com\u00fan, podemos afirmar que en cualquier caso se trata de un tema sist\u00e9mico y multifactorial, que alude a nuestros h\u00e1bitos alimentarios y a nuestra forma de vivir, cada vez m\u00e1s alejada de una vida natural y saludable. Desde una visi\u00f3n naturista, las intolerancias alimentarias son una respuesta reactiva de un organismo que se ha saturado de toxinas y que por lo tanto hay que ayudar a depurar. En este taller, conocer\u00e1s las bases de una alimentaci\u00f3n saludable y terap\u00e9utica, adem\u00e1s de aprender a sustituir los alimentos causantes de las intolerancias sin incurrir en carencias nutricionales a largo plazo.<\/p>\n<\/div>\n<hr \/>\n<h4>Objetivos<\/h4>\n<p>Se elaborar\u00e1n recetas donde se sustituyen los l\u00e1cteos, el gluten, los huevos, etc\u2026<br \/>\n\u00bb Se aportar\u00e1n recursos culinarios y alimentarios apropiados seg\u00fan el tipo de intolerancia.<br \/>\n\u00bb Se explicar\u00e1n las bases para mantener un intestino saludable.<br \/>\n\u00bb Aplicaci\u00f3n de estrategias culinarias para disfrutar del placer de comer a pesar de las restricciones terap\u00e9uticas.<br \/>\n\u00bb En el taller se elaborar\u00e1n 3 recetas terap\u00e9uticas relacionadas con las intolerancias alimentarias m\u00e1s comunes.<\/p>\n<hr \/>\n<p><!--\n\n\n<h4>Impartido por: Ana Bel\u00e9n<\/h4>\n\n\nNatur\u00f3pata, especializada en diet\u00e9tica y Nutrici\u00f3n Criterio Naturista. Experta en cocina natural.-->[\/vc_column_text][\/vc_column][\/vc_row]\n","protected":false},"excerpt":{"rendered":"<p>Modalidad presencial. <span style=\"color: #7f7dd1;\"><strong><br \/>\nprogramando fechas&#8230;<\/strong><\/p>\n<p><\/span><\/p>\n<p>Modalidad online. <strong><span style=\"color: #7f7dd1;\"><br \/>\nprogramando fechas&#8230;<\/span><\/strong><\/p>\n<hr \/>\n<p>Desde una visi\u00f3n naturista, las intolerancias alimentarias son una respuesta reactiva de un organismo que se ha saturado de toxinas y que por lo tanto hay que ayudar a depurar&#8230;(<a href=\"#tab-description\">Ver m\u00e1s informaci\u00f3n<\/a>)<\/p>\n<hr \/>\n","protected":false},"featured_media":7124,"comment_status":"open","ping_status":"closed","template":"","meta":{"_joinchat":[]},"product_brand":[],"product_cat":[617,82,184,98,179],"product_tag":[537,349,574],"class_list":{"0":"post-1731","1":"product","2":"type-product","3":"status-publish","4":"has-post-thumbnail","6":"product_cat-imagenes-profesores","7":"product_cat-naturopatia","8":"product_cat-alimentacion-saludable","9":"product_cat-cursos","10":"product_cat-cursos-presenciales","11":"product_tag-cocina-terapeutica","12":"product_tag-intolerancias","13":"product_tag-tamara-torcellini","14":"pa_ediciones-edicion-marzo","15":"pa_ediciones-edicion-abril","16":"pa_modalidad-online","17":"pa_modalidad-presencial","19":"first","20":"outofstock","21":"product-type-simple"},"_links":{"self":[{"href":"https:\/\/tienda.ismet.es\/index.php\/wp-json\/wp\/v2\/product\/1731","targetHints":{"allow":["GET"]}}],"collection":[{"href":"https:\/\/tienda.ismet.es\/index.php\/wp-json\/wp\/v2\/product"}],"about":[{"href":"https:\/\/tienda.ismet.es\/index.php\/wp-json\/wp\/v2\/types\/product"}],"replies":[{"embeddable":true,"href":"https:\/\/tienda.ismet.es\/index.php\/wp-json\/wp\/v2\/comments?post=1731"}],"wp:featuredmedia":[{"embeddable":true,"href":"https:\/\/tienda.ismet.es\/index.php\/wp-json\/wp\/v2\/media\/7124"}],"wp:attachment":[{"href":"https:\/\/tienda.ismet.es\/index.php\/wp-json\/wp\/v2\/media?parent=1731"}],"wp:term":[{"taxonomy":"product_brand","embeddable":true,"href":"https:\/\/tienda.ismet.es\/index.php\/wp-json\/wp\/v2\/product_brand?post=1731"},{"taxonomy":"product_cat","embeddable":true,"href":"https:\/\/tienda.ismet.es\/index.php\/wp-json\/wp\/v2\/product_cat?post=1731"},{"taxonomy":"product_tag","embeddable":true,"href":"https:\/\/tienda.ismet.es\/index.php\/wp-json\/wp\/v2\/product_tag?post=1731"}],"curies":[{"name":"wp","href":"https:\/\/api.w.org\/{rel}","templated":true}]}}