{"id":1729,"date":"2018-09-04T13:40:49","date_gmt":"2018-09-04T12:40:49","guid":{"rendered":"https:\/\/tienda.ismet.es\/index.php\/producto\/postgrado-en-farmacopea-china-avanzada-y-aplicacin-clnica\/"},"modified":"2026-02-13T14:08:00","modified_gmt":"2026-02-13T13:08:00","slug":"postgrado-en-farmacopea-china-avanzada-y-aplicacin-clnica","status":"publish","type":"product","link":"https:\/\/tienda.ismet.es\/index.php\/producto\/postgrado-en-farmacopea-china-avanzada-y-aplicacin-clnica\/","title":{"rendered":"&#8211; Postgrado en farmacopea China avanzada y aplicaci\u00f3n cl\u00ednica"},"content":{"rendered":"<div class=\"woocommerce-product-details__short-description\">[vc_row][vc_column][vc_video link=&#8221;&#8221;][vc_column_text]\n<div class=\"woocommerce-product-details__short-description\">\n<p class=\"curso\">Curso de profundizaci\u00f3n de Farmacopea Tradicional China, este m\u00f3dulo optativo es la continuaci\u00f3n y el complemento imprescindible a la asignatura de Farmacopea Tradicional China b\u00e1sica (se puede seguir simult\u00e1neamente) y permite adquirir unos conocimientos profundizados (se estudian propiedades energ\u00e9ticas, clasificaci\u00f3n, funciones, indicaciones, contraindicaciones, reconocimiento visual) de las sustancias de la materia m\u00e9dica china (hierbas, minerales, animales), manejadas habitualmente en consulta y en los hospitales en China y a continuaci\u00f3n de las f\u00f3rmulas tradicionales m\u00e1s utilizadas (se estudian clasificaci\u00f3n, nombre, ingredientes principales y jerarqu\u00eda, funciones, indicaciones y contraindicaciones), sus aplicaciones cl\u00ednicas frecuentes analizados a trav\u00e9s de casos cl\u00ednicos para una utilizaci\u00f3n eficaz en consulta.<\/p>\n<hr \/>\n<h4>Objetivos<\/h4>\n<ul>\n<li class=\"curso\">Conocer los fundamentos de la farmacopea tradicional china, sus or\u00edgenes, historia y principales autores y textos cl\u00e1sicos.<\/li>\n<li class=\"curso\">Conocer las propiedades energ\u00e9ticas principales, clasificaci\u00f3n, funciones, indicaciones, contraindicaciones de alrededor de 300 sustancias de la materia m\u00e9dica china<\/li>\n<li class=\"curso\">Reconocer visualmente las principales sustancias<\/li>\n<li class=\"curso\">Conocer la clasificaci\u00f3n, nombre, ingredientes principales y jerarqu\u00eda, funciones, indicaciones y contraindicaciones de alrededor de 150 f\u00f3rmulas tradicionales de la farmacopea china.<\/li>\n<li class=\"curso\">Poder definir una recomendaci\u00f3n acertada en de farmacopea china en base a los s\u00edndromes de la MTC y seg\u00fan la diferenciaci\u00f3n de s\u00edndromes en enfermedades comunes.<\/li>\n<li class=\"curso\">Manejar las aplicaciones en el tratamiento de enfermedades comunes a trav\u00e9s del estudio de casos cl\u00ednicos.<\/li>\n<\/ul>\n<\/div>\n<hr \/>\n<h4>Programa del Curso<\/h4>\n<ol>\n<li>Tratar viento externo, viento interno, sequedad<br \/>\n1. Liberar la Superficie<br \/>\n1.1 Repaso de materias y f\u00f3rmulas<br \/>\n1.2 Materias adicionales<br \/>\n1.3 F\u00f3rmulas espec\u00edficas<br \/>\n1.4 Reconocimiento visual de las materias<br \/>\n1.5 Casos cl\u00ednicos y formulaci\u00f3n: Resfriado, tos, disnea, rinitis aguda, sinusitis, faringitis aguda, laringitis aguda, cefalea, erupci\u00f3n cut\u00e1nea\u2026<br \/>\n2. Hidratar la Sequedad<br \/>\n2.1 Repaso de materias y f\u00f3rmulas<br \/>\n2.2 Materias adicionales<br \/>\n2.3 F\u00f3rmulas espec\u00edficas<br \/>\n2.4 Reconocimiento visual de las materias<br \/>\n2.5 Casos cl\u00ednicos y formulaci\u00f3n: Tos seca, rinitis atr\u00f3fica, faringitis cr\u00f3nica, laringitis cr\u00f3nica, diabetes\u2026<br \/>\n3. Eliminar Viento Interno<br \/>\n3.1 Repaso de materias y f\u00f3rmulas<br \/>\n3.2 Materias adicionales<br \/>\n3.3 F\u00f3rmulas espec\u00edficas<br \/>\n3.4 Reconocimiento visual de las materias<br \/>\n3.5 Casos cl\u00ednicos y formulaci\u00f3n: Mareos y v\u00e9rtigos, HTA, secuelas de AVC (afasia, desviaci\u00f3n, disfasia, par\u00e1lisis facial), cefalea, migra\u00f1a, par\u00e1lisis de Bell, tics, espasmos\u2026<\/li>\n<li>Enfermedades de la humedad<br \/>\n1. Eliminar Humedad<br \/>\n1.1 Repaso de materias y f\u00f3rmulas<br \/>\n1.2 Materias adicionales<br \/>\n1.3 F\u00f3rmulas espec\u00edficas<br \/>\n1.4 Reconocimiento visual de las materias<br \/>\n1.5 Casos cl\u00ednicos y formulaci\u00f3n: S\u00edndrome Bi, artrosis, fibromialgia, lumbalgia, dolor de hombro, n\u00e1useas, v\u00f3mitos, dispepsia, gastralgia, edema, disuria, retenci\u00f3n de l\u00edquidos, edema general, infecci\u00f3n urinaria, cistitis, prostatitis, gota, colecistitis, ictericia, gastroenteritis\u2026<\/li>\n<li>Enfermedades del calor<br \/>\n1. Eliminar Calor<br \/>\n1.1 Repaso de materias y f\u00f3rmulas<br \/>\n1.2 Materias adicionales<br \/>\n1.3 F\u00f3rmulas espec\u00edficas<br \/>\n1.4 Reconocimiento visual de las materias<br \/>\n1.5 Casos cl\u00ednicos y formulaci\u00f3n: Gingivorragia, epistaxis, herpes simplex, herpes zoster, eccema, urticaria, dolor dental, gastritis, bronquitis, neumon\u00eda, hernia de hiato, regurgitaciones \u00e1cidas, trastornos hep\u00e1ticos, diarrea, gastroenteritis, afecciones dermatol\u00f3gicas (herpes, urticaria, eccema, psoriasis), diarrea, faringitis aguda\u2026<\/li>\n<li>Tratar fr\u00edo, purgar, eliminar par\u00e1sitos<br \/>\n1. Eliminar Fr\u00edo<br \/>\n1.1 Repaso de materias y f\u00f3rmulas<br \/>\n1.2 Materias adicionales<br \/>\n1.3 F\u00f3rmulas espec\u00edficas<br \/>\n1.4 Reconocimiento visual de las materias<br \/>\n1.5 Casos cl\u00ednicos y formulaci\u00f3n: Gastralgia, abdominalgia, diarrea<br \/>\nEnfermedades articulares cr\u00f3nicas, s\u00edndrome Bi cr\u00f3nico (artrosis, artritis\u2026), enfermedad de Raynaud, hemiplej\u00eda, par\u00e1lisis o atrofia en extremidades, s\u00edndrome Wei\u2026<br \/>\n2. Purgaci\u00f3n<br \/>\n2.1 Repaso de materias y f\u00f3rmulas<br \/>\n2.2 Materias adicionales<br \/>\n2.3 F\u00f3rmulas espec\u00edficas<br \/>\n2.4 Reconocimiento visual de las materias<br \/>\n2.5 Casos cl\u00ednicos y formulaci\u00f3n: Estre\u00f1imiento\u2026<br \/>\n3. Eliminar Par\u00e1sitos<br \/>\n3.1 Repaso de materias y f\u00f3rmulas<br \/>\n3.2 Materias adicionales<br \/>\n3.3 F\u00f3rmulas espec\u00edficas<br \/>\n3.4 Reconocimiento visual de las materias<br \/>\n3.5 Casos cl\u00ednicos y formulaci\u00f3n: Parasitosis (lombrices, ascarides, taenia\u2026)<\/li>\n<li>Fortalecer energ\u00eda y sangre<br \/>\n1. Nutrir la Sangre<br \/>\n1.1 Repaso de materias y f\u00f3rmulas<br \/>\n1.2 Materias adicionales<br \/>\n1.3 F\u00f3rmulas espec\u00edficas<br \/>\n1.4 Reconocimiento visual de las materias<br \/>\n1.5 Casos cl\u00ednicos y formulaci\u00f3n: Anemia, p\u00e9rdida de cabello, trastornos menstruales, trastornos cut\u00e1neos\u2026<br \/>\n2. Tonificar el Qi<br \/>\n2.1 Repaso de materias y f\u00f3rmulas<br \/>\n2.2 Materias adicionales<br \/>\n2.3 F\u00f3rmulas espec\u00edficas<br \/>\n2.4 Reconocimiento visual de las materias<br \/>\n2.5 Casos cl\u00ednicos y formulaci\u00f3n: Astenia, debilidad general y tratamientos de apoyo en menopausia, enfermedades largas, convalecencia, prolapso de \u00f3rganos como prolapso uterino, metrorragia\u2026<br \/>\n3. Tonificar Qi y Sangre<br \/>\n3.1 Repaso de materias y f\u00f3rmulas<br \/>\n3.2 Materias adicionales<br \/>\n3.3 F\u00f3rmulas espec\u00edficas<br \/>\n3.4 Reconocimiento visual de las materias<br \/>\n3.5 Casos cl\u00ednicos y formulaci\u00f3n: Astenia, neurastenia, anemia, insomnio, infertilidad, recuperaci\u00f3n postparto, depresi\u00f3n\u2026<\/li>\n<li>Movilizar y contener la sangre<br \/>\n1. Movilizar la Sangre, romper la estasis de Sangre<br \/>\n1.1 Repaso de materias y f\u00f3rmulas<br \/>\n1.2 Materias adicionales<br \/>\n1.3 F\u00f3rmulas espec\u00edficas<br \/>\n1.4 Reconocimiento visual de las materias<br \/>\n1.5 Casos cl\u00ednicos y formulaci\u00f3n: Dismenorrea, angor pectoris (Bi tor\u00e1cico), s\u00edndrome Bi, secuelas de AVC, lumbalgia\u2026<br \/>\n2. Contener la Sangre<br \/>\n2.1 Repaso de materias y f\u00f3rmulas<br \/>\n2.2 Materias adicionales<br \/>\n2.3 F\u00f3rmulas espec\u00edficas<br \/>\n2.4 Reconocimiento visual de las materias<br \/>\n2.5 Casos cl\u00ednicos y formulaci\u00f3n: Hemorragias (epistaxis, hematuria, gingivorragia, m\u00e1culas, melena)\u2026<\/li>\n<li>Fortalecer Yin, Yang y esencia Jing<br \/>\n1. Nutrir Yin<br \/>\n1.1 Repaso de materias y f\u00f3rmulas<br \/>\n1.2 Materias adicionales<br \/>\n1.3 F\u00f3rmulas espec\u00edficas<br \/>\n1.4 Reconocimiento visual de las materias<br \/>\n1.5 Casos cl\u00ednicos y formulaci\u00f3n: Diabetes, ac\u00fafenos y sordera, trastornos de la visi\u00f3n, s\u00edndrome climat\u00e9rico, infertilidad\u2026<br \/>\n2. Tonificar Yang<br \/>\n2.1 Repaso de materias y f\u00f3rmulas<br \/>\n2.2 Materias adicionales<br \/>\n2.3 F\u00f3rmulas espec\u00edficas<br \/>\n2.4 Reconocimiento visual de las materias<br \/>\n2.5 Casos cl\u00ednicos y formulaci\u00f3n: Agotamiento, debilidad y sensaci\u00f3n de fr\u00edo, menopausia, esterilidad, infertilidad, impotencia, ac\u00fafenos y sordera, lumbalgia\u2026<br \/>\n3. Consolidar Jing<br \/>\n3.1 Repaso de materias y f\u00f3rmulas<br \/>\n3.2 Materias adicionales<br \/>\n3.3 F\u00f3rmulas espec\u00edficas<br \/>\n3.4 Reconocimiento visual de las materias<br \/>\n3.5 Casos cl\u00ednicos y formulaci\u00f3n: Sudoraci\u00f3n excesiva, espermatorrea, eyaculaci\u00f3n precoz, diarrea, enuresis, incontinencia\u2026<\/li>\n<li>Flema, tos, asma y armonizaci\u00f3n del Qi<br \/>\n1. Eliminar Flema, calmar tos y asma<br \/>\n1.1 Repaso de materias y f\u00f3rmulas<br \/>\n1.2 Materias adicionales<br \/>\n1.3 F\u00f3rmulas espec\u00edficas<br \/>\n1.4 Reconocimiento visual de las materias<br \/>\n1.5 Casos cl\u00ednicos y formulaci\u00f3n: N\u00f3dulos, masas, quistes, bocio, tos, asma, neurosis, psicosis, epilepsia\u2026<br \/>\n2. Regular y armonizar el Qi<br \/>\n2.1 Repaso de materias y f\u00f3rmulas<br \/>\n2.2 Materias adicionales<br \/>\n2.3 F\u00f3rmulas espec\u00edficas<br \/>\n2.4 Reconocimiento visual de las materias<br \/>\n2.5 Casos cl\u00ednicos y formulaci\u00f3n: Dolor costal, depresi\u00f3n, regurgitaciones \u00e1cidas, n\u00e1useas, v\u00f3mitos, dismenorrea, mala digesti\u00f3n, dolor abdominal, diarrea, v\u00f3mito\u2026<\/li>\n<li>Enfermedades del Shen y de la consciencia<br \/>\n1. Calmar el Shen<br \/>\n1.1 Repaso de materias y f\u00f3rmulas<br \/>\n1.2 Materias adicionales<br \/>\n1.3 F\u00f3rmulas espec\u00edficas<br \/>\n1.4 Reconocimiento visual de las materias<br \/>\n1.5 Casos cl\u00ednicos y formulaci\u00f3n: Ansiedad, insomnio, palpitaciones, depresi\u00f3n, neurosis, psicosis\u2026<br \/>\n2. Abrir los orificios<br \/>\n2.1 Repaso de materias y f\u00f3rmulas<br \/>\n2.2 Materias adicionales<br \/>\n2.3 F\u00f3rmulas espec\u00edficas<br \/>\n2.4 Reconocimiento visual de las materias<br \/>\n2.5 Casos cl\u00ednicos y formulaci\u00f3n: Alteraci\u00f3n de la conciencia, psicosis, esquizofrenia, afectaci\u00f3n de los \u00f3rganos de los sentidos\u2026<\/li>\n<li>Tratamientos ginecol\u00f3gicos<br \/>\n1. Ginecolog\u00eda<br \/>\n1.1 Repaso de materias y f\u00f3rmulas<br \/>\n1.2 Materias adicionales<br \/>\n1.3 F\u00f3rmulas espec\u00edficas<br \/>\n1.4 Reconocimiento visual de las materias<br \/>\n1.5 Casos cl\u00ednicos y formulaci\u00f3n: Trastornos menstruales (alteraci\u00f3n del ciclo, dismenorrea, amenorrea) y ginecol\u00f3gicos (metrorragia, menopausia, leucorrea, hipogalactia y agalactia, masas uterinas), infertilidad.<\/li>\n<\/ol>\n<hr \/>\n<p><!--\n\n\n<h4>Impartido por: Thomas Richard<\/h4>\n\n\nBachelor of Science with Honours (Licenciado) en Medicina Tradicional China por la University of Wales (Reino Unido).-->[\/vc_column_text][\/vc_column][\/vc_row]\n<\/div>\n","protected":false},"excerpt":{"rendered":"<p>Modalidad online. (Puedes escoger m\u00f3dulo y mes en que lo quieres cursar)<span style=\"color: #7f7dd1;\" data-darkreader-inline-color=\"\"><strong><br \/>\n\u2022 Del 2 al 28 de febrero 2026.<br \/>\n\u2022 Del 2 al 31 de marzo 2026.<br \/>\n\u2022 Del 1 al 30 de abril 2026.<br \/>\n\u2022 Del 4 al 31 de mayo 2026.<br \/>\n\u2022 Del 1 al 30 de junio 2026.<br \/>\n\u2022 Del 1 al 30 de julio 2026.<br \/>\n<\/strong><\/span><\/p>\n<hr \/>\n<p>Precio: 69\u20ac\/cada m\u00f3dulo. Club Fitoki y socios de la SAC: 50\u20ac\/ por m\u00f3dulo. Cont\u00e1ctanos al 93 426 50 50.<\/p>\n<hr \/>\n<p>Conocer los fundamentos de la farmacopea tradicional china, sus or\u00edgenes, historia y principales autores y textos cl\u00e1sicos. Conocer las propiedades energ\u00e9ticas principales, clasificaci\u00f3n, funciones, indicaciones, contraindicaciones de alrededor de 300 sustancias de la materia m\u00e9dica china Reconocer visualmente las principales sustancias&#8230; (<a href=\"#tab-description\">Ver m\u00e1s informaci\u00f3n<\/a>)<\/p>\n","protected":false},"featured_media":11143,"comment_status":"open","ping_status":"closed","template":"","meta":{"_joinchat":[]},"product_brand":[],"product_cat":[216,617,90,98,180,186,201,205,202,203,204],"product_tag":[657,658,517,334,660,659],"class_list":{"0":"post-1729","1":"product","2":"type-product","3":"status-publish","4":"has-post-thumbnail","6":"product_cat-fitoki","7":"product_cat-imagenes-profesores","8":"product_cat-medicina-china-y-acupuntura","9":"product_cat-cursos","10":"product_cat-online","11":"product_cat-online-febrero","12":"product_cat-online-marzo","13":"product_cat-online-abril","14":"product_cat-online-mayo","15":"product_cat-online-junio","16":"product_cat-online-julio","17":"product_tag-farmaco","18":"product_tag-farmacopea-china","19":"product_tag-medicina-tradicional-china","20":"product_tag-mtc","21":"product_tag-posgrado","22":"product_tag-postgrado","23":"pa_ediciones-edicion-diciembre","24":"pa_ediciones-edicion-enero","25":"pa_ediciones-edicion-febrero","26":"pa_ediciones-edicion-marzo","27":"pa_ediciones-edicion-abril","28":"pa_ediciones-edicion-mayo","29":"pa_ediciones-edicion-junio","30":"pa_ediciones-edicion-julio","32":"first","33":"instock","34":"purchasable","35":"product-type-variable"},"_links":{"self":[{"href":"https:\/\/tienda.ismet.es\/index.php\/wp-json\/wp\/v2\/product\/1729","targetHints":{"allow":["GET"]}}],"collection":[{"href":"https:\/\/tienda.ismet.es\/index.php\/wp-json\/wp\/v2\/product"}],"about":[{"href":"https:\/\/tienda.ismet.es\/index.php\/wp-json\/wp\/v2\/types\/product"}],"replies":[{"embeddable":true,"href":"https:\/\/tienda.ismet.es\/index.php\/wp-json\/wp\/v2\/comments?post=1729"}],"wp:featuredmedia":[{"embeddable":true,"href":"https:\/\/tienda.ismet.es\/index.php\/wp-json\/wp\/v2\/media\/11143"}],"wp:attachment":[{"href":"https:\/\/tienda.ismet.es\/index.php\/wp-json\/wp\/v2\/media?parent=1729"}],"wp:term":[{"taxonomy":"product_brand","embeddable":true,"href":"https:\/\/tienda.ismet.es\/index.php\/wp-json\/wp\/v2\/product_brand?post=1729"},{"taxonomy":"product_cat","embeddable":true,"href":"https:\/\/tienda.ismet.es\/index.php\/wp-json\/wp\/v2\/product_cat?post=1729"},{"taxonomy":"product_tag","embeddable":true,"href":"https:\/\/tienda.ismet.es\/index.php\/wp-json\/wp\/v2\/product_tag?post=1729"}],"curies":[{"name":"wp","href":"https:\/\/api.w.org\/{rel}","templated":true}]}}