{"id":17262,"date":"2023-02-21T14:22:05","date_gmt":"2023-02-21T13:22:05","guid":{"rendered":"https:\/\/tienda.ismet.es\/?post_type=product&#038;p=17262"},"modified":"2026-03-11T13:26:37","modified_gmt":"2026-03-11T12:26:37","slug":"dietoterapia-energetica-para-trastornos-ginecologicos","status":"publish","type":"product","link":"https:\/\/tienda.ismet.es\/index.php\/producto\/dietoterapia-energetica-para-trastornos-ginecologicos\/","title":{"rendered":"&#8211; Dietoterapia energ\u00e9tica para trastornos ginecol\u00f3gicos"},"content":{"rendered":"[vc_row][vc_column][vc_video link=&#8221;https:\/\/youtu.be\/WMgw9-gIfCM&#8221;][vc_column_text]\n<hr \/>\n<div class=\"woocommerce-product-details__short-description\">\n<p>Las ginecopat\u00edas afectan a una gran cantidad de mujeres y si bien es sabido que la Acupuntura puede contribuir especialmente a tratar el dolor y a regular en gran medida las desarmon\u00edas energ\u00e9ticas causantes de los diversos s\u00edndromes asociados a estos trastornos, tambi\u00e9n lo es si en paralelo se act\u00faa especialmente modificando ciertos patrones alimentarios, los resultados terap\u00e9uticos ser\u00e1n siempre mejores y m\u00e1s duraderos en el tiempo. En este curso nos centraremos en el estudio y aplicaci\u00f3n de la Dietoterapia Energ\u00e9tica seg\u00fan la MTC a los trastornos ginecol\u00f3gicos m\u00e1s comunes.<\/p>\n<hr \/>\n<h4>Objetivos<\/h4>\n<ul>\n<li>Ofrecer las bases de la Diet\u00e9tica China (Yin \u2013 Yang, Naturaleza, Sabor, Color, textura, m\u00e9todos de cocci\u00f3n)<\/li>\n<li>Proporcionar conocimientos espec\u00edficos sobre Dietoterapia Energ\u00e9tica para el abordaje de los trastornos ginecol\u00f3gicos.<\/li>\n<li>Aportar una doble informaci\u00f3n detallada sobre los alimentos desde dos perspectivas, la energ\u00e9tica basada en la MTC y la cient\u00edfica seg\u00fan par\u00e1metros nutricionales con criterio naturista.<\/li>\n<li>Abordar los distintos S\u00edndromes asociados a los trastornos ginecol\u00f3gicos m\u00e1s comunes mediante la Dietoterapia Energ\u00e9tica.<\/li>\n<li>Complementaci\u00f3n de los S\u00edndromes con Fitoterapia China y Acupuntura<\/li>\n<\/ul>\n<\/div>\n<hr \/>\n<h4>Programa del Curso<\/h4>\n<ol>\n<li>&gt;&gt; Primer bloque.<br \/>\nFundamentos de la Diet\u00e9tica Energ\u00e9tica seg\u00fan la MTC:<br \/>\nYin Yang en la alimentaci\u00f3n.<br \/>\nCaracter\u00edsticas energ\u00e9ticas de los alimentos<br \/>\nPropiedades de los cinco sabores.<br \/>\nNaturalezas de los alimentos y aplicaciones terap\u00e9uticas.<br \/>\nColores de los alimentos, significado, interpretaci\u00f3n y aplicaciones.<br \/>\nTextura e hidrataci\u00f3n de los alimentos.<br \/>\nJing de los alimentos<br \/>\nM\u00e9todos de cocci\u00f3n y transformaci\u00f3n de los alimentos. Aplicaciones terap\u00e9uticas.<br \/>\nPropiedades energ\u00e9ticas y nutricionales de los alimentos (Cereales, leguminosas, frutas, verduras, hortalizas, carnes, pescados, l\u00e1cteos, huevos, otros)<br \/>\nAlimentos para tonificar Qi \u2013 Xue \u2013 Yin \u2013 Yang \u2013 Jing<br \/>\nAlimentos para disolver humedad<\/li>\n<li>&gt;&gt; Segundo bloque.<br \/>\nAbordaje de los S\u00edndromes asociados a los distintos trastornos ginecol\u00f3gicos mediante la Dietoterapia Energ\u00e9tica<br \/>\nDismenorrea<br \/>\nOvarios poliqu\u00edsticos<br \/>\nEndometriosis<br \/>\nMetrorragias<br \/>\nInfertilidad<br \/>\nFitoterapia y acupuntura<\/li>\n<\/ol>\n<hr \/>\n<p><!--\n\n\n<h4>Impartido por: Vicen\u00e7 Fuster Font<\/h4>\n\n\nCuenta con m\u00e1s de 20 a\u00f1os de experiencia, en docencia y cl\u00ednica, en el \u00e1rea de la Nutrici\u00f3n y la Dietoterapia, tanto desde el punto de vista Naturista como desde el Bioenerg\u00e9tico seg\u00fan MTC. Tambi\u00e9n cuenta con una dilatada experiencia personal en el \u00e1mbito deportivo, habiendo sido entrenador nacional de atletismo, alpinista profesional y experto en diversas artes marciales tradicionales japonesas que sigue practicando en la actualidad despu\u00e9s de iniciarse hace cuarenta a\u00f1os, por lo que para \u00e9l conjugar ejercicio f\u00edsico y alimentaci\u00f3n saludable es un binomio indisociable.-->[\/vc_column_text][\/vc_column][\/vc_row]\n","protected":false},"excerpt":{"rendered":"<p>Modalidad online (fechas a escoger).<span style=\"color: #7f7dd1;\"><strong><br \/>\n\u2022 Del 2 al 31 de marzo 2026.<br \/>\n\u2022 Del 1 al 30 de abril 2026.<br \/>\n\u2022 Del 4 al 31 de mayo 2026.<br \/>\n\u2022 Del 1 al 30 de junio 2026.<br \/>\n\u2022 Del 1 al 30 de julio 2026.<\/strong><\/span><\/p>\n<hr \/>\n<p>Su aplicaci\u00f3n es altamente eficaz, segura y econ\u00f3mica, adem\u00e1s de no ser una t\u00e9cnica invasiva y cuyos efectos tanto pueden ser paliativos como curativos&#8230; (<a href=\"#tab-description\">Ver m\u00e1s informaci\u00f3n<\/a>)<\/p>\n","protected":false},"featured_media":23971,"comment_status":"open","ping_status":"closed","template":"","meta":{"_joinchat":[]},"product_brand":[],"product_cat":[216,617,98,180,201,205,202,203,204],"product_tag":[315,333,334,635,234],"class_list":{"0":"post-17262","1":"product","2":"type-product","3":"status-publish","4":"has-post-thumbnail","6":"product_cat-fitoki","7":"product_cat-imagenes-profesores","8":"product_cat-cursos","9":"product_cat-online","10":"product_cat-online-marzo","11":"product_cat-online-abril","12":"product_cat-online-mayo","13":"product_cat-online-junio","14":"product_cat-online-julio","15":"product_tag-alimentacion-saludable","16":"product_tag-dietoterapia","17":"product_tag-mtc","18":"product_tag-trastornos-ginecologicos","19":"product_tag-vicenc-fuster","20":"pa_ediciones-edicion-diciembre","21":"pa_ediciones-edicion-enero","22":"pa_ediciones-edicion-febrero","23":"pa_ediciones-edicion-marzo","24":"pa_ediciones-edicion-abril","25":"pa_ediciones-edicion-mayo","26":"pa_ediciones-edicion-junio","27":"pa_ediciones-edicion-julio","28":"pa_ediciones-edicion-agosto","29":"pa_ediciones-edicion-septiembre","30":"pa_ediciones-edicion-octubre","31":"pa_ediciones-edicion-noviembre","33":"first","34":"instock","35":"purchasable","36":"product-type-variable"},"_links":{"self":[{"href":"https:\/\/tienda.ismet.es\/index.php\/wp-json\/wp\/v2\/product\/17262","targetHints":{"allow":["GET"]}}],"collection":[{"href":"https:\/\/tienda.ismet.es\/index.php\/wp-json\/wp\/v2\/product"}],"about":[{"href":"https:\/\/tienda.ismet.es\/index.php\/wp-json\/wp\/v2\/types\/product"}],"replies":[{"embeddable":true,"href":"https:\/\/tienda.ismet.es\/index.php\/wp-json\/wp\/v2\/comments?post=17262"}],"wp:featuredmedia":[{"embeddable":true,"href":"https:\/\/tienda.ismet.es\/index.php\/wp-json\/wp\/v2\/media\/23971"}],"wp:attachment":[{"href":"https:\/\/tienda.ismet.es\/index.php\/wp-json\/wp\/v2\/media?parent=17262"}],"wp:term":[{"taxonomy":"product_brand","embeddable":true,"href":"https:\/\/tienda.ismet.es\/index.php\/wp-json\/wp\/v2\/product_brand?post=17262"},{"taxonomy":"product_cat","embeddable":true,"href":"https:\/\/tienda.ismet.es\/index.php\/wp-json\/wp\/v2\/product_cat?post=17262"},{"taxonomy":"product_tag","embeddable":true,"href":"https:\/\/tienda.ismet.es\/index.php\/wp-json\/wp\/v2\/product_tag?post=17262"}],"curies":[{"name":"wp","href":"https:\/\/api.w.org\/{rel}","templated":true}]}}