{"id":17127,"date":"2023-02-09T12:16:49","date_gmt":"2023-02-09T11:16:49","guid":{"rendered":"https:\/\/tienda.ismet.es\/?post_type=product&#038;p=17127"},"modified":"2026-03-11T11:35:34","modified_gmt":"2026-03-11T10:35:34","slug":"lumbalgias-exploracion-y-tratamiento-manual-impartido-por-el-dr-sagrera","status":"publish","type":"product","link":"https:\/\/tienda.ismet.es\/index.php\/producto\/lumbalgias-exploracion-y-tratamiento-manual-impartido-por-el-dr-sagrera\/","title":{"rendered":"&#8211; Lumbalgias exploraci\u00f3n y tratamiento manual, impartido por el Dr. Sagrera"},"content":{"rendered":"[vc_row][vc_column][vc_video link=&#8221;https:\/\/youtu.be\/-DWHsUbL9Rw&#8221;][vc_column_text]\n<hr \/>\n<div class=\"woocommerce-product-details__short-description\">\n<h4>Programa del Curso<\/h4>\n<ol>\n<li>Definici\u00f3n de lumbalgia, lumbociatalgia, lumbalgia aguda y cr\u00f3nica.<br \/>\n\u2013 Recuerdo anat\u00f3mico de la regi\u00f3n lumbar.<br \/>\n\u2013 Por Qu\u00e9 duele la espalda.<br \/>\n\u2013 Patolog\u00edas m\u00e1s frecuentes, seas, musculares, articulares y viscerales.<br \/>\n\u2013 Origen del dolor lumbar: Dorsal, lumbar o p\u00e9lvico.<\/li>\n<li>Protocolo de trabajo:<br \/>\n\u2013 Preguntas necesarias antes de trabajar.: tipo de dolor, irradiaci\u00f3n, desde cuando, etc.<br \/>\n\u2013 simetr\u00eda: postura anti\u00e1lgica o no.<br \/>\n\u2013 Movilidad: limitada parcial o totalmente, hacia que lado, etc.<br \/>\n\u2013 Balance muscular: psoas, cuadrado lumbar, isquios, etc.<br \/>\n\u2013 Tests osteop\u00e1ticos en agudos y cr\u00f3nicos<br \/>\n\u2013 Balance muscular, articular y neurol\u00f3gico.<\/li>\n<li>Tratamiento:<br \/>\n\u2013 T\u00e9cnicas anti\u00e1lgicas: rasgado, Jones, miotensivas.<br \/>\n\u2013 Maniobras generales y espec\u00edficas de masaje.<br \/>\n\u2013 Estiramientos, trabajo p\u00e9lvico con t\u00e9cnica volante y Mitchell.<br \/>\n\u2013 Movilizaciones lumbares y p\u00e9lvicas.<br \/>\n\u2013 Pseudoci\u00e1tica: exploraci\u00f3n y tratamiento m. piriforme.<\/li>\n<\/ol>\n<hr \/>\n<p><!--\n\n\n<h4>Impartido por: Jordi Sagrera Ferr\u00e1ndiz.<\/h4>\n\n\nLic. Medicina y cirug\u00eda UB 1973. Acreditado como m\u00e9dico naturista en el colegio de m\u00e9dicos de Barcelona (2005). Magister en Medicina Manual y Osteopat\u00eda en la Univ. Complutense de Madrid. Especializado en Terapias Manuales: Masaje y Osteopat\u00eda. Profesor externo en la Univ. Barcelona, Complutense de Madrid y La Cat\u00f3lica de Montevideo. Miembro de Semooym (sociedad espa\u00f1ola de Medicina Ortop\u00e9dica y manual). Asesor m\u00e9dico de RBA editores y autor de diversos libros. Profesor en cursos de pre y postgrado en distintas Universidades. Asesor m\u00e9dico ISMET en la elaboraci\u00f3n e impartici\u00f3n en distintos cursos.--><\/p>\n[\/vc_column_text][\/vc_column][\/vc_row]\n<\/div>\n","protected":false},"excerpt":{"rendered":"<p>Modalidad online.<span style=\"color: #7f7dd1;\" data-darkreader-inline-color=\"\"><strong><br \/>\n\u2022 Del 2 al 31 de marzo 2026.<br \/>\n\u2022 Del 1 al 30 de abril 2026.<br \/>\n\u2022 Del 4 al 31 de mayo 2026.<br \/>\n\u2022 Del 1 al 30 de junio 2026.<br \/>\n\u2022 Del 1 al 30 de julio 2026.<br \/>\n<\/strong><\/span><\/p>\n<hr \/>\n<p>Definici\u00f3n de lumbalgia, lumbociatalgia, lumbalgia aguda y cr\u00f3nica. Protocolo de trabajo&#8230;(<a href=\"#tab-description\">Ver m\u00e1s informaci\u00f3n<\/a>)<\/p>\n","protected":false},"featured_media":15774,"comment_status":"open","ping_status":"closed","template":"","meta":{"_joinchat":[]},"product_brand":[],"product_cat":[223,617,89,98,180,201,205,202,203,204],"product_tag":[606,236,518,605,607,469],"class_list":{"0":"post-17127","1":"product","2":"type-product","3":"status-publish","4":"has-post-thumbnail","6":"product_cat-black-friday","7":"product_cat-imagenes-profesores","8":"product_cat-terapias-manuales","9":"product_cat-cursos","10":"product_cat-online","11":"product_cat-online-marzo","12":"product_cat-online-abril","13":"product_cat-online-mayo","14":"product_cat-online-junio","15":"product_cat-online-julio","16":"product_tag-cronica","17":"product_tag-dr-sagrera","18":"product_tag-lumbalgia","19":"product_tag-lumbalgia-aguda","20":"product_tag-pseudociatica","21":"product_tag-tratamiento-manual","22":"pa_ediciones-edicion-diciembre","23":"pa_ediciones-edicion-enero","24":"pa_ediciones-edicion-febrero","25":"pa_ediciones-edicion-marzo","26":"pa_ediciones-edicion-abril","27":"pa_ediciones-edicion-mayo","28":"pa_ediciones-edicion-junio","29":"pa_ediciones-edicion-julio","31":"first","32":"instock","33":"purchasable","34":"product-type-variable"},"_links":{"self":[{"href":"https:\/\/tienda.ismet.es\/index.php\/wp-json\/wp\/v2\/product\/17127","targetHints":{"allow":["GET"]}}],"collection":[{"href":"https:\/\/tienda.ismet.es\/index.php\/wp-json\/wp\/v2\/product"}],"about":[{"href":"https:\/\/tienda.ismet.es\/index.php\/wp-json\/wp\/v2\/types\/product"}],"replies":[{"embeddable":true,"href":"https:\/\/tienda.ismet.es\/index.php\/wp-json\/wp\/v2\/comments?post=17127"}],"wp:featuredmedia":[{"embeddable":true,"href":"https:\/\/tienda.ismet.es\/index.php\/wp-json\/wp\/v2\/media\/15774"}],"wp:attachment":[{"href":"https:\/\/tienda.ismet.es\/index.php\/wp-json\/wp\/v2\/media?parent=17127"}],"wp:term":[{"taxonomy":"product_brand","embeddable":true,"href":"https:\/\/tienda.ismet.es\/index.php\/wp-json\/wp\/v2\/product_brand?post=17127"},{"taxonomy":"product_cat","embeddable":true,"href":"https:\/\/tienda.ismet.es\/index.php\/wp-json\/wp\/v2\/product_cat?post=17127"},{"taxonomy":"product_tag","embeddable":true,"href":"https:\/\/tienda.ismet.es\/index.php\/wp-json\/wp\/v2\/product_tag?post=17127"}],"curies":[{"name":"wp","href":"https:\/\/api.w.org\/{rel}","templated":true}]}}