{"id":1695,"date":"2018-09-04T13:40:43","date_gmt":"2018-09-04T12:40:43","guid":{"rendered":"https:\/\/tienda.ismet.es\/index.php\/producto\/aromaterapia-nivel-iii\/"},"modified":"2026-03-12T12:16:57","modified_gmt":"2026-03-12T11:16:57","slug":"aromaterapia-nivel-iii","status":"publish","type":"product","link":"https:\/\/tienda.ismet.es\/index.php\/producto\/aromaterapia-nivel-iii\/","title":{"rendered":"&#8211; Aromaterapia hol\u00edstica, terap\u00e9utica, est\u00e9tica, energ\u00e9tica y emocional. Nivel III"},"content":{"rendered":"[vc_row][vc_column][vc_video link=&#8221;https:\/\/youtu.be\/w-gv5EgGJwY?si=pHT9gs4N4LNGGF_l&#8221;][vc_column_text]\n<hr \/>\n<div class=\"woocommerce-product-details__short-description\">\n<ul>\n<li>La aromaterapia act\u00faa sobre nuestro sentido del olfato y mediante la absorci\u00f3n al torrente sangu\u00edneo. Aproximadamente el 15% del aire que inhalamos se dirige al techo de la nariz, donde los receptores olfatorios transportan los olores directamente al sistema l\u00edmbico de nuestro cerebro.<br \/>\nEste programa formativo est\u00e1 basado en los conocimientos de la escuela francesa y la escuela anglosajona, de Aromaterapia. Son objetivos de este curso adquirir los conocimientos de los AES a nivel terap\u00e9utico, est\u00e9tico, energ\u00e9tico y emocional. Es un curso enfocado en la Aromaterapia Hol\u00edstica, y por tanto, cada uno de vosotros lo podr\u00e1 llevar al campo en el que trabaje. Tambi\u00e9n nos introduciremos en el conocimiento de las plantas arom\u00e1ticas, sus nomenclaturas, las familias bot\u00e1nicas a las que pertenecen, y su estructura molecular.<\/li>\n<li>Qu\u00e9 aprenderemos en este curso.<br \/>\nAl finalizar los dos niveles, sabremos emplear los aceites esenciales con seguridad, conoceremos los aceites vegetales y macerados. Podremos utilizar la aromaterapia y su aplicaci\u00f3n en situaciones cotidianas. En cada curso profundizaremos y conoceremos bien las propiedades de 40 aceites esenciales, y 13 aceites vegetales.<\/li>\n<\/ul>\n<\/div>\n<hr \/>\n<h4>Programa del Curso<\/h4>\n<ul>\n<li><b>Nivel 3<\/b><\/li>\n<li>Ae \u00e1rbol de t\u00e9, lavanda, naranja, romero, absoluto e jazm\u00edn, azahar, rosa, geranio, s\u00e1ndalo, ylang ylang.<\/li>\n<\/ul>\n<hr \/>\n<p><!--\n\n\n<h4>Impartido por: Yolanda Rico<\/h4>\n\n\nAromat\u00f3loga. Especializada en aromaterapia y cosm\u00e9tica natural.-->[\/vc_column_text][\/vc_column][\/vc_row]\n","protected":false},"excerpt":{"rendered":"<p><strong>Modalidad presencial. (fechas a escoger)<\/strong><span style=\"color: #7f7dd1;\" data-darkreader-inline-color=\"\"><strong><br \/>\n. S\u00e1bado 9 y Domingo 10 de mayo 2026, de 10 a 14:30 h.<br \/>\n. Martes 7-14-21 julio 2026, de 10 a 13 h.<br \/>\n<\/strong><\/span><\/p>\n<hr \/>\n<p><strong>Modalidad online (fechas a escoger)<\/strong><\/p>\n<p>\u2022 Del 2 al 31 de marzo 2026.<br \/>\n\u2022 Del 1 al 30 de abril 2026.<br \/>\n\u2022 Del 4 al 31 de mayo 2026.<br \/>\n\u2022 Del 1 al 30 de junio 2026.<br \/>\n\u2022 Del 1 al 30 de julio 2026.<\/p>\n<hr \/>\n<p>Tienen como objetivo mejorar el equilibrio de la mente, el cuerpo y el esp\u00edritu&#8230; (<a href=\"#tab-description\">Ver m\u00e1s informaci\u00f3n<\/a>)<\/p>\n<hr \/>\n","protected":false},"featured_media":12122,"comment_status":"open","ping_status":"closed","template":"","meta":{"_joinchat":[]},"product_brand":[],"product_cat":[617,182,98,180,201,205,202,203,204,179,198,200],"product_tag":[340,458,459,338,461],"class_list":{"0":"post-1695","1":"product","2":"type-product","3":"status-publish","4":"has-post-thumbnail","6":"product_cat-imagenes-profesores","7":"product_cat-wellness-y-estetica","8":"product_cat-cursos","9":"product_cat-online","10":"product_cat-online-marzo","11":"product_cat-online-abril","12":"product_cat-online-mayo","13":"product_cat-online-junio","14":"product_cat-online-julio","15":"product_cat-cursos-presenciales","16":"product_cat-presencial-mayo","17":"product_cat-presencial-julio","18":"product_tag-aroma","19":"product_tag-aromaterapia","20":"product_tag-aromaterapia-holistica","21":"product_tag-estetica-natural","22":"product_tag-nivel-3","23":"pa_ediciones-edicion-diciembre","24":"pa_ediciones-edicion-enero","25":"pa_ediciones-edicion-febrero","26":"pa_ediciones-edicion-marzo","27":"pa_ediciones-edicion-abril","28":"pa_ediciones-edicion-mayo","29":"pa_ediciones-edicion-junio","30":"pa_ediciones-edicion-julio","31":"pa_ediciones-edicion-agosto","32":"pa_ediciones-edicion-septiembre","33":"pa_ediciones-edicion-octubre","34":"pa_ediciones-edicion-noviembre","35":"pa_modalidad-online","36":"pa_modalidad-presencial","38":"first","39":"instock","40":"purchasable","41":"product-type-variable","42":"has-default-attributes"},"_links":{"self":[{"href":"https:\/\/tienda.ismet.es\/index.php\/wp-json\/wp\/v2\/product\/1695","targetHints":{"allow":["GET"]}}],"collection":[{"href":"https:\/\/tienda.ismet.es\/index.php\/wp-json\/wp\/v2\/product"}],"about":[{"href":"https:\/\/tienda.ismet.es\/index.php\/wp-json\/wp\/v2\/types\/product"}],"replies":[{"embeddable":true,"href":"https:\/\/tienda.ismet.es\/index.php\/wp-json\/wp\/v2\/comments?post=1695"}],"wp:featuredmedia":[{"embeddable":true,"href":"https:\/\/tienda.ismet.es\/index.php\/wp-json\/wp\/v2\/media\/12122"}],"wp:attachment":[{"href":"https:\/\/tienda.ismet.es\/index.php\/wp-json\/wp\/v2\/media?parent=1695"}],"wp:term":[{"taxonomy":"product_brand","embeddable":true,"href":"https:\/\/tienda.ismet.es\/index.php\/wp-json\/wp\/v2\/product_brand?post=1695"},{"taxonomy":"product_cat","embeddable":true,"href":"https:\/\/tienda.ismet.es\/index.php\/wp-json\/wp\/v2\/product_cat?post=1695"},{"taxonomy":"product_tag","embeddable":true,"href":"https:\/\/tienda.ismet.es\/index.php\/wp-json\/wp\/v2\/product_tag?post=1695"}],"curies":[{"name":"wp","href":"https:\/\/api.w.org\/{rel}","templated":true}]}}