{"id":1692,"date":"2018-09-04T13:40:43","date_gmt":"2018-09-04T12:40:43","guid":{"rendered":"https:\/\/tienda.ismet.es\/index.php\/producto\/ortomolecular-en-tdha-y-aprendizaje-infantil\/"},"modified":"2026-03-11T12:57:31","modified_gmt":"2026-03-11T11:57:31","slug":"ortomolecular-en-tdha-y-aprendizaje-infantil","status":"publish","type":"product","link":"https:\/\/tienda.ismet.es\/index.php\/producto\/ortomolecular-en-tdha-y-aprendizaje-infantil\/","title":{"rendered":"&#8211; TDAH y aprendizaje infantil con nutrici\u00f3n y t\u00e9cnicas afines"},"content":{"rendered":"[vc_row][vc_column][vc_video link=&#8221;https:\/\/youtu.be\/w47BrQZY8dw&#8221;][vc_column_text]\n<div class=\"woocommerce-product-details__short-description\">\n<hr \/>\n<p>La alimentaci\u00f3n de nuestra poblaci\u00f3n infantil\u2026 \u00bfEs la m\u00e1s conveniente?\u2026 \u00bfQu\u00e9 peligros le acechan?, \u00bfEs necesario suplementar la nutrici\u00f3n de nuestros hijos?. Nos interesamos en este taller por la mejor nutrici\u00f3n y suplementaci\u00f3n ortomolecular para un mayor rendimiento en escuelas e institutos, para la mejora de su atenci\u00f3n y memoria y c\u00f3mo no, para tratar el TDAH (Trastornos de D\u00e9ficit de Atenci\u00f3n con o sin Hiperactividad).<\/p>\n<p>En su desarrollo, a\u00f1adiremos al obligatorio conocimiento de los preparados nutricionales m\u00e1s efectivos y contrastados otros de tipo fitoterap\u00e9utico, homeop\u00e1tico, oligoterapia, etc. que puedan ser de utilidad.<\/p>\n<hr \/>\n<h4>Objetivos<\/h4>\n<p><span style=\"font-size: 1rem;\">Daremos a nuestro taller un marcado car\u00e1cter interactivo que invite a la participaci\u00f3n, con abordaje de casos pr\u00e1cticos, pudi\u00e9ndose plantear, dentro de lo razonable, otras terap\u00e9uticas relacionadas a petici\u00f3n del alumnado.<\/span><\/p>\n<\/div>\n<hr \/>\n<h4>Programa del Curso<\/h4>\n<ol>\n<li>Alteraciones del Rendimiento Escolar y de la Memoria<\/li>\n<li>Trastornos de d\u00e9ficit de atenci\u00f3n con o sin Hiperactividad (tdah):<br \/>\nDescripci\u00f3n, s\u00edndromes, mitos y tratamientos.<\/li>\n<li>Bibliograf\u00eda y accesos telem\u00e1ticos recomendados.<\/li>\n<\/ol>\n<hr \/>\n<p><!--\n\n\n<h4>Impartido por: Enric Ser<\/h4>\n\n\nDiplomado en Terapias Naturales (Universidad Aut\u00f3noma de Barcelona y por el Real centro Universitario Reina M\u00aa Cristina de Madrid). Dr. in Naturopathy por la American University of Natural Medic (Florida\/EUA). T\u00e9cnica Higienista por Nature et Vie (Lorient-France). Profesor titular del \u00e1rea de Terapia Ortomolecular en ISMET. Profesor colaborador en diversos cursos Posgrado de la Escuela Universitaria de Ciencias de la Salud de Vic (Barcelona) y de la Escuela de Enfermer\u00eda Gimbernat (Sant Cugat-Barcelona). Autor de diversos libros ya publicados de Terapia Biol\u00f3gica e Historia de la Medicina y ex-colaborador de distintas publicaciones del sector (Cuerpomente, Vital, Vivir con salud, Diet\u00e9tica y salud). Premio Nacional de Investigaci\u00f3n Educativa del Ministerio de Educaci\u00f3n y Ciencia.-->[\/vc_column_text][\/vc_column][\/vc_row]\n","protected":false},"excerpt":{"rendered":"<p>Modalidad online.<span style=\"color: #7f7dd1;\" data-darkreader-inline-color=\"\"><strong><br \/>\n\u2022 Del 2 al 31 de marzo 2026.<br \/>\n\u2022 Del 1 al 30 de abril 2026.<br \/>\n\u2022 Del 4 al 31 de mayo 2026.<br \/>\n\u2022 Del 1 al 30 de junio 2026.<br \/>\n\u2022 Del 1 al 30 de julio 2026.<br \/>\n<\/strong><\/span><\/p>\n<hr \/>\n<p>\u00bfEs necesario suplementar la nutrici\u00f3n de nuestros hijos?<br \/>\nNos interesamos en este taller por la mejor nutrici\u00f3n y suplementaci\u00f3n ortomolecular para un mayor rendimiento en escuelas e institutos, para la mejora de su atenci\u00f3n y memoria y para tratar el TDAH. (<a href=\"#tab-description\">Ver m\u00e1s informaci\u00f3n<\/a>)<\/p>\n<hr \/>\n","protected":false},"featured_media":7635,"comment_status":"open","ping_status":"closed","template":"","meta":{"_joinchat":[]},"product_brand":[],"product_cat":[223,617,82,184,98,180,201,205,202,203,204],"product_tag":[729,219,728,727],"class_list":{"0":"post-1692","1":"product","2":"type-product","3":"status-publish","4":"has-post-thumbnail","6":"product_cat-black-friday","7":"product_cat-imagenes-profesores","8":"product_cat-naturopatia","9":"product_cat-alimentacion-saludable","10":"product_cat-cursos","11":"product_cat-online","12":"product_cat-online-marzo","13":"product_cat-online-abril","14":"product_cat-online-mayo","15":"product_cat-online-junio","16":"product_cat-online-julio","17":"product_tag-aprendizaje-infantil","18":"product_tag-enric-ser","19":"product_tag-nutricion-infantil","20":"product_tag-tdah","21":"pa_ediciones-edicion-diciembre","22":"pa_ediciones-edicion-enero","23":"pa_ediciones-edicion-febrero","24":"pa_ediciones-edicion-marzo","25":"pa_ediciones-edicion-abril","26":"pa_ediciones-edicion-mayo","27":"pa_ediciones-edicion-junio","28":"pa_ediciones-edicion-julio","30":"first","31":"instock","32":"purchasable","33":"product-type-variable"},"_links":{"self":[{"href":"https:\/\/tienda.ismet.es\/index.php\/wp-json\/wp\/v2\/product\/1692","targetHints":{"allow":["GET"]}}],"collection":[{"href":"https:\/\/tienda.ismet.es\/index.php\/wp-json\/wp\/v2\/product"}],"about":[{"href":"https:\/\/tienda.ismet.es\/index.php\/wp-json\/wp\/v2\/types\/product"}],"replies":[{"embeddable":true,"href":"https:\/\/tienda.ismet.es\/index.php\/wp-json\/wp\/v2\/comments?post=1692"}],"wp:featuredmedia":[{"embeddable":true,"href":"https:\/\/tienda.ismet.es\/index.php\/wp-json\/wp\/v2\/media\/7635"}],"wp:attachment":[{"href":"https:\/\/tienda.ismet.es\/index.php\/wp-json\/wp\/v2\/media?parent=1692"}],"wp:term":[{"taxonomy":"product_brand","embeddable":true,"href":"https:\/\/tienda.ismet.es\/index.php\/wp-json\/wp\/v2\/product_brand?post=1692"},{"taxonomy":"product_cat","embeddable":true,"href":"https:\/\/tienda.ismet.es\/index.php\/wp-json\/wp\/v2\/product_cat?post=1692"},{"taxonomy":"product_tag","embeddable":true,"href":"https:\/\/tienda.ismet.es\/index.php\/wp-json\/wp\/v2\/product_tag?post=1692"}],"curies":[{"name":"wp","href":"https:\/\/api.w.org\/{rel}","templated":true}]}}