{"id":1689,"date":"2018-09-04T13:40:42","date_gmt":"2018-09-04T12:40:42","guid":{"rendered":"https:\/\/tienda.ismet.es\/index.php\/producto\/cocina-postres-saludables\/"},"modified":"2026-03-11T12:57:59","modified_gmt":"2026-03-11T11:57:59","slug":"cocina-postres-saludables","status":"publish","type":"product","link":"https:\/\/tienda.ismet.es\/index.php\/producto\/cocina-postres-saludables\/","title":{"rendered":"&#8211; Cocina terap\u00e9utica, postres veganos saludables"},"content":{"rendered":"[vc_row][vc_column][vc_video link=&#8221;https:\/\/www.youtube.com\/watch?v=B3Vj33JcPqo&#8221;][vc_column_text]\n<hr \/>\n<p>El consumo de postres despu\u00e9s de las comidas o en celebraciones es algo muy com\u00fan en nuestra sociedad, pero cuando empezamos a alimentarnos de forma m\u00e1s saludable, nos planteamos: \u00bfdeber\u00edamos dejar de consumir dulces? Si no tenemos ninguna enfermedad que lo desaconseje, podemos consumirlos, pero preparando versiones caseras con ingredientes saludables. Y ah\u00ed es donde empieza el reto, porque la base de la pasteler\u00eda son los huevos, la mantequilla, el az\u00facar blanco, etc. y cuando sustituimos a la vez varios de estos ingredientes para conseguir una versi\u00f3n vegana, la textura de nuestro postre se puede ver afectada.<\/p>\n<p>El objetivo de este taller es compartir alternativas para sustituir aquellos ingredientes que no queremos consumir, pero consiguiendo texturas y sabores parecidos a los postres tradicionales, a la vez que conocemos conceptos como el \u00edndice gluc\u00e9mico y consejos para reducir sus efectos en nuestro organismo; para que podamos disfrutar de los postres, pero sin culpa y manteniendo una alimentaci\u00f3n saludable.<\/p>\n<hr \/>\n<h4>Programa del Curso<\/h4>\n<ol>\n<li>Introducci\u00f3n al taller.<\/li>\n<li>Por qu\u00e9 debemos evitar el consumo de az\u00facar y harinas refinadas.<\/li>\n<li>Qu\u00e9 es el \u00edndice gluc\u00e9mico y c\u00f3mo nos afecta.<\/li>\n<li>C\u00f3mo hacer m\u00e1s saludables nuestros postres.<\/li>\n<li>C\u00f3mo sustituir el huevo en una receta.<\/li>\n<li>Ingredientes en reposter\u00eda vegana y su funci\u00f3n.<\/li>\n<li>Parte pr\u00e1ctica con la elaboraci\u00f3n de recetas.<\/li>\n<\/ol>\n<hr \/>\n<p><!--\n\n\n<h4>Impartido por: Aurora Rom\u00e1n<\/h4>\n\n\nNatur\u00f3pata. Especializada en Alimentaci\u00f3n. Vegetariana y Coaching Nutricional.--><\/p>\n[\/vc_column_text][\/vc_column][\/vc_row]\n","protected":false},"excerpt":{"rendered":"<p>Modalidad online.<span style=\"color: #7f7dd1;\"><strong><br \/>\n\u2022 Del 2 al 31 de marzo 2026.<br \/>\n\u2022 Del 1 al 30 de abril 2026.<br \/>\n\u2022 Del 4 al 31 de mayo 2026.<br \/>\n\u2022 Del 1 al 30 de junio 2026.<br \/>\n\u2022 Del 1 al 30 de julio 2026.<br \/>\n<\/strong><\/span><\/p>\n<hr \/>\n<p><strong>Atenci\u00f3n:<\/strong> Las plazas son limitadas, es necesario reservar con antelaci\u00f3n y abonar importe del taller, en efectivo o tarjeta. El importe no se devolver\u00e1 en caso de anulaci\u00f3n por parte del alumno.<\/p>\n<hr \/>\n<p>Obtendr\u00e1s las bases te\u00f3ricas de una alimentaci\u00f3n saludable y podr\u00e1s poner en pr\u00e1ctica lo aprendido elaborando recetas sencillas y r\u00e1pidas (<a href=\"#tab-description\">Ver m\u00e1s informaci\u00f3n<\/a>)<\/p>\n","protected":false},"featured_media":24288,"comment_status":"open","ping_status":"closed","template":"","meta":{"_joinchat":[]},"product_brand":[],"product_cat":[818,223,617,184,98,201,205,202,203,204,179],"product_tag":[505,537,555,556],"class_list":{"0":"post-1689","1":"product","2":"type-product","3":"status-publish","4":"has-post-thumbnail","6":"product_cat-ideas-de-regalo","7":"product_cat-black-friday","8":"product_cat-imagenes-profesores","9":"product_cat-alimentacion-saludable","10":"product_cat-cursos","11":"product_cat-online-marzo","12":"product_cat-online-abril","13":"product_cat-online-mayo","14":"product_cat-online-junio","15":"product_cat-online-julio","16":"product_cat-cursos-presenciales","17":"product_tag-aurora-roman","18":"product_tag-cocina-terapeutica","19":"product_tag-postres-saludables","20":"product_tag-taller-de-cocina","21":"pa_ediciones-edicion-diciembre","22":"pa_ediciones-edicion-enero","23":"pa_ediciones-edicion-febrero","24":"pa_ediciones-edicion-marzo","25":"pa_ediciones-edicion-abril","26":"pa_ediciones-edicion-mayo","27":"pa_ediciones-edicion-junio","28":"pa_ediciones-edicion-julio","29":"pa_ediciones-edicion-septiembre","30":"pa_ediciones-edicion-octubre","31":"pa_ediciones-edicion-noviembre","33":"first","34":"instock","35":"purchasable","36":"product-type-variable"},"_links":{"self":[{"href":"https:\/\/tienda.ismet.es\/index.php\/wp-json\/wp\/v2\/product\/1689","targetHints":{"allow":["GET"]}}],"collection":[{"href":"https:\/\/tienda.ismet.es\/index.php\/wp-json\/wp\/v2\/product"}],"about":[{"href":"https:\/\/tienda.ismet.es\/index.php\/wp-json\/wp\/v2\/types\/product"}],"replies":[{"embeddable":true,"href":"https:\/\/tienda.ismet.es\/index.php\/wp-json\/wp\/v2\/comments?post=1689"}],"wp:featuredmedia":[{"embeddable":true,"href":"https:\/\/tienda.ismet.es\/index.php\/wp-json\/wp\/v2\/media\/24288"}],"wp:attachment":[{"href":"https:\/\/tienda.ismet.es\/index.php\/wp-json\/wp\/v2\/media?parent=1689"}],"wp:term":[{"taxonomy":"product_brand","embeddable":true,"href":"https:\/\/tienda.ismet.es\/index.php\/wp-json\/wp\/v2\/product_brand?post=1689"},{"taxonomy":"product_cat","embeddable":true,"href":"https:\/\/tienda.ismet.es\/index.php\/wp-json\/wp\/v2\/product_cat?post=1689"},{"taxonomy":"product_tag","embeddable":true,"href":"https:\/\/tienda.ismet.es\/index.php\/wp-json\/wp\/v2\/product_tag?post=1689"}],"curies":[{"name":"wp","href":"https:\/\/api.w.org\/{rel}","templated":true}]}}