{"id":1658,"date":"2018-09-04T13:40:36","date_gmt":"2018-09-04T12:40:36","guid":{"rendered":"https:\/\/tienda.ismet.es\/index.php\/producto\/aromaterapia-nivel-i\/"},"modified":"2026-03-12T12:12:07","modified_gmt":"2026-03-12T11:12:07","slug":"aromaterapia-nivel-i","status":"publish","type":"product","link":"https:\/\/tienda.ismet.es\/index.php\/producto\/aromaterapia-nivel-i\/","title":{"rendered":"&#8211; Aromaterapia hol\u00edstica, terap\u00e9utica, est\u00e9tica, energ\u00e9tica y emocional, Nivel I"},"content":{"rendered":"[vc_row][vc_column][vc_video link=&#8221;https:\/\/youtu.be\/w-gv5EgGJwY?si=pHT9gs4N4LNGGF_l&#8221;][vc_column_text]\n<hr \/>\n<div class=\"woocommerce-product-details__short-description\">\n<p>La aromaterapia act\u00faa sobre nuestro sentido del olfato y mediante la absorci\u00f3n al torrente sangu\u00edneo. Aproximadamente el 15% del aire que inhalamos se dirige al techo de la nariz, donde los receptores olfatorios transportan los olores directamente al sistema l\u00edmbico de nuestro cerebro.<br \/>\nEste programa formativo est\u00e1 basado en los conocimientos de la escuela francesa y la escuela anglosajona, de Aromaterapia. Son objetivos de este curso adquirir los conocimientos de los AES a nivel terap\u00e9utico, est\u00e9tico, energ\u00e9tico y emocional. Es un curso enfocado en la Aromaterapia Hol\u00edstica, y por tanto, cada uno de vosotros lo podr\u00e1 llevar al campo en el que trabaje. Tambi\u00e9n nos introduciremos en el conocimiento de las plantas arom\u00e1ticas, sus nomenclaturas, las familias bot\u00e1nicas a las que pertenecen, y su estructura molecular.<\/p>\n<\/div>\n<hr \/>\n<h4>Programa del Curso<\/h4>\n<ul>\n<li><b>Nivel 1<\/b><\/li>\n<li>Qu\u00e9 es la aromaterapia. Diferencias entre aromaterapia y fitoterapia. Principios a tener en cuenta antes del tratamiento. La relaci\u00f3n entre estados psicol\u00f3gicos y emocionales con secreciones hormonales.<\/li>\n<li>Historia de las plantas arom\u00e1ticas. De la edad media hasta la actualidad.<\/li>\n<li>El sentido del olfato. El \u00e1rea l\u00edmbica. La piel y el sentido del olfato. La piel y la energ\u00eda de superficie. Relaci\u00f3n sistema endocrino\/nervioso con energ\u00eda Yin Yang\/chacra.<\/li>\n<li>Propiedades f\u00edsicas de los AE. M\u00e9todos de extracci\u00f3n.<\/li>\n<li>Quimio tipos. Estructuras qu\u00edmicas de las principales mol\u00e9culas arom\u00e1ticas. Principios activos.<\/li>\n<li>Toxicidad y contraindicaciones. Documentaci\u00f3n de 15 aceites esenciales, y 6 aceites vegetales.<\/li>\n<li><b>Nivel 2<\/b><\/li>\n<li>Mezclas y sinergias. Notas arom\u00e1ticas. Los aceites esenciales y el PH. Bioenerg\u00e9tica y aromaterapia. Concepto Ying-Yang de la medicina china. Contraindicaciones en el masaje.<\/li>\n<li>Relaci\u00f3n entre la afectaci\u00f3n org\u00e1nica y su expresi\u00f3n psicosom\u00e1tica.<\/li>\n<li>Documentaci\u00f3n de 15 aceite esenciales y 6 aceites vegetales y macerados.<\/li>\n<li><b>Nivel 3<\/b><\/li>\n<li>Ae \u00e1rbol de t\u00e9, lavanda, naranja, romero, absoluto e jazm\u00edn, azahar, rosa, geranio, s\u00e1ndalo, ylang ylang.<\/li>\n<\/ul>\n<hr \/>\n<p><!--\n\n\n<h4>Impartido por: Yolanda Rico<\/h4>\n\n\nAromat\u00f3loga. Especializada en aromaterapia y cosm\u00e9tica natural.-->[\/vc_column_text][\/vc_column][\/vc_row]\n","protected":false},"excerpt":{"rendered":"<p><strong>Modalidad presencial. (fechas a escoger)<\/strong><span style=\"color: #7f7dd1;\" data-darkreader-inline-color=\"\"><strong><br \/>\nMartes 5-12-19 mayo 2026, de 10 a 13h.<br \/>\n<\/strong><\/span><\/p>\n<hr \/>\n<p><strong>Modalidad online. (fechas a escoger)<\/strong><span style=\"color: #7f7dd1;\" data-darkreader-inline-color=\"\"><strong><br \/>\n\u2022 Del 2 al 31 de marzo 2026.<br \/>\n\u2022 Del 1 al 30 de abril 2026.<br \/>\n\u2022 Del 4 al 31 de mayo 2026.<br \/>\n\u2022 Del 1 al 30 de junio 2026.<br \/>\n\u2022 Del 1 al 30 de julio 2026.<br \/>\n<\/strong><\/span><\/p>\n<hr \/>\n<p>En cada curso profundizaremos y conoceremos bien las propiedades de 40 aceites esenciales, y 13 aceites vegetales. Conocer las plantas arom\u00e1ticas, sus propiedades, aplicaciones&#8230; (<a href=\"#tab-description\">Ver m\u00e1s informaci\u00f3n<\/a>)<\/p>\n","protected":false},"featured_media":8596,"comment_status":"open","ping_status":"closed","template":"","meta":{"_joinchat":[]},"product_brand":[],"product_cat":[818,617,182,98,180,205,202,203,204,179,196,198],"product_tag":[340,458,459,336,338,460,335],"class_list":{"0":"post-1658","1":"product","2":"type-product","3":"status-publish","4":"has-post-thumbnail","6":"product_cat-ideas-de-regalo","7":"product_cat-imagenes-profesores","8":"product_cat-wellness-y-estetica","9":"product_cat-cursos","10":"product_cat-online","11":"product_cat-online-abril","12":"product_cat-online-mayo","13":"product_cat-online-junio","14":"product_cat-online-julio","15":"product_cat-cursos-presenciales","16":"product_cat-presencial-marzo","17":"product_cat-presencial-mayo","18":"product_tag-aroma","19":"product_tag-aromaterapia","20":"product_tag-aromaterapia-holistica","21":"product_tag-cosmetica-natural","22":"product_tag-estetica-natural","23":"product_tag-nivel-1","24":"product_tag-yolanda-rico","25":"pa_ediciones-edicion-diciembre","26":"pa_ediciones-edicion-enero","27":"pa_ediciones-edicion-febrero","28":"pa_ediciones-edicion-marzo","29":"pa_ediciones-edicion-abril","30":"pa_ediciones-edicion-mayo","31":"pa_ediciones-edicion-junio","32":"pa_ediciones-edicion-julio","33":"pa_ediciones-edicion-agosto","34":"pa_ediciones-edicion-septiembre","35":"pa_ediciones-edicion-octubre","36":"pa_ediciones-edicion-noviembre","37":"pa_modalidad-online","38":"pa_modalidad-presencial","40":"first","41":"instock","42":"purchasable","43":"product-type-variable"},"_links":{"self":[{"href":"https:\/\/tienda.ismet.es\/index.php\/wp-json\/wp\/v2\/product\/1658","targetHints":{"allow":["GET"]}}],"collection":[{"href":"https:\/\/tienda.ismet.es\/index.php\/wp-json\/wp\/v2\/product"}],"about":[{"href":"https:\/\/tienda.ismet.es\/index.php\/wp-json\/wp\/v2\/types\/product"}],"replies":[{"embeddable":true,"href":"https:\/\/tienda.ismet.es\/index.php\/wp-json\/wp\/v2\/comments?post=1658"}],"wp:featuredmedia":[{"embeddable":true,"href":"https:\/\/tienda.ismet.es\/index.php\/wp-json\/wp\/v2\/media\/8596"}],"wp:attachment":[{"href":"https:\/\/tienda.ismet.es\/index.php\/wp-json\/wp\/v2\/media?parent=1658"}],"wp:term":[{"taxonomy":"product_brand","embeddable":true,"href":"https:\/\/tienda.ismet.es\/index.php\/wp-json\/wp\/v2\/product_brand?post=1658"},{"taxonomy":"product_cat","embeddable":true,"href":"https:\/\/tienda.ismet.es\/index.php\/wp-json\/wp\/v2\/product_cat?post=1658"},{"taxonomy":"product_tag","embeddable":true,"href":"https:\/\/tienda.ismet.es\/index.php\/wp-json\/wp\/v2\/product_tag?post=1658"}],"curies":[{"name":"wp","href":"https:\/\/api.w.org\/{rel}","templated":true}]}}