{"id":1657,"date":"2018-09-04T13:40:36","date_gmt":"2018-09-04T12:40:36","guid":{"rendered":"https:\/\/tienda.ismet.es\/index.php\/producto\/ortomolecular-en-parkinson-alzheimer-y-demencia\/"},"modified":"2026-03-11T12:59:31","modified_gmt":"2026-03-11T11:59:31","slug":"ortomolecular-en-parkinson-alzheimer-y-demencia","status":"publish","type":"product","link":"https:\/\/tienda.ismet.es\/index.php\/producto\/ortomolecular-en-parkinson-alzheimer-y-demencia\/","title":{"rendered":"&#8211; Parkinson, Alzheimer y demencia senil con terapia ortomolecular y afines"},"content":{"rendered":"[vc_row][vc_column][vc_video link=&#8221;https:\/\/youtu.be\/d7D7ImdL1Tc&#8221;][vc_column_text]\n<hr \/>\n<div class=\"woocommerce-product-details__short-description\">\n<p class=\"curso\">Las enfermedades neurodegenerativas se est\u00e1n convirtiendo en una verdadera plaga en las sociedades postindustriales y especialmente en la poblaci\u00f3n de la tercera edad. De un modo especial, preocupa el S\u00edndrome de Parkinson, el mal de Alzheimer y la Demencia Senil.<\/p>\n<p class=\"curso\">La Nutrici\u00f3n Ortomolecular ha demostrado, a partir de m\u00faltiples estudios, que tiene un papel preventivo y paliativo muy potente en estas alteraciones.<\/p>\n<hr \/>\n<h4>Objetivos<\/h4>\n<p class=\"curso\">La prevenci\u00f3n y el acompa\u00f1amiento nutricional de estas alteraciones ser\u00e1n enfocadas desde los suplementos nutricionales m\u00e1s efectivos junto a otros de tipo fitoterap\u00e9utico, homeop\u00e1tico, oligo terap\u00e9utico, biosales, etc. que sean de mayor utilidad y dispongan del mayor reconocimiento cient\u00edfico. Daremos a nuestro curso un marcado car\u00e1cter interactivo que invite a la participaci\u00f3n, con abordaje de casos pr\u00e1cticos, pudi\u00e9ndose plantear, dentro de lo razonable, otras terap\u00e9uticas relacionadas a petici\u00f3n del alumnado.<\/p>\n<\/div>\n<hr \/>\n<h4>Programa del Curso<\/h4>\n<ul>\n<li>Diferentes hip\u00f3tesis acerca del envejecimiento.<\/li>\n<li>Nutrici\u00f3n Fito-Ortomolecular y Nutrigen\u00f3mica.<\/li>\n<li>Prevenci\u00f3n y apoyo nutricional del tratamiento en las principales Enfermedades<br \/>\nNeurodegenerativas:<br \/>\n\u2013 Alteraciones de la Memoria y Demencia Senil<br \/>\n\u2013 Enfermedad o S\u00edndrome de Parkinson<br \/>\n\u2013 Enfermedad de Alzheimer<\/li>\n<\/ul>\n<hr \/>\n<p><!--\n\n\n<h4>Impartido por: Enric Ser<\/h4>\n\n\nDiplomado en Terapias Naturales (Universidad Aut\u00f3noma de Barcelona y por el Real centro Universitario Reina M\u00aa Cristina de Madrid). Dr. in Naturopathy por la American University of Natural Medic (Florida\/EUA). T\u00e9cnica Higienista por Nature et Vie (Lorient-France). Profesor titular del \u00e1rea de Terapia Ortomolecular en ISMET. Profesor colaborador en diversos cursos Posgrado de la Escuela Universitaria de Ciencias de la Salud de Vic (Barcelona) y de la Escuela de Enfermer\u00eda Gimbernat (Sant Cugat-Barcelona). Autor de diversos libros ya publicados de Terapia Biol\u00f3gica e Historia de la Medicina y ex-colaborador de distintas publicaciones del sector (Cuerpomente, Vital, Vivir con salud, Diet\u00e9tica y salud). Premio Nacional de Investigaci\u00f3n Educativa del Ministerio de Educaci\u00f3n y Ciencia.-->[\/vc_column_text][\/vc_column][\/vc_row]\n","protected":false},"excerpt":{"rendered":"<p>Modalidad online. <span style=\"color: #7f7dd1;\" data-darkreader-inline-color=\"\"><strong><br \/>\nDel 2 al 31 de marzo 2026.<br \/>\nDel 1 al 30 de abril 2026.<br \/>\nDel 4 al 31 de mayo 2026.<br \/>\nDel 1 al 30 de junio 2026.<br \/>\nDel 1 al 30 de julio 2026.<br \/>\n<\/strong><br \/>\n<\/span><\/p>\n<hr \/>\n<p>La Nutrici\u00f3n Ortomolecular ha demostrado, a partir de m\u00faltiples estudios, que tiene un papel preventivo y paliativo muy potente en estas alteraciones&#8230;. (<a href=\"#tab-description\">Ver m\u00e1s informaci\u00f3n<\/a>)<\/p>\n","protected":false},"featured_media":26602,"comment_status":"open","ping_status":"closed","template":"","meta":{"_joinchat":[]},"product_brand":[],"product_cat":[223,617,82,184,98,180,201,205,202,203,204],"product_tag":[691,565,738,219,328,739,705,737],"class_list":{"0":"post-1657","1":"product","2":"type-product","3":"status-publish","4":"has-post-thumbnail","6":"product_cat-black-friday","7":"product_cat-imagenes-profesores","8":"product_cat-naturopatia","9":"product_cat-alimentacion-saludable","10":"product_cat-cursos","11":"product_cat-online","12":"product_cat-online-marzo","13":"product_cat-online-abril","14":"product_cat-online-mayo","15":"product_cat-online-junio","16":"product_cat-online-julio","17":"product_tag-alzheimer","18":"product_tag-complementacion-nutricional","19":"product_tag-demencia-senil","20":"product_tag-enric-ser","21":"product_tag-nutricion","22":"product_tag-orto","23":"product_tag-ortomolecular","24":"product_tag-parkinson","25":"pa_ediciones-edicion-diciembre","26":"pa_ediciones-edicion-enero","27":"pa_ediciones-edicion-febrero","28":"pa_ediciones-edicion-marzo","29":"pa_ediciones-edicion-abril","30":"pa_ediciones-edicion-mayo","31":"pa_ediciones-edicion-junio","32":"pa_ediciones-edicion-julio","34":"first","35":"instock","36":"purchasable","37":"product-type-variable"},"_links":{"self":[{"href":"https:\/\/tienda.ismet.es\/index.php\/wp-json\/wp\/v2\/product\/1657","targetHints":{"allow":["GET"]}}],"collection":[{"href":"https:\/\/tienda.ismet.es\/index.php\/wp-json\/wp\/v2\/product"}],"about":[{"href":"https:\/\/tienda.ismet.es\/index.php\/wp-json\/wp\/v2\/types\/product"}],"replies":[{"embeddable":true,"href":"https:\/\/tienda.ismet.es\/index.php\/wp-json\/wp\/v2\/comments?post=1657"}],"wp:featuredmedia":[{"embeddable":true,"href":"https:\/\/tienda.ismet.es\/index.php\/wp-json\/wp\/v2\/media\/26602"}],"wp:attachment":[{"href":"https:\/\/tienda.ismet.es\/index.php\/wp-json\/wp\/v2\/media?parent=1657"}],"wp:term":[{"taxonomy":"product_brand","embeddable":true,"href":"https:\/\/tienda.ismet.es\/index.php\/wp-json\/wp\/v2\/product_brand?post=1657"},{"taxonomy":"product_cat","embeddable":true,"href":"https:\/\/tienda.ismet.es\/index.php\/wp-json\/wp\/v2\/product_cat?post=1657"},{"taxonomy":"product_tag","embeddable":true,"href":"https:\/\/tienda.ismet.es\/index.php\/wp-json\/wp\/v2\/product_tag?post=1657"}],"curies":[{"name":"wp","href":"https:\/\/api.w.org\/{rel}","templated":true}]}}