{"id":1644,"date":"2018-09-04T13:40:34","date_gmt":"2018-09-04T12:40:34","guid":{"rendered":"https:\/\/tienda.ismet.es\/index.php\/producto\/cocina-terapeutica-estreimiento-y-molestias-digestivas\/"},"modified":"2026-03-11T13:01:04","modified_gmt":"2026-03-11T12:01:04","slug":"cocina-terapeutica-estreimiento-y-molestias-digestivas","status":"publish","type":"product","link":"https:\/\/tienda.ismet.es\/index.php\/producto\/cocina-terapeutica-estreimiento-y-molestias-digestivas\/","title":{"rendered":"&#8211; Cocina terap\u00e9utica para el tratamiento del estre\u00f1imiento y molestias digestivas"},"content":{"rendered":"[vc_row][vc_column][vc_video link=&#8221;https:\/\/youtu.be\/9Uwiq2kovx8&#8243;][vc_column_text]\n<div class=\"woocommerce-product-details__short-description\">\n<hr \/>\n<p class=\"curso\">La alimentaci\u00f3n es un pilar fundamental para acompa\u00f1ar el tratamiento de todas las enfermedades. Conocer los alimentos indicados y contraindicados para cada patolog\u00eda es primordial.<\/p>\n<p class=\"curso\">La cocina terap\u00e9utica es una gran aliada de la salud. Desde un criterio naturista, conocer\u00e1s los aspectos diet\u00e9ticos fundamentales para tratar la Hipercolesterolemia y el estre\u00f1imiento. Se aportar\u00e1 un dossier con la teor\u00eda y 3 recetas. Incluye: Teor\u00eda , Elaboraci\u00f3n men\u00fa, Degustaci\u00f3n.<\/p>\n<hr \/>\n<h4>Programa del Curso<\/h4>\n<ol>\n<li>Se aportar\u00e1 una lista de alimentos recomendados y no recomendados.<\/li>\n<li>Aprender\u00e1s las recetas que conforman un men\u00fa diario para tratar el estre\u00f1imiento y\/o las molestias digestivas o intestinales.<\/li>\n<li>Estrategias culinarias para disfrutar del placer de comer a pesar de las restricciones terap\u00e9uticas.<\/li>\n<li>En el taller se elaborar\u00e1n 3 recetas terap\u00e9uticas para tratar el estre\u00f1imiento y\/o las molestias digestivas o intestinales.<\/li>\n<\/ol>\n<hr \/>\n<p><!--\n\n\n<h4>Impartido por: Ana Bel\u00e9n Fraile<\/h4>\n\n\nNatur\u00f3pata especializada en diet\u00e9tica y nutrici\u00f3n criterio naturista. Experta en cocina natural.\n--><br \/>\n[\/vc_column_text][\/vc_column][\/vc_row]\n<\/div>\n","protected":false},"excerpt":{"rendered":"<p>Modalidad online.<span style=\"color: #7f7dd1;\" data-darkreader-inline-color=\"\"><br \/>\n<strong>Programando fechas<\/strong><\/span><\/p>\n<hr \/>\n<p>Modalidad presencial. <span style=\"color: #7f7dd1;\" data-darkreader-inline-color=\"\"><strong><br \/>\nProgramando fechas<\/strong><\/span><\/p>\n<p>\u2026 (<a href=\"#tab-description\">Ver m\u00e1s informaci\u00f3n<\/a>)<\/p>\n","protected":false},"featured_media":24302,"comment_status":"open","ping_status":"closed","template":"","meta":{"_joinchat":[]},"product_brand":[],"product_cat":[617,82,184,98],"product_tag":[315,537,889,578,579],"class_list":{"0":"post-1644","1":"product","2":"type-product","3":"status-publish","4":"has-post-thumbnail","6":"product_cat-imagenes-profesores","7":"product_cat-naturopatia","8":"product_cat-alimentacion-saludable","9":"product_cat-cursos","10":"product_tag-alimentacion-saludable","11":"product_tag-cocina-terapeutica","12":"product_tag-curso-cocina","13":"product_tag-estrenimiento","14":"product_tag-molestias-digestivas","15":"pa_ediciones-edicion-febrero","16":"pa_ediciones-edicion-mayo","17":"pa_ediciones-edicion-octubre","18":"pa_modalidad-online","19":"pa_modalidad-presencial","21":"first","22":"instock","23":"product-type-variable"},"_links":{"self":[{"href":"https:\/\/tienda.ismet.es\/index.php\/wp-json\/wp\/v2\/product\/1644","targetHints":{"allow":["GET"]}}],"collection":[{"href":"https:\/\/tienda.ismet.es\/index.php\/wp-json\/wp\/v2\/product"}],"about":[{"href":"https:\/\/tienda.ismet.es\/index.php\/wp-json\/wp\/v2\/types\/product"}],"replies":[{"embeddable":true,"href":"https:\/\/tienda.ismet.es\/index.php\/wp-json\/wp\/v2\/comments?post=1644"}],"wp:featuredmedia":[{"embeddable":true,"href":"https:\/\/tienda.ismet.es\/index.php\/wp-json\/wp\/v2\/media\/24302"}],"wp:attachment":[{"href":"https:\/\/tienda.ismet.es\/index.php\/wp-json\/wp\/v2\/media?parent=1644"}],"wp:term":[{"taxonomy":"product_brand","embeddable":true,"href":"https:\/\/tienda.ismet.es\/index.php\/wp-json\/wp\/v2\/product_brand?post=1644"},{"taxonomy":"product_cat","embeddable":true,"href":"https:\/\/tienda.ismet.es\/index.php\/wp-json\/wp\/v2\/product_cat?post=1644"},{"taxonomy":"product_tag","embeddable":true,"href":"https:\/\/tienda.ismet.es\/index.php\/wp-json\/wp\/v2\/product_tag?post=1644"}],"curies":[{"name":"wp","href":"https:\/\/api.w.org\/{rel}","templated":true}]}}