{"id":1639,"date":"2018-09-04T13:40:33","date_gmt":"2018-09-04T12:40:33","guid":{"rendered":"https:\/\/tienda.ismet.es\/index.php\/producto\/masaje-anticelultico\/"},"modified":"2025-11-20T11:04:35","modified_gmt":"2025-11-20T10:04:35","slug":"masaje-anticelultico","status":"publish","type":"product","link":"https:\/\/tienda.ismet.es\/index.php\/producto\/masaje-anticelultico\/","title":{"rendered":"&#8211; Masaje anticelul\u00edtico"},"content":{"rendered":"[vc_row][vc_column][vc_video link=&#8221;https:\/\/youtu.be\/7QuvPvCUIJY&#8221;][vc_column_text]\n<hr \/>\n<div class=\"woocommerce-product-details__short-description\">\n<ul>\n<li>QU\u00c9 ES LA CELULITIS?<br \/>\nLa celulitis es una afecci\u00f3n de la piel muy com\u00fan que provoca la aparici\u00f3n de protuberancias y hoyuelos. La celulitis o \u2018piel de naranja\u2019 tiende a acumularse sobre todo en caderas, cintura y piernas.<br \/>\nPara eliminarla es necesario practicar ejercicio, llevar una dieta saludable y beber mucha agua. Asimismo, aplicar una buena t\u00e9cnica de masaje anticelul\u00edtico movilizar\u00e1 la grasa, reducir\u00e1 los n\u00f3dulos y ayudar\u00e1 a eliminarlos.<\/li>\n<li>T\u00c9CNICA DEL MASAJE ANTICELUL\u00cdTICO<br \/>\nEsta t\u00e9cnica trabaja el tejido de forma manual y mec\u00e1nica, para la reducci\u00f3n o eliminaci\u00f3n de la grasa o celulitis en diferentes zonas.<br \/>\nCombinaremos t\u00e9cnicas de masaje, drenaje linf\u00e1tico y ventosas, estableciendo un protocolo y orden que favorezca la reducci\u00f3n y la eliminaci\u00f3n.<br \/>\nLas t\u00e9cnicas de quiromasaje y drenaje linf\u00e1tico, combinadas son muy efectivas para el abordaje del tejido graso.<br \/>\nEstableciendo un protocolo que comienza con quiromasaje en la preparaci\u00f3n de las zonas a trabajar, a continuaci\u00f3n, profundizaremos y aprenderemos la aplicaci\u00f3n de la ventosa, y finalizaremos eliminando toda esa grasa movilizada con la estimulaci\u00f3n del sistema linf\u00e1tico.<br \/>\nEl m\u00e9todo combina dos terapias manuales, drenaje linf\u00e1tico y quiromasaje. Las dos, muy efectivas en el tratamiento de la celulitis. Adem\u00e1s, vamos a practicar con ventosas de diferentes maneras, dependiendo la zona a trabajar.<br \/>\nUn tratamiento muy solicitado, especialmente de cara a la \u00e9poca estival.<\/li>\n<\/ul>\n<hr \/>\n<h4>Programa del Curso<\/h4>\n<ol>\n<li>Historia de las ventosas.<\/li>\n<li>Indicaciones y usos.<\/li>\n<li>Acciones del masaje con ventosas.<\/li>\n<li>Contraindicaciones.<\/li>\n<li>T\u00e9cnicas de aplicaci\u00f3n.<\/li>\n<li>Masaje anticelul\u00edtico en extremidades inferiores, (prono y supino), abdomen y gl\u00fateos.<\/li>\n<\/ol>\n<hr \/>\n<p><!--\n\n\n<h4>Impartido por: Montse Espejo<\/h4>\n\n\nQuiromasajista y linfoterapeuta manual.--><\/p>\n[\/vc_column_text][\/vc_column][\/vc_row]\n<\/div>\n","protected":false},"excerpt":{"rendered":"<p>Modalidad presencial. <span style=\"color: #7f7dd1;\" data-darkreader-inline-color=\"\"><br \/>\n<strong>Lunes 18 de mayo 2026.<br \/>\nDe 9:30 a 14:30 h y de 15:30 a 18:30 h.<br \/>\n<\/strong><\/span><\/p>\n<hr \/>\n<p>Precio total: 110 \u20ac.<br \/>\nLas plazas son limitadas. Es necesario reservar con antelaci\u00f3n y abonar 50\u20ac del importe. (El importe no se devolver\u00e1 en caso de anulaci\u00f3n por parte del alumno).<br \/>\nEl importe restante (60\u20ac) se abonar\u00e1 el 1er d\u00eda del curso, en efectivo o tarjeta.<br \/>\nPrecio especial alumnos Quiromasaje ISMET: 82\u20ac.<\/p>\n<hr \/>\n<p>El m\u00e9todo combina dos terapias manuales, drenaje linf\u00e1tico y quiromasaje, las dos, muy efectivas en el tratamiento de la celulitis (<a href=\"#tab-description\">Ver m\u00e1s informaci\u00f3n<\/a>)<\/p>\n","protected":false},"featured_media":25062,"comment_status":"open","ping_status":"closed","template":"","meta":{"_joinchat":[]},"product_brand":[],"product_cat":[617,89,98,179,198],"product_tag":[432,338,357,899,417,368],"class_list":{"0":"post-1639","1":"product","2":"type-product","3":"status-publish","4":"has-post-thumbnail","6":"product_cat-imagenes-profesores","7":"product_cat-terapias-manuales","8":"product_cat-cursos","9":"product_cat-cursos-presenciales","10":"product_cat-presencial-mayo","11":"product_tag-anticelulitico","12":"product_tag-estetica-natural","13":"product_tag-masaje","14":"product_tag-masaje-anticelulitico","15":"product_tag-montse-espejo","16":"product_tag-terapias-manuales","17":"pa_ediciones-edicion-marzo","18":"pa_ediciones-edicion-junio","19":"pa_ediciones-edicion-septiembre","20":"pa_ediciones-edicion-noviembre","22":"first","23":"instock","24":"purchasable","25":"product-type-simple"},"_links":{"self":[{"href":"https:\/\/tienda.ismet.es\/index.php\/wp-json\/wp\/v2\/product\/1639","targetHints":{"allow":["GET"]}}],"collection":[{"href":"https:\/\/tienda.ismet.es\/index.php\/wp-json\/wp\/v2\/product"}],"about":[{"href":"https:\/\/tienda.ismet.es\/index.php\/wp-json\/wp\/v2\/types\/product"}],"replies":[{"embeddable":true,"href":"https:\/\/tienda.ismet.es\/index.php\/wp-json\/wp\/v2\/comments?post=1639"}],"wp:featuredmedia":[{"embeddable":true,"href":"https:\/\/tienda.ismet.es\/index.php\/wp-json\/wp\/v2\/media\/25062"}],"wp:attachment":[{"href":"https:\/\/tienda.ismet.es\/index.php\/wp-json\/wp\/v2\/media?parent=1639"}],"wp:term":[{"taxonomy":"product_brand","embeddable":true,"href":"https:\/\/tienda.ismet.es\/index.php\/wp-json\/wp\/v2\/product_brand?post=1639"},{"taxonomy":"product_cat","embeddable":true,"href":"https:\/\/tienda.ismet.es\/index.php\/wp-json\/wp\/v2\/product_cat?post=1639"},{"taxonomy":"product_tag","embeddable":true,"href":"https:\/\/tienda.ismet.es\/index.php\/wp-json\/wp\/v2\/product_tag?post=1639"}],"curies":[{"name":"wp","href":"https:\/\/api.w.org\/{rel}","templated":true}]}}