{"id":1632,"date":"2018-09-04T13:40:32","date_gmt":"2018-09-04T12:40:32","guid":{"rendered":"https:\/\/tienda.ismet.es\/index.php\/producto\/tcnica-gua-sha\/"},"modified":"2025-04-23T10:04:35","modified_gmt":"2025-04-23T09:04:35","slug":"tcnica-gua-sha","status":"publish","type":"product","link":"https:\/\/tienda.ismet.es\/index.php\/producto\/tcnica-gua-sha\/","title":{"rendered":"&#8211; T\u00e9cnica Gua-sha"},"content":{"rendered":"[vc_row][vc_column][vc_video link=&#8221;https:\/\/youtu.be\/kw879JToTu4&#8243;][vc_column_text]\n<div class=\"woocommerce-product-details__short-description\">\n<p class=\"curso\">Qu\u00e9 es la t\u00e9cnica GUA-SHA? Es una antigua t\u00e9cnica que se utiliza en Oriente (medicina tradicional China) donde se utilizan utensilios para raspar sobre la piel y actuar as\u00ed sobre las enfermedades. Con esta t\u00e9cnica se consiguen \u201cdrenar\u201c los canales energ\u00e9ticos para que la sangre y el Qi vuelvan a fluir de forma natural o eliminar los factores pat\u00f3genos externos que invaden nuestro cuerpo y que son causante de desequilibrios o enfermedades.<br \/>\nGUA significa raspar y SHA a las enfermedades o la reacci\u00f3n que puede aparecer en la piel luego de utilizar esta t\u00e9cnica.<br \/>\nALGUNAS ENFERMEDADES O DESEQUILIBRIOS M\u00c1S COMUNES QUE SE PUEDEN TRABAJAR CON LA T\u00c9CNICA GUA-SHA:<br \/>\nLesiones antiguas donde se ha perdido movilidad articular u otro tipo de lesiones<br \/>\nEliminar toxinas de determinadas zonas de nuestro cuerpo<br \/>\nDesequilibrios digestivos<br \/>\nEliminar factores pat\u00f3genos externos<br \/>\nEliminar las tensiones actuando sobre tendones y ligamentos<br \/>\nMigra\u00f1as y cefaleas<br \/>\nProblemas respiratorios<br \/>\nDesequilibrios ginecol\u00f3gicos o menstruales<br \/>\nPresi\u00f3n arterial alta<\/p>\n<hr \/>\n<h4>Objetivos<\/h4>\n<p>&gt; Reduce el tiempo necesario para recuperar<br \/>\n&gt; Reduce la necesidad de anti-inflamatorios<br \/>\n&gt; Elimina las adherencias de cicatrices despu\u00e9s de cirug\u00eda<br \/>\n&gt; Efectivo en lesiones cr\u00f3nicas y agudas<br \/>\n&gt; Contracturas cr\u00f3nicas y agudas<br \/>\n&gt; Ligamentos fibrosados<br \/>\n&gt; Liberaci\u00f3n de adherencias en articulaciones<\/p>\n<\/div>\n<hr \/>\n<h4>Programa del Curso<\/h4>\n<p>Tipos de GUA-SHA.<br \/>\nT\u00e9cnicas de manipulaci\u00f3n.<br \/>\nAplicaci\u00f3n a las diferentes zonas o meridianos energ\u00e9ticos.<br \/>\nContraindicaciones.<\/p>\n<hr \/>\n<p><!--\n\n\n<h4>Impartido por: \u00d3scar Geninazzi,<\/h4>\n\n\nGraduado en Medicina Trad. China-Acupuntura. Instructor de Tai Chi Chuan. Quiromasajista. Formaci\u00f3n pr\u00e1ctica en MTC en Nanjing International Acupuncture Hospital (China) y en el Nanjing First Affiliated Hospital (China). Colabora con la Fundaci\u00f3 S\u0101n Qi\u0101ng.-->[\/vc_column_text][\/vc_column][\/vc_row]\n","protected":false},"excerpt":{"rendered":"<p>Modalidad presencial<br \/>\n<span style=\"color: #7f7dd1;\" data-darkreader-inline-color=\"\"><strong>Pr\u00f3ximamente. (7h lectivas).<\/strong><\/span><\/p>\n<hr \/>\n<p><strong>Precio Total: <\/strong> 150\u20ac. Modalidad de pago: reserva de 50\u20ac y 100\u20ac el d\u00eda del taller.<\/p>\n<hr \/>\n<p>Es una antigua t\u00e9cnica que se utiliza en Oriente (medicina tradicional China) donde se utilizan utensilios para raspar sobre la piel y actuar as\u00ed sobre las enfermedades&#8230; (<a href=\"#tab-description\">Ver m\u00e1s informaci\u00f3n<\/a>)<\/p>\n<hr \/>\n","protected":false},"featured_media":11802,"comment_status":"open","ping_status":"closed","template":"","meta":{"_joinchat":[]},"product_brand":[],"product_cat":[617,90,98],"product_tag":[342,334,341,337],"class_list":{"0":"post-1632","1":"product","2":"type-product","3":"status-publish","4":"has-post-thumbnail","6":"product_cat-imagenes-profesores","7":"product_cat-medicina-china-y-acupuntura","8":"product_cat-cursos","9":"product_tag-gua-sha","10":"product_tag-mtc","11":"product_tag-oscar-geninazzi","12":"product_tag-wellness","14":"first","15":"instock","16":"virtual","17":"purchasable","18":"product-type-simple"},"_links":{"self":[{"href":"https:\/\/tienda.ismet.es\/index.php\/wp-json\/wp\/v2\/product\/1632","targetHints":{"allow":["GET"]}}],"collection":[{"href":"https:\/\/tienda.ismet.es\/index.php\/wp-json\/wp\/v2\/product"}],"about":[{"href":"https:\/\/tienda.ismet.es\/index.php\/wp-json\/wp\/v2\/types\/product"}],"replies":[{"embeddable":true,"href":"https:\/\/tienda.ismet.es\/index.php\/wp-json\/wp\/v2\/comments?post=1632"}],"wp:featuredmedia":[{"embeddable":true,"href":"https:\/\/tienda.ismet.es\/index.php\/wp-json\/wp\/v2\/media\/11802"}],"wp:attachment":[{"href":"https:\/\/tienda.ismet.es\/index.php\/wp-json\/wp\/v2\/media?parent=1632"}],"wp:term":[{"taxonomy":"product_brand","embeddable":true,"href":"https:\/\/tienda.ismet.es\/index.php\/wp-json\/wp\/v2\/product_brand?post=1632"},{"taxonomy":"product_cat","embeddable":true,"href":"https:\/\/tienda.ismet.es\/index.php\/wp-json\/wp\/v2\/product_cat?post=1632"},{"taxonomy":"product_tag","embeddable":true,"href":"https:\/\/tienda.ismet.es\/index.php\/wp-json\/wp\/v2\/product_tag?post=1632"}],"curies":[{"name":"wp","href":"https:\/\/api.w.org\/{rel}","templated":true}]}}