{"id":1628,"date":"2018-09-04T13:40:31","date_gmt":"2018-09-04T12:40:31","guid":{"rendered":"https:\/\/tienda.ismet.es\/index.php\/producto\/matricula-master-acupuntura\/"},"modified":"2026-01-12T09:36:38","modified_gmt":"2026-01-12T08:36:38","slug":"matricula-master-acupuntura","status":"publish","type":"product","link":"https:\/\/tienda.ismet.es\/index.php\/producto\/matricula-master-acupuntura\/","title":{"rendered":"&#8211; M\u00e1ster en acupuntura, especializaci\u00f3n en medicina tradicional china"},"content":{"rendered":"[vc_row][vc_column][vc_video link=&#8221;&#8221;][vc_column_text]\n<ul>\n<li class=\"woocommerce-product-details__short-description\"><strong>La Medicina tradicional china<\/strong> se origin\u00f3 hace m\u00e1s de 2 mil a\u00f1os, y consiste en realizar una evaluaci\u00f3n de la situaci\u00f3n energ\u00e9tica del usuario a trav\u00e9s de cuatro m\u00e9todos cl\u00e1sicos de diagn\u00f3stico: observaci\u00f3n, olfato-audici\u00f3n, interrogatorio y palpaci\u00f3n, palpaci\u00f3n del pulso seg\u00fan las teor\u00edas de la Medicina China y visualizaci\u00f3n de la lengua, interpret\u00e1ndolos bajo sus teor\u00edas fundamentales, la teor\u00eda del Yin-Yang, y la teor\u00eda de los cinco elementos, entre otras.<\/li>\n<li class=\"woocommerce-product-details__short-description\"><strong>La acupuntura<\/strong> es una t\u00e9cnica basada en los conocimientos de la medicina china, y actualmente es una profesi\u00f3n de r\u00e1pido crecimiento, ya que cada vez son m\u00e1s las personas que reconocen sus efectos positivos en la salud. La acupuntura<span style=\"font-size: 1rem;\">, adem\u00e1s, es reconocida por la UNESCO como Patrimonio de la humanidad, y recomendada por la OMS como una terapia efectiva para prevenir y tratar un gran n\u00famero de desequilibrios de la salud Ya sea estimulando el flujo de energ\u00eda con agujas, o continuando tu formaci\u00f3n en t\u00e9cnicas como la fitoterapia y dietoterapia de la medicina china, esta formaci\u00f3n te permitir\u00e1 ayudar a las personas a restablecer su equilibrio vital.[\/vc_column_text][\/vc_column][\/vc_row]<\/span><\/li>\n<\/ul>\n","protected":false},"excerpt":{"rendered":"<p>Modalidad presencial. <span style=\"color: #7f7dd1;\" data-darkreader-inline-color=\"\"><br \/>\n<strong>Febrero 2026.<br \/>\n<\/strong><\/span><\/p>\n<hr \/>\n<p><strong>Modalidad de pago: <\/strong>Matr\u00edcula de 290\u20ac (matr\u00edcula) + 1.135 \u20ac. (programa formativo de 1er curso). El importe del curso se domiciliar\u00e1 en 6 pagos<br \/>\n189,17\u20ac\/mes de febrero a agosto inclusive, por domiciliaci\u00f3n bancaria. <\/p>\n<hr \/>\n<p>La acupuntura, adem\u00e1s, es reconocida por la UNESCO como Patrimonio de la humanidad, y recomendada por la OMS como una terapia efectiva&#8230; (<a href=\"#tab-description\">Ver m\u00e1s informaci\u00f3n<\/a>)<\/p>\n<hr \/>\n","protected":false},"featured_media":23707,"comment_status":"open","ping_status":"closed","template":"","meta":{"_joinchat":[]},"product_brand":[],"product_cat":[90,226,186,179,195,225],"product_tag":[320,251,517,334],"class_list":{"0":"post-1628","1":"product","2":"type-product","3":"status-publish","4":"has-post-thumbnail","6":"product_cat-medicina-china-y-acupuntura","7":"product_cat-masters","8":"product_cat-online-febrero","9":"product_cat-cursos-presenciales","10":"product_cat-presencial-febrero","11":"product_cat-programas-formativos","12":"product_tag-acupuntura","13":"product_tag-master","14":"product_tag-medicina-tradicional-china","15":"product_tag-mtc","17":"first","18":"instock","19":"virtual","20":"purchasable","21":"product-type-simple"},"_links":{"self":[{"href":"https:\/\/tienda.ismet.es\/index.php\/wp-json\/wp\/v2\/product\/1628","targetHints":{"allow":["GET"]}}],"collection":[{"href":"https:\/\/tienda.ismet.es\/index.php\/wp-json\/wp\/v2\/product"}],"about":[{"href":"https:\/\/tienda.ismet.es\/index.php\/wp-json\/wp\/v2\/types\/product"}],"replies":[{"embeddable":true,"href":"https:\/\/tienda.ismet.es\/index.php\/wp-json\/wp\/v2\/comments?post=1628"}],"wp:featuredmedia":[{"embeddable":true,"href":"https:\/\/tienda.ismet.es\/index.php\/wp-json\/wp\/v2\/media\/23707"}],"wp:attachment":[{"href":"https:\/\/tienda.ismet.es\/index.php\/wp-json\/wp\/v2\/media?parent=1628"}],"wp:term":[{"taxonomy":"product_brand","embeddable":true,"href":"https:\/\/tienda.ismet.es\/index.php\/wp-json\/wp\/v2\/product_brand?post=1628"},{"taxonomy":"product_cat","embeddable":true,"href":"https:\/\/tienda.ismet.es\/index.php\/wp-json\/wp\/v2\/product_cat?post=1628"},{"taxonomy":"product_tag","embeddable":true,"href":"https:\/\/tienda.ismet.es\/index.php\/wp-json\/wp\/v2\/product_tag?post=1628"}],"curies":[{"name":"wp","href":"https:\/\/api.w.org\/{rel}","templated":true}]}}