{"id":1616,"date":"2018-09-04T13:40:29","date_gmt":"2018-09-04T12:40:29","guid":{"rendered":"https:\/\/tienda.ismet.es\/index.php\/producto\/matricula-master-naturopatia\/"},"modified":"2026-01-15T14:37:10","modified_gmt":"2026-01-15T13:37:10","slug":"master_medicina_naturista","status":"publish","type":"product","link":"https:\/\/tienda.ismet.es\/index.php\/producto\/master_medicina_naturista\/","title":{"rendered":"&#8211; M\u00e1ster en salud integrativa naturista y bases de la psiconeuroinmunolog\u00eda"},"content":{"rendered":"[vc_row][vc_column][vc_video link=&#8221;&#8221;][vc_column_text]\n<div class=\"woocommerce-product-details__short-description\">\n<p class=\"curso\">La Naturopat\u00eda est\u00e1 formada por varias t\u00e9cnicas con un mismo objetivo, mantener o restablecer la salud. As\u00ed pues, el natur\u00f3pata identifica la causa que genera el desequilibrio y facilita el camino a la salud a trav\u00e9s de tratamientos naturales sin efectos secundarios.<\/p>\n[\/vc_column_text][\/vc_column][\/vc_row]\n<\/p><\/div>\n","protected":false},"excerpt":{"rendered":"<p>Modalidad presencial y online. <span style=\"color: #7f7dd1;\" data-darkreader-inline-color=\"\"><br \/>\n<strong>El 8 de enero del 2026<\/strong><\/span><\/p>\n<hr \/>\n<p><strong>Precio total: 3.405\u20ac. (Matr\u00edcula: 290\u20ac + 3.115\u20ac, 1er curso, sin incluir asignaturas optativas)<\/strong><\/p>\n<hr \/>\n<p>La Naturopat\u00eda est\u00e1 formada por varias t\u00e9cnicas con un mismo objetivo, mantener o restablecer la salud&#8230; (<a href=\"#tab-description\"><br \/>\nVer m\u00e1s informaci\u00f3n<\/a>)<\/p>\n<hr \/>\n","protected":false},"featured_media":31420,"comment_status":"open","ping_status":"closed","template":"","meta":{"_joinchat":[]},"product_brand":[],"product_cat":[82,184,98,226,180,185,179,192],"product_tag":[315,251,401,399,681,779],"class_list":{"0":"post-1616","1":"product","2":"type-product","3":"status-publish","4":"has-post-thumbnail","6":"product_cat-naturopatia","7":"product_cat-alimentacion-saludable","8":"product_cat-cursos","9":"product_cat-masters","10":"product_cat-online","11":"product_cat-online-enero","12":"product_cat-cursos-presenciales","13":"product_cat-presencial-enero","14":"product_tag-alimentacion-saludable","15":"product_tag-master","16":"product_tag-medicina-naturista","17":"product_tag-naturopatia","18":"product_tag-salud-integral","19":"product_tag-salud-integrativa","20":"pa_modalidad-online","21":"pa_modalidad-presencial","23":"first","24":"instock","25":"purchasable","26":"product-type-variable"},"_links":{"self":[{"href":"https:\/\/tienda.ismet.es\/index.php\/wp-json\/wp\/v2\/product\/1616","targetHints":{"allow":["GET"]}}],"collection":[{"href":"https:\/\/tienda.ismet.es\/index.php\/wp-json\/wp\/v2\/product"}],"about":[{"href":"https:\/\/tienda.ismet.es\/index.php\/wp-json\/wp\/v2\/types\/product"}],"replies":[{"embeddable":true,"href":"https:\/\/tienda.ismet.es\/index.php\/wp-json\/wp\/v2\/comments?post=1616"}],"wp:featuredmedia":[{"embeddable":true,"href":"https:\/\/tienda.ismet.es\/index.php\/wp-json\/wp\/v2\/media\/31420"}],"wp:attachment":[{"href":"https:\/\/tienda.ismet.es\/index.php\/wp-json\/wp\/v2\/media?parent=1616"}],"wp:term":[{"taxonomy":"product_brand","embeddable":true,"href":"https:\/\/tienda.ismet.es\/index.php\/wp-json\/wp\/v2\/product_brand?post=1616"},{"taxonomy":"product_cat","embeddable":true,"href":"https:\/\/tienda.ismet.es\/index.php\/wp-json\/wp\/v2\/product_cat?post=1616"},{"taxonomy":"product_tag","embeddable":true,"href":"https:\/\/tienda.ismet.es\/index.php\/wp-json\/wp\/v2\/product_tag?post=1616"}],"curies":[{"name":"wp","href":"https:\/\/api.w.org\/{rel}","templated":true}]}}