{"id":1605,"date":"2018-09-04T13:40:27","date_gmt":"2018-09-04T12:40:27","guid":{"rendered":"https:\/\/tienda.ismet.es\/index.php\/producto\/reflexologas-para-el-dolor-lumbar\/"},"modified":"2025-05-07T13:31:48","modified_gmt":"2025-05-07T12:31:48","slug":"reflexologas-para-el-dolor-lumbar","status":"publish","type":"product","link":"https:\/\/tienda.ismet.es\/index.php\/producto\/reflexologas-para-el-dolor-lumbar\/","title":{"rendered":"&#8211; Reflexolog\u00edas para el dolor lumbar: Lumbociatalgias"},"content":{"rendered":"[vc_row][vc_column][vc_video link=&#8221;https:\/\/youtu.be\/xSqhWE8W1jc&#8221;][vc_column_text]\n<hr \/>\n<div class=\"woocommerce-product-details__short-description\">\n<p>En este seminario aprenderemos a trabajar con diferentes tipos de reflexolog\u00edas, como la podal, digital, Facioterapia Dien-Chan, reflexolog\u00eda facial Vietnamita. Es una t\u00e9cnica que puede complementar a cualquier otra terapia o usada por s\u00ed misma para actuar en momentos de urgencia.<br \/>\nEl Curso es te\u00f3rico-pr\u00e1ctico. Las pr\u00e1cticas se realizan en clase con los dem\u00e1s alumnos, realizando y recibiendo<\/p>\n<hr \/>\n<h4>Objetivos<\/h4>\n<ul>\n<li>Aprender de una forma sencilla c\u00f3mo aliviar los s\u00edntomas y las sensaciones f\u00edsicas que provoca una lumbalgia.<\/li>\n<li>Proporcionar a la persona una sensaci\u00f3n de mejor\u00eda tanto en el dolor como en la movilidad.<\/li>\n<li>Relajaci\u00f3n de la tensi\u00f3n muscular de la zona lumbar<\/li>\n<\/ul>\n<\/div>\n<hr \/>\n<h4>Programa del Curso<\/h4>\n<ol>\n<li>Kinesiolog\u00cda aplicada para testar el origen del dolor lumbar<\/li>\n<li>Anatom\u00eda de la columna lumbar y alteraciones habituales<\/li>\n<li>Reflexolog\u00cda en dedos y brazos para el dolor lumbar<\/li>\n<li>Dien Chan- Facioterapia, reflexolog\u00eda facial<\/li>\n<li>Introducci\u00f3n a la Reflexo Podal<\/li>\n<li>Masaje del pie, Sistema esquel\u00e9tico, tratamiento para ciatalgias<\/li>\n<\/ol>\n<hr \/>\n<p><!--\n\n\n<h4>Impartido por: Montse Garc\u00eda<\/h4>\n\n\nQuiromasajista, natur\u00f3pata, experta en reflexoterapia podal y masaje deportivo. Facioterapeuta, formadora certificada en Facioterapia-Dien Chan por el Profesor Dr. B\u00f9i Qu\u00f4c Ch\u00e2u en Espa\u00f1a (2004) y en Ho Chi Minh, en Vietnam (2006 y 2009). Coordinadora de masajistas deportivos en Competiciones de \u00e1mbito nacional e internacional.Premio \u201cSta. \u00c1gueda 2008\u201d, por su dedicaci\u00f3n y trayectoria en el mundo del deporte-->[\/vc_column_text][\/vc_column][\/vc_row]\n","protected":false},"excerpt":{"rendered":"<p>Modalidad presencial. <span style=\"color: #7f7dd1;\"><strong><br \/>\nPlanificando fechas<\/strong><\/span><\/p>\n<hr \/>\n<p><strong>Precio Total: <\/strong>154\u20ac. Se abonar\u00e1 de la siguiente manera: Reserva plaza: 50\u20ac + 104\u20ac, que se abonar\u00e1n el primer d\u00eda de clase, en efectivo o tarjeta, antes de empezar. (IVA incluido).<\/p>\n<hr \/>\n<p>Reflexolog\u00edas para el dolor lumbar: podal, digital, Facioterapia Dien-Cha y Facial Vietnamita&#8230; (<a href=\"#tab-description\">Ver m\u00e1s informaci\u00f3n<\/a>)<\/p>\n","protected":false},"featured_media":23969,"comment_status":"open","ping_status":"closed","template":"","meta":{"_joinchat":[]},"product_brand":[],"product_cat":[617,89,98,179],"product_tag":[436,452,454,451,220,385,453],"class_list":{"0":"post-1605","1":"product","2":"type-product","3":"status-publish","4":"has-post-thumbnail","6":"product_cat-imagenes-profesores","7":"product_cat-terapias-manuales","8":"product_cat-cursos","9":"product_cat-cursos-presenciales","10":"product_tag-dolor","11":"product_tag-dolor-lumbar","12":"product_tag-lumbar","13":"product_tag-lumbociatalgias","14":"product_tag-montse-garcia","15":"product_tag-reflexo","16":"product_tag-reflexologias","18":"first","19":"instock","20":"virtual","21":"purchasable","22":"product-type-simple"},"_links":{"self":[{"href":"https:\/\/tienda.ismet.es\/index.php\/wp-json\/wp\/v2\/product\/1605","targetHints":{"allow":["GET"]}}],"collection":[{"href":"https:\/\/tienda.ismet.es\/index.php\/wp-json\/wp\/v2\/product"}],"about":[{"href":"https:\/\/tienda.ismet.es\/index.php\/wp-json\/wp\/v2\/types\/product"}],"replies":[{"embeddable":true,"href":"https:\/\/tienda.ismet.es\/index.php\/wp-json\/wp\/v2\/comments?post=1605"}],"wp:featuredmedia":[{"embeddable":true,"href":"https:\/\/tienda.ismet.es\/index.php\/wp-json\/wp\/v2\/media\/23969"}],"wp:attachment":[{"href":"https:\/\/tienda.ismet.es\/index.php\/wp-json\/wp\/v2\/media?parent=1605"}],"wp:term":[{"taxonomy":"product_brand","embeddable":true,"href":"https:\/\/tienda.ismet.es\/index.php\/wp-json\/wp\/v2\/product_brand?post=1605"},{"taxonomy":"product_cat","embeddable":true,"href":"https:\/\/tienda.ismet.es\/index.php\/wp-json\/wp\/v2\/product_cat?post=1605"},{"taxonomy":"product_tag","embeddable":true,"href":"https:\/\/tienda.ismet.es\/index.php\/wp-json\/wp\/v2\/product_tag?post=1605"}],"curies":[{"name":"wp","href":"https:\/\/api.w.org\/{rel}","templated":true}]}}