{"id":15966,"date":"2022-11-11T13:05:54","date_gmt":"2022-11-11T12:05:54","guid":{"rendered":"https:\/\/tienda.ismet.es\/?post_type=product&#038;p=15966"},"modified":"2025-08-27T13:08:46","modified_gmt":"2025-08-27T12:08:46","slug":"cupping-facial","status":"publish","type":"product","link":"https:\/\/tienda.ismet.es\/index.php\/producto\/cupping-facial\/","title":{"rendered":"&#8211; Cupping facial"},"content":{"rendered":"[vc_row][vc_column][vc_video link=&#8221;https:\/\/youtu.be\/2khCRD_EZ_Y&#8221;][vc_column_text]\n<hr \/>\n<div class=\"woocommerce-product-details__short-description\">\nEl Cupping Facial es una milenaria t\u00e9cnica de rejuvenecimiento natural muy poderosa. Es un tratamiento natural y no invasivo que consiste en masajes realizados con unas peque\u00f1as copas de silicona, que, a trav\u00e9s de su succi\u00f3n y deslizamiento en las correctas direcciones, regenera los tejidos de la piel, ayuda a estimular el sistema linf\u00e1tico y el riego sangu\u00edneo, a tonificar y elevar la musculatura del rostro, cuello y escote. Se utilizan mini ventosas de diferente tama\u00f1o para crear un vac\u00edo y una succi\u00f3n suave, con un aceite diferente por cada piel, para conseguir desintoxicar, activar la energ\u00eda de la piel, tonificar m\u00fasculos y dermis, equilibrar el sistema nervioso, relajando los 43 m\u00fasculos del rostro, aliviando su tensi\u00f3n y reduciendo los dolores de cabeza y de la ATM causados por el bruxismo y la tensi\u00f3n nocturna. El gran efecto lifting del Cupping Facial se debe al aumento de la producci\u00f3n de col\u00e1geno y elastina, a la estimulaci\u00f3n de la regeneraci\u00f3n celular que favorece a su vez la oxigenaci\u00f3n de la piel y regula la producci\u00f3n seb\u00e1cea. Es una herramienta ideal para lograr una piel saludable y m\u00e1s luminosa, para reducir las l\u00edneas de expresi\u00f3n, arrugas y ojeras, reducir la hinchaz\u00f3n facial y ayudar en problemas de la piel, como el acn\u00e9, y en congestiones nasales como la sinusitis. Es una t\u00e9cnica ideal para tratamientos de rejuvenecimiento facial en nuestra consulta, aunque tambi\u00e9n puede ser usado como auto masaje para lucir nosotras mismas una piel m\u00e1s joven y sana.<\/p>\n<hr \/>\n<h4>Dirigido a<\/h4>\n<p>Este curso est\u00e1 dirigido a terapeutas manuales y naturales, a profesionales de la salud, de la est\u00e9tica y wellness, y a todas aquellas personas interesadas en aprender esta eficaz t\u00e9cnica de rejuvenecimiento de la piel, para su profesi\u00f3n o para auto cuidado. No se necesitan conocimientos previos. Se facilitar\u00e1 toda informaci\u00f3n necesaria para el tratamiento de cupping facial.<\/p>\n<\/div>\n<hr \/>\n<h4>Programa del curso<\/h4>\n<ol>\n<li>\u00a0Introducci\u00f3n al cupping facial.<\/li>\n<li>An\u00e1lisis de los diferentes tama\u00f1o y materiales de las mini ventosas.<\/li>\n<li>Propiedades de los principales aceites utilizados, adecuados a cada tipo de piel.<\/li>\n<li>Recordatorio anat\u00f3mico del sistema linf\u00e1tico, tegumentario y muscular del rostro, cuello y escote.<\/li>\n<li>Dise\u00f1o y frecuencia de un tratamiento.<\/li>\n<li>Beneficios y precauciones.<\/li>\n<li>T\u00e9cnicas del cupping facial.<\/li>\n<li>Protocolo completo del masaje cupping facial a terceros: preparaci\u00f3n de la piel, estimulaci\u00f3n del sistema linf\u00e1tico, maniobras completas en escote, cuello y rostro con las diferentes ventosas, masaje final descongestionante en cuello y cervicales, cuidados finales de la piel.<\/li>\n<li>Protocolo completo de auto masaje de cupping facial.<\/li>\n<li>Cuidado posterior. Objetivos y competencia<\/li>\n<li>Conocer el uso del cupping facial, identificar las necesidades del usuario y dise\u00f1ar un correcto tratamiento personalizado para cada cliente.<\/li>\n<li>Aprender a preparar la piel, saber aplicar correctamente las mini ventosas faciales en todas sus t\u00e9cnicas y en las \u00e1reas de escote, cuello, cara y aprender un breve masaje final descongestionante.<\/li>\n<li>Aprender el protocolo completo de tratamiento y autotratamiento de cupping facial.<\/li>\n<\/ol>\n<hr \/>\n<p><!--\n\n\n<h4>Impartido por: Clara Gasperini.<\/h4>\n\n\nQuiromasajista, Linfoterapeuta, Auriculoterapeuta y Reflex\u00f3loga Podal. Terapeuta Manual y de Est\u00e9tica Natural. Especializada en Terapias Manuales de Bienestar y Ayurveda, masajes, terapias y coach de Nutrici\u00f3n Ayurv\u00e9dica. Experta universitaria en Filosof\u00edas Orientales (por Uni Roma II) y Filosof\u00eda del Yoga, considera las t\u00e9cnicas de respiraci\u00f3n, relajaci\u00f3n y reeducaci\u00f3n postural herramientas necesarias para el mantenimiento y restablecimiento de la salud. Profesora de Yoga, Masaje Tailand\u00e9s y de Estiramientos Terap\u00e9uticos. Desde el 2008 se dedica a las Terapias Naturales y al Crecimiento Personal. Trabaja como Terapeuta Manual, Coach de la Salud y Profesora de Yoga en su estudio de Barcelona.--><\/p>\n[\/vc_column_text][\/vc_column][\/vc_row]\n","protected":false},"excerpt":{"rendered":"<p>Modalidad presencial. <span style=\"color: #7f7dd1;\" data-darkreader-inline-color=\"\"><strong><br \/>\nProgramando fechas<br \/>\n<\/strong><\/span><\/p>\n<p>Precio total: 95\u20ac. Plazas limitadas. <\/p>\n<hr \/>\n<p>Es una herramienta ideal para lograr una piel saludable y m\u00e1s luminosa, para reducir las l\u00edneas de expresi\u00f3n, arrugas y ojeras, reducir la hinchaz\u00f3n facial y ayudar en problemas de la piel, como el acn\u00e9, y en congestiones nasales como la sinusitis.\u2026 (<a href=\"#tab-description\">Ver m\u00e1s informaci\u00f3n<\/a>)<\/p>\n","protected":false},"featured_media":21500,"comment_status":"open","ping_status":"closed","template":"","meta":{"_joinchat":[]},"product_brand":[],"product_cat":[617,89,182,98,179],"product_tag":[355,549,548,344,357,337],"class_list":{"0":"post-15966","1":"product","2":"type-product","3":"status-publish","4":"has-post-thumbnail","6":"product_cat-imagenes-profesores","7":"product_cat-terapias-manuales","8":"product_cat-wellness-y-estetica","9":"product_cat-cursos","10":"product_cat-cursos-presenciales","11":"product_tag-clara-gasperini","12":"product_tag-cupping","13":"product_tag-cupping-facial","14":"product_tag-estetica","15":"product_tag-masaje","16":"product_tag-wellness","17":"pa_ediciones-edicion-diciembre","18":"pa_ediciones-edicion-junio","20":"first","21":"outofstock","22":"virtual","23":"purchasable","24":"product-type-simple"},"_links":{"self":[{"href":"https:\/\/tienda.ismet.es\/index.php\/wp-json\/wp\/v2\/product\/15966","targetHints":{"allow":["GET"]}}],"collection":[{"href":"https:\/\/tienda.ismet.es\/index.php\/wp-json\/wp\/v2\/product"}],"about":[{"href":"https:\/\/tienda.ismet.es\/index.php\/wp-json\/wp\/v2\/types\/product"}],"replies":[{"embeddable":true,"href":"https:\/\/tienda.ismet.es\/index.php\/wp-json\/wp\/v2\/comments?post=15966"}],"wp:featuredmedia":[{"embeddable":true,"href":"https:\/\/tienda.ismet.es\/index.php\/wp-json\/wp\/v2\/media\/21500"}],"wp:attachment":[{"href":"https:\/\/tienda.ismet.es\/index.php\/wp-json\/wp\/v2\/media?parent=15966"}],"wp:term":[{"taxonomy":"product_brand","embeddable":true,"href":"https:\/\/tienda.ismet.es\/index.php\/wp-json\/wp\/v2\/product_brand?post=15966"},{"taxonomy":"product_cat","embeddable":true,"href":"https:\/\/tienda.ismet.es\/index.php\/wp-json\/wp\/v2\/product_cat?post=15966"},{"taxonomy":"product_tag","embeddable":true,"href":"https:\/\/tienda.ismet.es\/index.php\/wp-json\/wp\/v2\/product_tag?post=15966"}],"curies":[{"name":"wp","href":"https:\/\/api.w.org\/{rel}","templated":true}]}}