{"id":15906,"date":"2022-11-08T09:31:40","date_gmt":"2022-11-08T08:31:40","guid":{"rendered":"https:\/\/tienda.ismet.es\/?post_type=product&#038;p=15906"},"modified":"2026-03-11T11:43:13","modified_gmt":"2026-03-11T10:43:13","slug":"cocina-terapeutica-veggie-burgers-proteinas-en-una-dieta-vegetariana","status":"publish","type":"product","link":"https:\/\/tienda.ismet.es\/index.php\/producto\/cocina-terapeutica-veggie-burgers-proteinas-en-una-dieta-vegetariana\/","title":{"rendered":"&#8211; Cocina terap\u00e9utica veggie burgers, prote\u00ednas en una dieta vegetariana"},"content":{"rendered":"[vc_row][vc_column][vc_video link=&#8221;https:\/\/youtu.be\/CKOpEMYC0GM&#8221;][vc_column_text]\n<div class=\"woocommerce-product-details__short-description\">\n<hr \/>\n<p class=\"curso\">Cada vez m\u00e1s personas optan por reducir su consumo de prote\u00edna animal o adoptar una dieta vegetariana o vegana, bien sea para mejorar su salud o porque conocen las implicaciones que la agricultura intensiva genera en nuestro planeta. Pero uno de los temores que tienen aquellos que se inician en una alimentaci\u00f3n principalmente vegetal es la posible carencia de prote\u00ednas, ya que la mayor\u00eda de personas asocia la carne, el pescado, los huevos y los l\u00e1cteos como \u00fanicas fuentes de prote\u00ednas. En este taller explicaremos otras fuentes de prote\u00ednas de origen vegetal y c\u00f3mo garantizar un correcto aporte de prote\u00ednas en nuestra alimentaci\u00f3n y elaboraremos Veggie Burger caseras y deliciosas y varias salsas para acompa\u00f1arlas, dando una alternativa divertida y saludable para tomar prote\u00ednas.<\/p>\n<hr \/>\n<h4>Programa del Curso<\/h4>\n<ol>\n<li>Nutrientes necesarios para la Salud y sus funciones en nuestro organismo.<\/li>\n<li>Prote\u00ednas, amino\u00e1cidos esenciales y no esenciales.<\/li>\n<li>Prote\u00ednas completas e incompletas y combinaciones de prote\u00ednas incompletas para obtener prote\u00edna completa.<\/li>\n<li>Efectos de un consumo excesivo de prote\u00edna en la salud e implicaciones medioambientales y \u00e9ticas.<\/li>\n<li>Los secretos de la Veggie Burgers: bases, saborizantes, ingredientes aglutinantes, salsas para acompa\u00f1arlas, m\u00e9todos de cocci\u00f3n y consejos.<\/li>\n<\/ol>\n<p><!--\n\n\n<h4>Impartido por: Aurora Rom\u00e1n<\/h4>\n\n\nNatur\u00f3pata, especializada en alimentaci\u00f3n saludable. Experta universitaria en Fitoterapia y en Dietoterapia Naturista y Ortomolecular por UCAM. Monitora de T\u00e9cnicas de Relajaci\u00f3n y Control del Estr\u00e9s. Lic. En Ciencias Econ\u00f3micas por UAB. Profesora de Flores de Bach y Naturopat\u00eda Funcional (Oligoterapia y Sales de Sch\u00fcssler) en ISMET.--><\/p>\n[\/vc_column_text][\/vc_column][\/vc_row]\n<\/div>\n","protected":false},"excerpt":{"rendered":"<p>Modalidad online. <span style=\"color: #7f7dd1;\" data-darkreader-inline-color=\"\"><strong>(fechas a escoger)<br \/>\n\u2022 Del 2 al 31 de marzo 2026.<br \/>\n\u2022 Del 1 al 30 de abril 2026.<br \/>\n\u2022 Del 4 al 31 de mayo 2026.<br \/>\n\u2022 Del 1 al 30 de junio 2026.<br \/>\n\u2022 Del 1 al 30 de julio 2026.<br \/>\n<\/strong><\/span><\/p>\n<hr \/>\n<p>Elaboramos Veggie Burgers caseras y deliciosas y varias salsas para acompa\u00f1arlas, dando una alternativa divertida y saludable para tomar prote\u00ednas&#8230; (<a href=\"#tab-description\">Ver m\u00e1s informaci\u00f3n<\/a>)<\/p>\n","protected":false},"featured_media":24398,"comment_status":"open","ping_status":"closed","template":"","meta":{"_joinchat":[]},"product_brand":[],"product_cat":[818,223,617,184,98,180,201,205,202,203,204],"product_tag":[315,505,539,537,538,328,536],"class_list":{"0":"post-15906","1":"product","2":"type-product","3":"status-publish","4":"has-post-thumbnail","6":"product_cat-ideas-de-regalo","7":"product_cat-black-friday","8":"product_cat-imagenes-profesores","9":"product_cat-alimentacion-saludable","10":"product_cat-cursos","11":"product_cat-online","12":"product_cat-online-marzo","13":"product_cat-online-abril","14":"product_cat-online-mayo","15":"product_cat-online-junio","16":"product_cat-online-julio","17":"product_tag-alimentacion-saludable","18":"product_tag-aurora-roman","19":"product_tag-burgers","20":"product_tag-cocina-terapeutica","21":"product_tag-dieta-vegetariana","22":"product_tag-nutricion","23":"product_tag-veggie-burgers","24":"pa_ediciones-edicion-diciembre","25":"pa_ediciones-edicion-enero","26":"pa_ediciones-edicion-febrero","27":"pa_ediciones-edicion-marzo","28":"pa_ediciones-edicion-abril","29":"pa_ediciones-edicion-mayo","30":"pa_ediciones-edicion-junio","31":"pa_ediciones-edicion-julio","32":"pa_ediciones-edicion-septiembre","33":"pa_ediciones-edicion-octubre","34":"pa_ediciones-edicion-noviembre","36":"first","37":"instock","38":"purchasable","39":"product-type-variable"},"_links":{"self":[{"href":"https:\/\/tienda.ismet.es\/index.php\/wp-json\/wp\/v2\/product\/15906","targetHints":{"allow":["GET"]}}],"collection":[{"href":"https:\/\/tienda.ismet.es\/index.php\/wp-json\/wp\/v2\/product"}],"about":[{"href":"https:\/\/tienda.ismet.es\/index.php\/wp-json\/wp\/v2\/types\/product"}],"replies":[{"embeddable":true,"href":"https:\/\/tienda.ismet.es\/index.php\/wp-json\/wp\/v2\/comments?post=15906"}],"wp:featuredmedia":[{"embeddable":true,"href":"https:\/\/tienda.ismet.es\/index.php\/wp-json\/wp\/v2\/media\/24398"}],"wp:attachment":[{"href":"https:\/\/tienda.ismet.es\/index.php\/wp-json\/wp\/v2\/media?parent=15906"}],"wp:term":[{"taxonomy":"product_brand","embeddable":true,"href":"https:\/\/tienda.ismet.es\/index.php\/wp-json\/wp\/v2\/product_brand?post=15906"},{"taxonomy":"product_cat","embeddable":true,"href":"https:\/\/tienda.ismet.es\/index.php\/wp-json\/wp\/v2\/product_cat?post=15906"},{"taxonomy":"product_tag","embeddable":true,"href":"https:\/\/tienda.ismet.es\/index.php\/wp-json\/wp\/v2\/product_tag?post=15906"}],"curies":[{"name":"wp","href":"https:\/\/api.w.org\/{rel}","templated":true}]}}