{"id":15884,"date":"2022-11-07T13:02:02","date_gmt":"2022-11-07T12:02:02","guid":{"rendered":"https:\/\/tienda.ismet.es\/?post_type=product&#038;p=15884"},"modified":"2025-04-23T09:25:10","modified_gmt":"2025-04-23T08:25:10","slug":"shiatsu-en-silla","status":"publish","type":"product","link":"https:\/\/tienda.ismet.es\/index.php\/producto\/shiatsu-en-silla\/","title":{"rendered":"&#8211; Shiatsu en silla"},"content":{"rendered":"[vc_row][vc_column][vc_video link=&#8221;https:\/\/youtu.be\/JE_TeRt6nTU?si=1A0lOA_iKZpqKEGD&#8221;][vc_column_text]\n<div class=\"woocommerce-product-details__short-description\">\n<hr \/>\n<p>\u00bfQu\u00e9 es Shiatsu? Es una terapia manual de origen japon\u00e9s que utiliza los pulgares y las palmas de las manos para aplicar presiones sobre determinadas l\u00edneas de puntos en el cuerpo. Promueve la salud de m\u00fasculos, \u00f3rganos y activa la capacidad de autocuraci\u00f3n del organismo. NO tiene efectos secundarios. El curso es 100 x 100 pr\u00e1ctico. Con este curso aprenderemos un masaje japon\u00e9s aplicado en una silla, con las ventajas que esto supone y la silla puedes ser de cualquier tipo: taburete, plegable o ergon\u00f3mica, pudiendo aplicarse en cualquier lugar, como por ejemplo en un centro de trabajo, oficinas, comedor de casa, en la playa, en una feria para publicitarnos o en tu centro de trabajo, tipo masaje expr\u00e9s.<\/p>\n<hr \/>\n<p><!--\n\n\n<h4>Impartido por: Miguel L\u00f3pez Alarc\u00f3n<\/h4>\n\n\nShiatsu terapeuta y t\u00e9cnicas japonesas-Diplomado en MTCH (Acupuntura) y terapias tradicionales chinas. D.A.P de COFENAT. Formaci\u00f3n complementaria en Quiropr\u00e1ctica, Kinesiolog\u00eda y Oligoterapia.--><\/p>\n[\/vc_column_text][\/vc_column][\/vc_row]\n<\/div>\n","protected":false},"excerpt":{"rendered":"<p>Modalidad presencial. <span style=\"color: #7f7dd1;\" data-darkreader-inline-color=\"\"><br \/>\nprogramando fechas&#8230;<\/span><\/p>\n<hr \/>\n<p>Precio total: 50\u20ac. Las plazas son limitadas, es necesario reservar con antelaci\u00f3n y abonar importe del taller, en efectivo o tarjeta.<\/p>\n<p>En este curso aprenderemos sencillas t\u00e9cnicas de shiatsu y estiramientos aplicados a la cintura escapular, el cuello, la cabeza, las piernas y el abdomen, que podemos realizarnos nosotros mismos&#8230; (<a href=\"#tab-description\">Ver m\u00e1s informaci\u00f3n<\/a>)<\/p>\n","protected":false},"featured_media":23891,"comment_status":"open","ping_status":"closed","template":"","meta":{"_joinchat":[]},"product_brand":[],"product_cat":[617,89,98,179],"product_tag":[357,239,440,534,535,446,519],"class_list":{"0":"post-15884","1":"product","2":"type-product","3":"status-publish","4":"has-post-thumbnail","6":"product_cat-imagenes-profesores","7":"product_cat-terapias-manuales","8":"product_cat-cursos","9":"product_cat-cursos-presenciales","10":"product_tag-masaje","11":"product_tag-miguel-lopez","12":"product_tag-shiatsu","13":"product_tag-shiatsu-en-silla","14":"product_tag-silla","15":"product_tag-tecnicas-japonesas","16":"product_tag-terapia-manual","18":"first","19":"outofstock","20":"virtual","21":"purchasable","22":"product-type-simple"},"_links":{"self":[{"href":"https:\/\/tienda.ismet.es\/index.php\/wp-json\/wp\/v2\/product\/15884","targetHints":{"allow":["GET"]}}],"collection":[{"href":"https:\/\/tienda.ismet.es\/index.php\/wp-json\/wp\/v2\/product"}],"about":[{"href":"https:\/\/tienda.ismet.es\/index.php\/wp-json\/wp\/v2\/types\/product"}],"replies":[{"embeddable":true,"href":"https:\/\/tienda.ismet.es\/index.php\/wp-json\/wp\/v2\/comments?post=15884"}],"wp:featuredmedia":[{"embeddable":true,"href":"https:\/\/tienda.ismet.es\/index.php\/wp-json\/wp\/v2\/media\/23891"}],"wp:attachment":[{"href":"https:\/\/tienda.ismet.es\/index.php\/wp-json\/wp\/v2\/media?parent=15884"}],"wp:term":[{"taxonomy":"product_brand","embeddable":true,"href":"https:\/\/tienda.ismet.es\/index.php\/wp-json\/wp\/v2\/product_brand?post=15884"},{"taxonomy":"product_cat","embeddable":true,"href":"https:\/\/tienda.ismet.es\/index.php\/wp-json\/wp\/v2\/product_cat?post=15884"},{"taxonomy":"product_tag","embeddable":true,"href":"https:\/\/tienda.ismet.es\/index.php\/wp-json\/wp\/v2\/product_tag?post=15884"}],"curies":[{"name":"wp","href":"https:\/\/api.w.org\/{rel}","templated":true}]}}